{"id":5761,"date":"2021-10-14T11:51:04","date_gmt":"2021-10-14T09:51:04","guid":{"rendered":"https:\/\/newmoteuretsens.e-madgin.com\/?post_type=product&#038;p=5761"},"modified":"2021-10-14T11:51:32","modified_gmt":"2021-10-14T09:51:32","slug":"aston-martin-vanquish-volante-576-ch-carbon-boite-8","status":"publish","type":"product","link":"https:\/\/newmoteuretsens.e-madgin.com\/index.php\/produit\/aston-martin-vanquish-volante-576-ch-carbon-boite-8\/","title":{"rendered":"ASTON MARTIN &#8211; Vanquish Volante 576 CH Carbon boite 8"},"content":{"rendered":"<p>Voici peut \u00eatre une des plus belles expression du grand tourisme. Un V12 (et quel V12 !), rond, coupleux, enivrant et d&rsquo;une musicalit\u00e9 exceptionnelle ; une ligne somptueuse, \u00e0 la fois ronde et galb\u00e9e, muscl\u00e9e mais \u00e9l\u00e9gante, une atmosph\u00e8re int\u00e9rieure quasi in\u00e9galable m\u00e9langeant cuir pleine fleur et mat\u00e9riaux nobles, un confort qui ne rend pas les longs trajets probl\u00e9matiques et des performances de haut standing. Du grand tourisme, grand comme le plaisir v\u00e9cu \u00e0 bord. Cheveux aux vents, il faut se pincer pour y croire ! Le V12 dispose d&rsquo;une palette de sonorit\u00e9 hallucinante. La bo\u00eete automatique est enfin \u00e0 la hauteur du V12. Cette ZF 8 rapports est souple et rapide, tout \u00e0 fait en rapport avec ce qu&rsquo;on attends d&rsquo;une GT. De plus notre mod\u00e8le, est une \u00e9dition tr\u00e8s rare \u00a0\u00bbCarbon\u00a0\u00bb. Elle \u00e0 donc cette teinte noire profonde et tous les \u00e9l\u00e9ments carbone possibles et imaginables, renfor\u00e7ant encore son c\u00f4t\u00e9 sport. Les d\u00e9tails int\u00e9rieurs sont \u00e9galement sublimes. Bref, c&rsquo;est une \u0153uvre d&rsquo;art avec en son sein une cath\u00e9drale m\u00e9canique aujourd&rsquo;hui disparue. L&rsquo;auto a \u00e9t\u00e9 derni\u00e8rement r\u00e9vis\u00e9e en 12\/2020 chez Aston Martin Paris.<\/p>\n","protected":false},"excerpt":{"rendered":"<p>Voici peut \u00eatre une des plus belles expression du grand tourisme. Un V12 (et quel V12 !), rond, coupleux, enivrant et d&rsquo;une musicalit\u00e9 exceptionnelle ; une ligne somptueuse, \u00e0 la fois ronde et galb\u00e9e, muscl\u00e9e mais \u00e9l\u00e9gante, une atmosph\u00e8re int\u00e9rieure quasi in\u00e9galable m\u00e9langeant cuir pleine fleur et mat\u00e9riaux nobles, un confort qui ne rend pas [&hellip;]<\/p>\n","protected":false},"featured_media":5762,"comment_status":"open","ping_status":"closed","template":"","meta":[],"product_cat":[25],"product_tag":[],"class_list":["post-5761","product","type-product","status-publish","has-post-thumbnail","hentry","product_cat-aston-martin","entry","has-media"],"_links":{"self":[{"href":"https:\/\/newmoteuretsens.e-madgin.com\/index.php\/wp-json\/wp\/v2\/product\/5761","targetHints":{"allow":["GET"]}}],"collection":[{"href":"https:\/\/newmoteuretsens.e-madgin.com\/index.php\/wp-json\/wp\/v2\/product"}],"about":[{"href":"https:\/\/newmoteuretsens.e-madgin.com\/index.php\/wp-json\/wp\/v2\/types\/product"}],"replies":[{"embeddable":true,"href":"https:\/\/newmoteuretsens.e-madgin.com\/index.php\/wp-json\/wp\/v2\/comments?post=5761"}],"wp:featuredmedia":[{"embeddable":true,"href":"https:\/\/newmoteuretsens.e-madgin.com\/index.php\/wp-json\/wp\/v2\/media\/5762"}],"wp:attachment":[{"href":"https:\/\/newmoteuretsens.e-madgin.com\/index.php\/wp-json\/wp\/v2\/media?parent=5761"}],"wp:term":[{"taxonomy":"product_cat","embeddable":true,"href":"https:\/\/newmoteuretsens.e-madgin.com\/index.php\/wp-json\/wp\/v2\/product_cat?post=5761"},{"taxonomy":"product_tag","embeddable":true,"href":"https:\/\/newmoteuretsens.e-madgin.com\/index.php\/wp-json\/wp\/v2\/product_tag?post=5761"}],"curies":[{"name":"wp","href":"https:\/\/api.w.org\/{rel}","templated":true}]}}