{"id":5710,"date":"2021-10-14T10:32:25","date_gmt":"2021-10-14T08:32:25","guid":{"rendered":"https:\/\/newmoteuretsens.e-madgin.com\/?post_type=product&#038;p=5710"},"modified":"2021-10-14T10:32:26","modified_gmt":"2021-10-14T08:32:26","slug":"porsche-911-type-997-speedster","status":"publish","type":"product","link":"https:\/\/newmoteuretsens.e-madgin.com\/index.php\/produit\/porsche-911-type-997-speedster\/","title":{"rendered":"PORSCHE &#8211; 911 Type 997 Speedster"},"content":{"rendered":"<p>Porsche fait rena\u00eetre sur le mod\u00e8le 997 la lign\u00e9e l\u00e9gendaire des Speedster apparue sur le mod\u00e8le 356. Cette version d\u00e9riv\u00e9e du cabriolet Carrera S est abaiss\u00e9 de 60 mm, r\u00e9cup\u00e8re les voies arri\u00e8re \u00e9largies de 44 mm des versions \u00e0 quatre roues motrices ainsi qu&rsquo;une \u00e9volution de puissance de 23 ch partag\u00e9e avec la Carrera GTS, soit 408 ch au total. Transmission PDK et autobloquant sont fournis de s\u00e9rie, ainsi que les freins c\u00e9ramique PCCB et la suspension active PASM. Surtout, en r\u00e9f\u00e9rence \u00e0 ses glorieuses a\u00een\u00e9es, cette 997 Speedster adopte le pare-brise raccourci, les jantes Fuchs et bien s\u00fbr le fameux double bossage derri\u00e8re les si\u00e8ges. L&rsquo;int\u00e9rieur h\u00e9rite aussi de touches sp\u00e9cifique et propose un \u00e9quipement pl\u00e9thorique. Ainsi elle se d\u00e9marque grandement du reste de la production Porsche. Surtout, elle est r\u00e9ellement limit\u00e9e \u00e0 356 exemplaires, tous d\u00fbment num\u00e9rot\u00e9s, ce qui en fait l&rsquo;une des Porsche les plus rares de la production moderne. Celle porte le num\u00e9ro 323. C&rsquo;est une deuxi\u00e8me main, entretenue rigoureusement chez Porsche. Elle est dans un \u00e9tat neuf, est parfaitement saine et est film\u00e9e int\u00e9gralement. Le blanc Carrera est \u00e9galement plus rare que le Pure Blue.<\/p>\n","protected":false},"excerpt":{"rendered":"<p>Porsche fait rena\u00eetre sur le mod\u00e8le 997 la lign\u00e9e l\u00e9gendaire des Speedster apparue sur le mod\u00e8le 356. Cette version d\u00e9riv\u00e9e du cabriolet Carrera S est abaiss\u00e9 de 60 mm, r\u00e9cup\u00e8re les voies arri\u00e8re \u00e9largies de 44 mm des versions \u00e0 quatre roues motrices ainsi qu&rsquo;une \u00e9volution de puissance de 23 ch partag\u00e9e avec la Carrera [&hellip;]<\/p>\n","protected":false},"featured_media":5711,"comment_status":"open","ping_status":"closed","template":"","meta":[],"product_cat":[21],"product_tag":[],"class_list":["post-5710","product","type-product","status-publish","has-post-thumbnail","hentry","product_cat-porsche","entry","has-media"],"_links":{"self":[{"href":"https:\/\/newmoteuretsens.e-madgin.com\/index.php\/wp-json\/wp\/v2\/product\/5710","targetHints":{"allow":["GET"]}}],"collection":[{"href":"https:\/\/newmoteuretsens.e-madgin.com\/index.php\/wp-json\/wp\/v2\/product"}],"about":[{"href":"https:\/\/newmoteuretsens.e-madgin.com\/index.php\/wp-json\/wp\/v2\/types\/product"}],"replies":[{"embeddable":true,"href":"https:\/\/newmoteuretsens.e-madgin.com\/index.php\/wp-json\/wp\/v2\/comments?post=5710"}],"wp:featuredmedia":[{"embeddable":true,"href":"https:\/\/newmoteuretsens.e-madgin.com\/index.php\/wp-json\/wp\/v2\/media\/5711"}],"wp:attachment":[{"href":"https:\/\/newmoteuretsens.e-madgin.com\/index.php\/wp-json\/wp\/v2\/media?parent=5710"}],"wp:term":[{"taxonomy":"product_cat","embeddable":true,"href":"https:\/\/newmoteuretsens.e-madgin.com\/index.php\/wp-json\/wp\/v2\/product_cat?post=5710"},{"taxonomy":"product_tag","embeddable":true,"href":"https:\/\/newmoteuretsens.e-madgin.com\/index.php\/wp-json\/wp\/v2\/product_tag?post=5710"}],"curies":[{"name":"wp","href":"https:\/\/api.w.org\/{rel}","templated":true}]}}