{"id":5618,"date":"2021-10-14T09:55:26","date_gmt":"2021-10-14T07:55:26","guid":{"rendered":"https:\/\/newmoteuretsens.e-madgin.com\/?post_type=product&#038;p=5618"},"modified":"2021-10-14T09:55:45","modified_gmt":"2021-10-14T07:55:45","slug":"mclaren-650s-coupe","status":"publish","type":"product","link":"https:\/\/newmoteuretsens.e-madgin.com\/index.php\/produit\/mclaren-650s-coupe\/","title":{"rendered":"MCLAREN &#8211; 650S Coup\u00e9"},"content":{"rendered":"<p>Un concentr\u00e9 de technologie, de maitrise et de savoir-faire issu de la comp\u00e9tition. McLaren revoie sa copie MP4 et pr\u00e9sente la 650S, au menu, la fameuse monocoque carbone et le V8 biturbo au souffle in\u00e9puisable. Le look ainsi que la fiabilit\u00e9 sont am\u00e9lior\u00e9s et pour \u00eatre honn\u00eate, cette auto est peut \u00eatre ce qui se fait de mieux dans cette gamme de prix. Performances ahurissantes, look ravageur, exclusivit\u00e9, et d&rsquo;autant plus que notre exemplaire est pr\u00e9sent\u00e9 dans la livr\u00e9e typique des McLaren en Orange. Quant au feeling de direction et au touch\u00e9 de route, on manque de superlatifs pour les d\u00e9crire : pr\u00e9cision, efficacit\u00e9, remont\u00e9 d&rsquo;information chirurgicale ! Notre exemplaire est fran\u00e7ais d&rsquo;origine, en parfait \u00e9tat et pr\u00e9sente un suivi complet chez McLaren. Une r\u00e9vision sera faite chez McLaren Paris pour la vente Entretiens: &#8211; 03\/2016 \u00e0 4 200km chez Mclaren &#8211; 04\/2017 \u00e0 6 700km chez Mclaren &#8211; 02\/2019 \u00e0 16 300km chez Mclaren &#8211; 07\/2020 \u00e0 17 700km chez Mclaren &#8211; Une r\u00e9vision sera faite pour la vente.<\/p>\n","protected":false},"excerpt":{"rendered":"<ul>\n<li>Bluetooth<\/li>\n<li>KeyLess GO<\/li>\n<li>Ciel de toit alcantara<\/li>\n<li>Pack Carbone int\u00e9rieur<\/li>\n<li>Pack Carbone ext\u00e9rieur<\/li>\n<li>R\u00e9gulateur de vitesse<\/li>\n<li>Cam\u00e9ra de recul<\/li>\n<li>Tapis de sol<\/li>\n<li>Seuil de porte en carbone<\/li>\n<li>Soft Close<\/li>\n<li>Int\u00e9rieur cuir\/alcantara<\/li>\n<li>Volant carbone<\/li>\n<li>Syst\u00e8me de capteurs de pressions de pneus<\/li>\n<li>Radars de stationnement avant et arri\u00e8re<\/li>\n<li>Freins c\u00e9ramiques<\/li>\n<li>Carnet d&rsquo;entretien<\/li>\n<li>Si\u00e8ges \u00e9lectriques m\u00e9moires<\/li>\n<li>Si\u00e8ges chauffants<\/li>\n<li>Syst\u00e8me de navigation<\/li>\n<li>Hifi M\u00e9ridian<\/li>\n<li>Echappement sport<\/li>\n<li>Prises d&rsquo;air lat\u00e9rales en Carbone<\/li>\n<li>Rev\u00eatement Side panel en Fibre de carbone logo McLaren<\/li>\n<\/ul>\n","protected":false},"featured_media":5620,"comment_status":"open","ping_status":"closed","template":"","meta":[],"product_cat":[22],"product_tag":[],"class_list":["post-5618","product","type-product","status-publish","has-post-thumbnail","hentry","product_cat-mclaren","entry","has-media"],"_links":{"self":[{"href":"https:\/\/newmoteuretsens.e-madgin.com\/index.php\/wp-json\/wp\/v2\/product\/5618","targetHints":{"allow":["GET"]}}],"collection":[{"href":"https:\/\/newmoteuretsens.e-madgin.com\/index.php\/wp-json\/wp\/v2\/product"}],"about":[{"href":"https:\/\/newmoteuretsens.e-madgin.com\/index.php\/wp-json\/wp\/v2\/types\/product"}],"replies":[{"embeddable":true,"href":"https:\/\/newmoteuretsens.e-madgin.com\/index.php\/wp-json\/wp\/v2\/comments?post=5618"}],"wp:featuredmedia":[{"embeddable":true,"href":"https:\/\/newmoteuretsens.e-madgin.com\/index.php\/wp-json\/wp\/v2\/media\/5620"}],"wp:attachment":[{"href":"https:\/\/newmoteuretsens.e-madgin.com\/index.php\/wp-json\/wp\/v2\/media?parent=5618"}],"wp:term":[{"taxonomy":"product_cat","embeddable":true,"href":"https:\/\/newmoteuretsens.e-madgin.com\/index.php\/wp-json\/wp\/v2\/product_cat?post=5618"},{"taxonomy":"product_tag","embeddable":true,"href":"https:\/\/newmoteuretsens.e-madgin.com\/index.php\/wp-json\/wp\/v2\/product_tag?post=5618"}],"curies":[{"name":"wp","href":"https:\/\/api.w.org\/{rel}","templated":true}]}}