{"id":5507,"date":"2021-10-13T18:56:15","date_gmt":"2021-10-13T16:56:15","guid":{"rendered":"https:\/\/newmoteuretsens.e-madgin.com\/?post_type=product&#038;p=5507"},"modified":"2021-12-20T16:15:28","modified_gmt":"2021-12-20T15:15:28","slug":"mclaren-720s-performance-2","status":"publish","type":"product","link":"https:\/\/newmoteuretsens.e-madgin.com\/index.php\/produit\/mclaren-720s-performance-2\/","title":{"rendered":"MCLAREN &#8211; 720S Performance"},"content":{"rendered":"<p>Sortie en 2017, la 720S succ\u00e8de \u00e0 la 650S dans la gamme des Super Series chez Mclaren. Le moteur V8 Bi-turbo s&rsquo;est vu pass\u00e9 de 3.8L \u00e0 4.0L et d\u00e9veloppe d\u00e9sormais une puissance de 720ch. On reconnait toujours le somptueux coup de crayon de M. Frank Stephenson : designer entre autres de la McLaren P1, qui a optimis\u00e9 l&rsquo;a\u00e9rodynamique au maximum sur cette version, notamment par l&rsquo;utilisation de ses phares avant comme entr\u00e9es d&rsquo;air. Le ch\u00e2ssis en carbone a \u00e9galement \u00e9t\u00e9 modifi\u00e9 (Proactive ch\u00e2ssis control II) pour gagner en l\u00e9g\u00e8ret\u00e9 et rigidit\u00e9 ce qui am\u00e9liore les performances et le comportement g\u00e9n\u00e9ral de l&rsquo;auto. Notre mod\u00e8le, en parfait \u00e9tat, est pr\u00e9sent\u00e9 dans une sublime configuration Saros Blue Elite Metallic int\u00e9rieur en cuir\/alcantara noir avec des surpiq\u00fbres jaunes X\u00e9non de quoi faire ressortir parfaitement ses lignes sportives !<\/p>\n","protected":false},"excerpt":{"rendered":"<p>Comfort Sport Track<br \/>\nFreins en c\u00e9ramique carbone<br \/>\nR\u00e9gulateur de vitesse<br \/>\nSi\u00e8ges sport McLaren<br \/>\nPalettes au volant<br \/>\nEntr\u00e9e sans cl\u00e9<br \/>\nConnectivit\u00e9 USB<br \/>\nPack Stealth<br \/>\nAlarme antivol<br \/>\nPack ext\u00e9rieur en fibre de carbone<br \/>\nVolant alcantara<br \/>\nCam\u00e9ra 360\u00b0<br \/>\naide parking<br \/>\nR\u00e9troviseurs rabattables \u00e9lectriquement<br \/>\nSyst\u00e8me de surveillance de la pression des pneus<br \/>\nJantes alliage moul\u00e9 sport \u00e0 5 rayons 19&Prime;-20&Prime;<br \/>\nMonocage en fibre de carbone<br \/>\nSyst\u00e8me audio McLaren \u00e0 4 Haut-parleurs<br \/>\nSyst\u00e8me audio BOWERS &amp;amp; WILKINS \u00e0 12 haut-parleurs<\/p>\n","protected":false},"featured_media":5533,"comment_status":"open","ping_status":"closed","template":"","meta":[],"product_cat":[22],"product_tag":[],"class_list":["post-5507","product","type-product","status-publish","has-post-thumbnail","hentry","product_cat-mclaren","entry","has-media"],"_links":{"self":[{"href":"https:\/\/newmoteuretsens.e-madgin.com\/index.php\/wp-json\/wp\/v2\/product\/5507","targetHints":{"allow":["GET"]}}],"collection":[{"href":"https:\/\/newmoteuretsens.e-madgin.com\/index.php\/wp-json\/wp\/v2\/product"}],"about":[{"href":"https:\/\/newmoteuretsens.e-madgin.com\/index.php\/wp-json\/wp\/v2\/types\/product"}],"replies":[{"embeddable":true,"href":"https:\/\/newmoteuretsens.e-madgin.com\/index.php\/wp-json\/wp\/v2\/comments?post=5507"}],"wp:featuredmedia":[{"embeddable":true,"href":"https:\/\/newmoteuretsens.e-madgin.com\/index.php\/wp-json\/wp\/v2\/media\/5533"}],"wp:attachment":[{"href":"https:\/\/newmoteuretsens.e-madgin.com\/index.php\/wp-json\/wp\/v2\/media?parent=5507"}],"wp:term":[{"taxonomy":"product_cat","embeddable":true,"href":"https:\/\/newmoteuretsens.e-madgin.com\/index.php\/wp-json\/wp\/v2\/product_cat?post=5507"},{"taxonomy":"product_tag","embeddable":true,"href":"https:\/\/newmoteuretsens.e-madgin.com\/index.php\/wp-json\/wp\/v2\/product_tag?post=5507"}],"curies":[{"name":"wp","href":"https:\/\/api.w.org\/{rel}","templated":true}]}}