{"id":5246,"date":"2021-10-13T13:44:18","date_gmt":"2021-10-13T11:44:18","guid":{"rendered":"https:\/\/newmoteuretsens.e-madgin.com\/?post_type=product&#038;p=5246"},"modified":"2021-10-28T12:38:32","modified_gmt":"2021-10-28T10:38:32","slug":"porsche-991-gt3rs","status":"publish","type":"product","link":"https:\/\/newmoteuretsens.e-madgin.com\/index.php\/produit\/porsche-991-gt3rs\/","title":{"rendered":"PORSCHE &#8211; 991 GT3RS"},"content":{"rendered":"<p>\u00ab\u00a0Voiture de sport \u00e0 moteur atmosph\u00e9rique et concept haut r\u00e9gime, ch\u00e2ssis con\u00e7u pour le circuit\u00a0\u00bb : tel sont les mots d&rsquo;Andreas Preuninger (chef de projet de la GT3 RS) pour d\u00e9crire cette machine \u00e0 chasser le chrono. Avec son ch\u00e2ssis d&rsquo;une efficacit\u00e9 stup\u00e9fiante, un moteur prenant des tours \u00e0 n&rsquo;en plus finir et sa sonorit\u00e9 atypique, la GT3 RS est d\u00e9finitivement la reine de sa cat\u00e9gorie. Notre exemplaire est pr\u00e9sent\u00e9 dans cette tr\u00e8s belle livr\u00e9e Light Grun et est extr\u00eamement bien optionn\u00e9. L&rsquo;auto est en parfaite \u00e9tat et est fraichement r\u00e9vis\u00e9e chez Porsche.<\/p>\n","protected":false},"excerpt":{"rendered":"<p>\u00ab\u00a0Voiture de sport \u00e0 moteur atmosph\u00e9rique et concept haut r\u00e9gime, ch\u00e2ssis con\u00e7u pour le circuit\u00a0\u00bb : tel sont les mots d&rsquo;Andreas Preuninger (chef de projet de la GT3 RS) pour d\u00e9crire cette machine \u00e0 chasser le chrono. Avec son ch\u00e2ssis d&rsquo;une efficacit\u00e9 stup\u00e9fiante, un moteur prenant des tours \u00e0 n&rsquo;en plus finir et sa sonorit\u00e9 [&hellip;]<\/p>\n","protected":false},"featured_media":5247,"comment_status":"open","ping_status":"closed","template":"","meta":[],"product_cat":[21],"product_tag":[],"class_list":["post-5246","product","type-product","status-publish","has-post-thumbnail","hentry","product_cat-porsche","entry","has-media"],"_links":{"self":[{"href":"https:\/\/newmoteuretsens.e-madgin.com\/index.php\/wp-json\/wp\/v2\/product\/5246","targetHints":{"allow":["GET"]}}],"collection":[{"href":"https:\/\/newmoteuretsens.e-madgin.com\/index.php\/wp-json\/wp\/v2\/product"}],"about":[{"href":"https:\/\/newmoteuretsens.e-madgin.com\/index.php\/wp-json\/wp\/v2\/types\/product"}],"replies":[{"embeddable":true,"href":"https:\/\/newmoteuretsens.e-madgin.com\/index.php\/wp-json\/wp\/v2\/comments?post=5246"}],"wp:featuredmedia":[{"embeddable":true,"href":"https:\/\/newmoteuretsens.e-madgin.com\/index.php\/wp-json\/wp\/v2\/media\/5247"}],"wp:attachment":[{"href":"https:\/\/newmoteuretsens.e-madgin.com\/index.php\/wp-json\/wp\/v2\/media?parent=5246"}],"wp:term":[{"taxonomy":"product_cat","embeddable":true,"href":"https:\/\/newmoteuretsens.e-madgin.com\/index.php\/wp-json\/wp\/v2\/product_cat?post=5246"},{"taxonomy":"product_tag","embeddable":true,"href":"https:\/\/newmoteuretsens.e-madgin.com\/index.php\/wp-json\/wp\/v2\/product_tag?post=5246"}],"curies":[{"name":"wp","href":"https:\/\/api.w.org\/{rel}","templated":true}]}}