{"id":5161,"date":"2021-10-13T13:33:40","date_gmt":"2021-10-13T11:33:40","guid":{"rendered":"https:\/\/newmoteuretsens.e-madgin.com\/?post_type=product&#038;p=5161"},"modified":"2021-10-13T13:52:53","modified_gmt":"2021-10-13T11:52:53","slug":"audi-rsq8-tfsi-600-quattro-tiptronic","status":"publish","type":"product","link":"https:\/\/newmoteuretsens.e-madgin.com\/index.php\/produit\/audi-rsq8-tfsi-600-quattro-tiptronic\/","title":{"rendered":"AUDI &#8211; RSQ8 TFSI 600 QUATTRO TIPTRONIC"},"content":{"rendered":"<p>Le RSQ8 est certainement le meilleur rapport entre prix et prestations. Pour une si grosse \u00ab\u00a0b\u00eate\u00a0\u00bb, les performances annonc\u00e9es sont impressionnantes : le RS Q8 atteint les barres de 100 et 200 km\/h en respectivement 3,8 s et 13,7 s.<br \/>\nSous le capot, ce V8 rend 50 chevaux pour afficher tout de m\u00eame une puissance de 600 chevaux et un couple de 800 Nm, constant de 2 000 \u00e0 4 000 tr\/min<br \/>\nLes ing\u00e9nieurs ont adapt\u00e9 les liaisons au sol et la transmission int\u00e9grale aux performances. C\u2019est ainsi que les bras et les berceaux sont fabriqu\u00e9s en grande partie en aluminium et la suspension pneumatique a \u00e9t\u00e9 revue en cons\u00e9quence.<br \/>\nLa configuration de notre mod\u00e8le en Gris Daytona int\u00e9rieur cuir Cricket beige est en accord parfait avec l&rsquo;ADN de ce SUV. La TVA est r\u00e9cup\u00e9rable.<\/p>\n","protected":false},"excerpt":{"rendered":"<p>Le RSQ8 est certainement le meilleur rapport entre prix et prestations. Pour une si grosse \u00ab\u00a0b\u00eate\u00a0\u00bb, les performances annonc\u00e9es sont impressionnantes : le RS Q8 atteint les barres de 100 et 200 km\/h en respectivement 3,8 s et 13,7 s. Sous le capot, ce V8 rend 50 chevaux pour afficher tout de m\u00eame une puissance [&hellip;]<\/p>\n","protected":false},"featured_media":5167,"comment_status":"open","ping_status":"closed","template":"","meta":[],"product_cat":[20],"product_tag":[],"class_list":["post-5161","product","type-product","status-publish","has-post-thumbnail","hentry","product_cat-audi","entry","has-media"],"_links":{"self":[{"href":"https:\/\/newmoteuretsens.e-madgin.com\/index.php\/wp-json\/wp\/v2\/product\/5161","targetHints":{"allow":["GET"]}}],"collection":[{"href":"https:\/\/newmoteuretsens.e-madgin.com\/index.php\/wp-json\/wp\/v2\/product"}],"about":[{"href":"https:\/\/newmoteuretsens.e-madgin.com\/index.php\/wp-json\/wp\/v2\/types\/product"}],"replies":[{"embeddable":true,"href":"https:\/\/newmoteuretsens.e-madgin.com\/index.php\/wp-json\/wp\/v2\/comments?post=5161"}],"wp:featuredmedia":[{"embeddable":true,"href":"https:\/\/newmoteuretsens.e-madgin.com\/index.php\/wp-json\/wp\/v2\/media\/5167"}],"wp:attachment":[{"href":"https:\/\/newmoteuretsens.e-madgin.com\/index.php\/wp-json\/wp\/v2\/media?parent=5161"}],"wp:term":[{"taxonomy":"product_cat","embeddable":true,"href":"https:\/\/newmoteuretsens.e-madgin.com\/index.php\/wp-json\/wp\/v2\/product_cat?post=5161"},{"taxonomy":"product_tag","embeddable":true,"href":"https:\/\/newmoteuretsens.e-madgin.com\/index.php\/wp-json\/wp\/v2\/product_tag?post=5161"}],"curies":[{"name":"wp","href":"https:\/\/api.w.org\/{rel}","templated":true}]}}