{"id":5119,"date":"2021-10-13T13:23:30","date_gmt":"2021-10-13T11:23:30","guid":{"rendered":"https:\/\/newmoteuretsens.e-madgin.com\/?post_type=product&#038;p=5119"},"modified":"2021-12-28T16:05:54","modified_gmt":"2021-12-28T15:05:54","slug":"aston-martin-v12-vantage-s-bvm-7","status":"publish","type":"product","link":"https:\/\/newmoteuretsens.e-madgin.com\/index.php\/produit\/aston-martin-v12-vantage-s-bvm-7\/","title":{"rendered":"ASTON MARTIN &#8211; V12 Vantage S BVM 7"},"content":{"rendered":"<p>Oubliez vos pr\u00e9jug\u00e9s faisant de la marque Anglaise, un artisan sympathique, cantonn\u00e9 \u00e0 des chefs d\u2019\u0153uvres esth\u00e9tique, r\u00e9serv\u00e9s a une client\u00e8le d&rsquo;un certain \u00e2ge. Cette V12 S \u00e0 le diable au corps, et si Dieu existe il est en partie dans ce moteur ! La sonorit\u00e9 est envoutante, le couple \u00e9norme, et le V12 \u00e0 une allonge qui n&rsquo;en finit pas. Peu importe le rapport ou presque, le couple suffira \u00e0 relancer cette silhouette, trapue, muscl\u00e9e, distingu\u00e9e. Le comportement est incisif, la direction remonte bien les informations et l&rsquo;on s&rsquo;\u00e9tonne d&rsquo;autant de dynamisme et d&rsquo;implication dans la conduite. Ceci magnifi\u00e9 en grande partie par la bo\u00eete m\u00e9canique dans toutes les \u00e9tapes de la conduite. Le compteur qui prends des tours, la sonorit\u00e9 qui envahit l&rsquo;habitacle, la boite courte et ferme, l&rsquo;engagement du rapport, la remise des gaz. Voil\u00e0 une bo\u00eete m\u00e9canique qui a VRAIMENT du sens face \u00e0 son homologue robotis\u00e9e. Talon pointe automatique, passage du rapport pied au plancher, elle sait tout faire. Mais une fois \u00e0 l&rsquo;int\u00e9rieur, vous serez tout aussi surpris par la qualit\u00e9 d&rsquo;assemblage et des mat\u00e9riaux utilis\u00e9s. L&rsquo;ambiance g\u00e9n\u00e9rale sportive qui se d\u00e9gage de ce cocon d&rsquo;alcantara et de cuir est unique. Une voiture d&rsquo;amateur, de collectionneur, de passionn\u00e9, d&rsquo;\u00e9picurien.<\/p>\n<p>Notre mod\u00e8le respire l&rsquo;\u00e9l\u00e9gance et la sportivit\u00e9 gr\u00e2ce \u00e0 sa livr\u00e9e Hammerhead Silver int\u00e9rieur cuir\/alcantara noir et une finition en carbone. Configuration exceptionnelle, et voiture fraichement r\u00e9vis\u00e9e chez Aston Martin !<\/p>\n","protected":false},"excerpt":{"rendered":"<ul>\n<li>Etriers de frein noirs<\/li>\n<li>Bluetooth<\/li>\n<li>Ciel de toit en alcantara<\/li>\n<li>Pack Carbone int\u00e9rieur<\/li>\n<li>Pack Carbone ext\u00e9rieur<\/li>\n<li>R\u00e9gulateur de vitesse<\/li>\n<li>tapis de sol<\/li>\n<li>Pare-soleil en alcantara<\/li>\n<li>R\u00e9troviseurs carbone<\/li>\n<li>Int\u00e9rieur cuir\/alcantara<\/li>\n<li>Syst\u00e8me de capteurs de pressions des pneus<\/li>\n<li>Radars de stationnement avant et arri\u00e8re<\/li>\n<li>Freins c\u00e9ramiques<\/li>\n<li>Diffuseur arri\u00e8re carbone<\/li>\n<li>Si\u00e8ges \u00e9lectriques m\u00e9moires<\/li>\n<li>Volant multifonction<\/li>\n<li>Sortie d&rsquo;\u00e9chappement peinte en noir<\/li>\n<li>Navigation<\/li>\n<li>Echappement sport<\/li>\n<li>R\u00e9troviseurs rabattables \u00e9lectriquement<\/li>\n<li>Si\u00e8ges baquets carbone<\/li>\n<li>Levier de vitesse en alcantara<\/li>\n<li>Surpiq\u00fbres contrast\u00e9es<\/li>\n<li>R\u00e9gulateur de vitesse<\/li>\n<li>Si\u00e8ges \u00e9lectriques m\u00e9moires<\/li>\n<li>Hifi Premium 700 watts<\/li>\n<li>Cam\u00e9ra de recul<\/li>\n<\/ul>\n","protected":false},"featured_media":5120,"comment_status":"open","ping_status":"closed","template":"","meta":[],"product_cat":[25],"product_tag":[],"class_list":["post-5119","product","type-product","status-publish","has-post-thumbnail","hentry","product_cat-aston-martin","entry","has-media"],"_links":{"self":[{"href":"https:\/\/newmoteuretsens.e-madgin.com\/index.php\/wp-json\/wp\/v2\/product\/5119","targetHints":{"allow":["GET"]}}],"collection":[{"href":"https:\/\/newmoteuretsens.e-madgin.com\/index.php\/wp-json\/wp\/v2\/product"}],"about":[{"href":"https:\/\/newmoteuretsens.e-madgin.com\/index.php\/wp-json\/wp\/v2\/types\/product"}],"replies":[{"embeddable":true,"href":"https:\/\/newmoteuretsens.e-madgin.com\/index.php\/wp-json\/wp\/v2\/comments?post=5119"}],"wp:featuredmedia":[{"embeddable":true,"href":"https:\/\/newmoteuretsens.e-madgin.com\/index.php\/wp-json\/wp\/v2\/media\/5120"}],"wp:attachment":[{"href":"https:\/\/newmoteuretsens.e-madgin.com\/index.php\/wp-json\/wp\/v2\/media?parent=5119"}],"wp:term":[{"taxonomy":"product_cat","embeddable":true,"href":"https:\/\/newmoteuretsens.e-madgin.com\/index.php\/wp-json\/wp\/v2\/product_cat?post=5119"},{"taxonomy":"product_tag","embeddable":true,"href":"https:\/\/newmoteuretsens.e-madgin.com\/index.php\/wp-json\/wp\/v2\/product_tag?post=5119"}],"curies":[{"name":"wp","href":"https:\/\/api.w.org\/{rel}","templated":true}]}}