{"id":5031,"date":"2021-10-13T13:09:06","date_gmt":"2021-10-13T11:09:06","guid":{"rendered":"https:\/\/newmoteuretsens.e-madgin.com\/?post_type=product&#038;p=5031"},"modified":"2021-12-28T16:06:07","modified_gmt":"2021-12-28T15:06:07","slug":"volswagen-transporter-6-2-0-tdi-204-dsg7-t6-vip","status":"publish","type":"product","link":"https:\/\/newmoteuretsens.e-madgin.com\/index.php\/produit\/volswagen-transporter-6-2-0-tdi-204-dsg7-t6-vip\/","title":{"rendered":"VOLSWAGEN &#8211; Transporter 6 2.0 TDI 204 DSG7 T6 VIP"},"content":{"rendered":"<p>A venir,<\/p>\n","protected":false},"excerpt":{"rendered":"<ul>\n<li>Si\u00e8ges maybach chauffants et ventil\u00e9s<\/li>\n<li>Machine \u00e0 caf\u00e9 \u00e0 commande vocale<\/li>\n<li>Station de recharge sans fil<\/li>\n<li>Apple TV<\/li>\n<li>PlayStation 4<\/li>\n<li>Routeur wifi\/4G<\/li>\n<li>Minibar<\/li>\n<li>2 \u00e9crans plats<\/li>\n<li>Cloison de s\u00e9paration modulable \u00e9lectriquement<\/li>\n<li>Interphone<\/li>\n<li>Syst\u00e8me de HIFI<\/li>\n<li>Pavillon en alcantara<\/li>\n<li>Plafonnier illumin\u00e9<\/li>\n<li>Eclairage d&rsquo;ambiance<\/li>\n<li>Climatisation thermotronic<\/li>\n<li>Rideau \u00e9lectrique<\/li>\n<li>Volant design carbone<\/li>\n<li>Plancher carbone<\/li>\n<li>Coffre-fort<\/li>\n<li>Tablettes escamotables \u00e9lectriquement<\/li>\n<\/ul>\n","protected":false},"featured_media":5032,"comment_status":"open","ping_status":"closed","template":"","meta":[],"product_cat":[331],"product_tag":[],"class_list":["post-5031","product","type-product","status-publish","has-post-thumbnail","hentry","product_cat-volswagen","entry","has-media"],"_links":{"self":[{"href":"https:\/\/newmoteuretsens.e-madgin.com\/index.php\/wp-json\/wp\/v2\/product\/5031","targetHints":{"allow":["GET"]}}],"collection":[{"href":"https:\/\/newmoteuretsens.e-madgin.com\/index.php\/wp-json\/wp\/v2\/product"}],"about":[{"href":"https:\/\/newmoteuretsens.e-madgin.com\/index.php\/wp-json\/wp\/v2\/types\/product"}],"replies":[{"embeddable":true,"href":"https:\/\/newmoteuretsens.e-madgin.com\/index.php\/wp-json\/wp\/v2\/comments?post=5031"}],"wp:featuredmedia":[{"embeddable":true,"href":"https:\/\/newmoteuretsens.e-madgin.com\/index.php\/wp-json\/wp\/v2\/media\/5032"}],"wp:attachment":[{"href":"https:\/\/newmoteuretsens.e-madgin.com\/index.php\/wp-json\/wp\/v2\/media?parent=5031"}],"wp:term":[{"taxonomy":"product_cat","embeddable":true,"href":"https:\/\/newmoteuretsens.e-madgin.com\/index.php\/wp-json\/wp\/v2\/product_cat?post=5031"},{"taxonomy":"product_tag","embeddable":true,"href":"https:\/\/newmoteuretsens.e-madgin.com\/index.php\/wp-json\/wp\/v2\/product_tag?post=5031"}],"curies":[{"name":"wp","href":"https:\/\/api.w.org\/{rel}","templated":true}]}}