{"id":4950,"date":"2021-10-13T12:43:52","date_gmt":"2021-10-13T10:43:52","guid":{"rendered":"https:\/\/newmoteuretsens.e-madgin.com\/?post_type=product&#038;p=4950"},"modified":"2021-12-13T14:35:42","modified_gmt":"2021-12-13T13:35:42","slug":"porsche-911-type-993-carrera-4s","status":"publish","type":"product","link":"https:\/\/newmoteuretsens.e-madgin.com\/index.php\/produit\/porsche-911-type-993-carrera-4s\/","title":{"rendered":"PORSCHE &#8211; 911 type 993 Carrera 4S"},"content":{"rendered":"<p>Ce mod\u00e8le, lanc\u00e9 par Porsche fin 1993, restera au catalogue 4 ans seulement avant que le constructeur allemand ne lance la nouvelle g\u00e9n\u00e9ration de Porsche 911 (la Type 996) en 1998. Une chose est s\u00fbre : cette g\u00e9n\u00e9ration est l\u2019une des \u00e9ditions les plus d\u00e9sirables de l\u2019histoire de ce best-seller. Bien qu\u2019en mati\u00e8re de design, presque seule la ligne de toit reste inchang\u00e9e, ce nouveau mod\u00e8le impressionne par une interpr\u00e9tation enthousiasmante du design 911, dans le plus strict respect de l\u2019ADN de la 911 originel. La Porsche 911 Type 993 sera \u00e9galement l\u2019ultime g\u00e9n\u00e9ration produite par la marque avec le 6 cylindres \u00e0 plat et refroidissement par air, le fameux Flat 6. Notre exemplaire pr\u00e9sent\u00e9 sous cette livr\u00e9e gris polaire est en tr\u00e8s bel \u00e9tat. L&rsquo;auto poss\u00e8de carnet et factures d&rsquo;entretien. Le dernier entretien remonte du mois de mai 2021 \u00e0 136540km.<\/p>\n","protected":false},"excerpt":{"rendered":"<ul>\n<li>Diff\u00e9rentiel autobloquant<\/li>\n<li>Diff\u00e9rentiel autobloquant 40%<\/li>\n<li>Lave-phares<\/li>\n<li>Ceinture de s\u00e9curit\u00e9 automatique \u00e0 3 points<\/li>\n<li>Transmission int\u00e9grale<\/li>\n<li>Roue turbo-look de 18&Prime;<\/li>\n<li>Essuie-glace de lunette<\/li>\n<li>Si\u00e8ges confort \u00e0 r\u00e9glages \u00e9lectriques<\/li>\n<li>Dispositif antivol pour roues<\/li>\n<li>Boite \u00e0 commande manuelle, 6 vitesses<\/li>\n<li>Syst\u00e8me de son<\/li>\n<li>Turbo-look Carrera 4S<\/li>\n<li>S\u00e9curit\u00e9 anti-d\u00e9marrage<\/li>\n<li>Alarme antivol<\/li>\n<li>R\u00e9servoir 75 litres<\/li>\n<li>Airbag c\u00f4t\u00e9 conducteur et c\u00f4t\u00e9 passager<\/li>\n<li>Phares antibrouillard<\/li>\n<li>Climatiseur<\/li>\n<li>D\u00e9flecteur de lunette arri\u00e8re<\/li>\n<li>Feu de stop sur\u00e9lev\u00e9<\/li>\n<li>Appareil de r\u00e9glage pour phares<\/li>\n<li>Toit coulissant \u00e9lectrique<\/li>\n<li>L\u00e8ve-glaces \u00e9lectriques<\/li>\n<li>Direction assist\u00e9e<\/li>\n<li>Radio \u00ab\u00a0Porsche CDR-21\u00a0\u00bb<\/li>\n<li>Garniture de si\u00e8ges AR en cuir souple<\/li>\n<li>Rev\u00eatement de coffre avec tapis en velours<\/li>\n<li>Garnissage cuir \u00e9tendu<\/li>\n<li>Garnitures de si\u00e8ges AV en cuir souple<\/li>\n<li>Coupe circuit<\/li>\n<li>Tube d&rsquo;\u00e9chappement Cup<\/li>\n<\/ul>\n","protected":false},"featured_media":4951,"comment_status":"open","ping_status":"closed","template":"","meta":[],"product_cat":[21],"product_tag":[],"class_list":["post-4950","product","type-product","status-publish","has-post-thumbnail","hentry","product_cat-porsche","entry","has-media"],"_links":{"self":[{"href":"https:\/\/newmoteuretsens.e-madgin.com\/index.php\/wp-json\/wp\/v2\/product\/4950","targetHints":{"allow":["GET"]}}],"collection":[{"href":"https:\/\/newmoteuretsens.e-madgin.com\/index.php\/wp-json\/wp\/v2\/product"}],"about":[{"href":"https:\/\/newmoteuretsens.e-madgin.com\/index.php\/wp-json\/wp\/v2\/types\/product"}],"replies":[{"embeddable":true,"href":"https:\/\/newmoteuretsens.e-madgin.com\/index.php\/wp-json\/wp\/v2\/comments?post=4950"}],"wp:featuredmedia":[{"embeddable":true,"href":"https:\/\/newmoteuretsens.e-madgin.com\/index.php\/wp-json\/wp\/v2\/media\/4951"}],"wp:attachment":[{"href":"https:\/\/newmoteuretsens.e-madgin.com\/index.php\/wp-json\/wp\/v2\/media?parent=4950"}],"wp:term":[{"taxonomy":"product_cat","embeddable":true,"href":"https:\/\/newmoteuretsens.e-madgin.com\/index.php\/wp-json\/wp\/v2\/product_cat?post=4950"},{"taxonomy":"product_tag","embeddable":true,"href":"https:\/\/newmoteuretsens.e-madgin.com\/index.php\/wp-json\/wp\/v2\/product_tag?post=4950"}],"curies":[{"name":"wp","href":"https:\/\/api.w.org\/{rel}","templated":true}]}}