{"id":4799,"date":"2021-10-13T12:11:08","date_gmt":"2021-10-13T10:11:08","guid":{"rendered":"https:\/\/newmoteuretsens.e-madgin.com\/?post_type=product&#038;p=4799"},"modified":"2021-10-13T12:11:08","modified_gmt":"2021-10-13T10:11:08","slug":"lamborghini-aventador-s-2","status":"publish","type":"product","link":"https:\/\/newmoteuretsens.e-madgin.com\/index.php\/produit\/lamborghini-aventador-s-2\/","title":{"rendered":"LAMBORGHINI &#8211; Aventador S"},"content":{"rendered":"<p>Ce mod\u00e8le S est une suite logique. L&rsquo;appellation ne doit rien au hasard. Comme ses a\u00een\u00e9es qui y ont eu droit avant elle, ce badge apporte un surcro\u00eet de performances. L&rsquo;Aventador S est sans contestation possible le \u00ab\u00a0monstre\u00a0\u00bb le plus polyvalent la marque. Quasiment aussi sportif qu&rsquo;une SV, le mod\u00e8le S lui oppose une capacit\u00e9 \u00e0 se plier \u00e0 toutes les utilisations. La modification par rapport \u00e0 l&rsquo;Aventador, a permis de gagner 20% sur le poids de l&rsquo;\u00e9chappement mais elle a \u00e9galement lib\u00e9r\u00e9 la m\u00e9lodie retranscrite par le V12. C&rsquo;est certain que son son ravira les m\u00e9lomanes ! Elle p\u00e9rennise \u00e9galement son talent sportif avec \u00e0 40 ch suppl\u00e9mentaires par rapport \u00e0 la premi\u00e8re LP 700-4. Nous vous pr\u00e9sentons ce magnifique mod\u00e8le en parfait \u00e9tat, \u00e0 jour de r\u00e9vision chez Lamborghini (Derni\u00e8re r\u00e9vision en 06\/2021). En plus d&rsquo;une peinture Grigio Titan Matt, elle poss\u00e8de un int\u00e9rieur en alcantara noir surpiqu\u00e9 orange en total accord avec la marque transalpine.<\/p>\n","protected":false},"excerpt":{"rendered":"<ul>\n<li>Capteurs de stationnement<\/li>\n<li>Cam\u00e9ra de recul<\/li>\n<li>Cache moteur transparent<\/li>\n<li>Ciel du pavillon et encadrement de paris-brise en Alcantara<\/li>\n<li>D\u00e9tails ext\u00e9rieurs visibles en Fibre de carbone<\/li>\n<li>D\u00e9tails int\u00e9rieur en noir brillant<\/li>\n<li>Enjoliveur en Fibre de carbone visible<\/li>\n<li>Etriers de freins Orange<\/li>\n<li>Int\u00e9rieur Sportivo en Alcantara<\/li>\n<li>Jantes alliage Diantus forg\u00e9es noir brillant avec \u00e9crou central Noir<\/li>\n<li>Pack d&rsquo;identification int\u00e9rieur Lamborghini alcantara<\/li>\n<li>Pack visibilit\u00e9 et lumi\u00e8re<\/li>\n<li>Pack Fibre de carbone int\u00e9rieur<\/li>\n<li>Pack voyage<\/li>\n<li>Premium Sound System Sensonum<\/li>\n<li>Si\u00e8ges \u00e9lectriques et chauffants<\/li>\n<li>Volant multifonction avec inserts en cuir su\u00e8de<\/li>\n<\/ul>\n","protected":false},"featured_media":4836,"comment_status":"open","ping_status":"closed","template":"","meta":[],"product_cat":[29],"product_tag":[],"class_list":["post-4799","product","type-product","status-publish","has-post-thumbnail","hentry","product_cat-lamborghini","entry","has-media"],"_links":{"self":[{"href":"https:\/\/newmoteuretsens.e-madgin.com\/index.php\/wp-json\/wp\/v2\/product\/4799","targetHints":{"allow":["GET"]}}],"collection":[{"href":"https:\/\/newmoteuretsens.e-madgin.com\/index.php\/wp-json\/wp\/v2\/product"}],"about":[{"href":"https:\/\/newmoteuretsens.e-madgin.com\/index.php\/wp-json\/wp\/v2\/types\/product"}],"replies":[{"embeddable":true,"href":"https:\/\/newmoteuretsens.e-madgin.com\/index.php\/wp-json\/wp\/v2\/comments?post=4799"}],"wp:featuredmedia":[{"embeddable":true,"href":"https:\/\/newmoteuretsens.e-madgin.com\/index.php\/wp-json\/wp\/v2\/media\/4836"}],"wp:attachment":[{"href":"https:\/\/newmoteuretsens.e-madgin.com\/index.php\/wp-json\/wp\/v2\/media?parent=4799"}],"wp:term":[{"taxonomy":"product_cat","embeddable":true,"href":"https:\/\/newmoteuretsens.e-madgin.com\/index.php\/wp-json\/wp\/v2\/product_cat?post=4799"},{"taxonomy":"product_tag","embeddable":true,"href":"https:\/\/newmoteuretsens.e-madgin.com\/index.php\/wp-json\/wp\/v2\/product_tag?post=4799"}],"curies":[{"name":"wp","href":"https:\/\/api.w.org\/{rel}","templated":true}]}}