{"id":4747,"date":"2021-10-13T12:03:08","date_gmt":"2021-10-13T10:03:08","guid":{"rendered":"https:\/\/newmoteuretsens.e-madgin.com\/?post_type=product&#038;p=4747"},"modified":"2021-10-22T12:07:32","modified_gmt":"2021-10-22T10:07:32","slug":"lamborghini-aventatdor-svj-6-5-770ch","status":"publish","type":"product","link":"https:\/\/newmoteuretsens.e-madgin.com\/index.php\/produit\/lamborghini-aventatdor-svj-6-5-770ch\/","title":{"rendered":"LAMBORGHINI &#8211; Aventatdor SVJ 6.5 770ch"},"content":{"rendered":"<p>V\u00e9ritable vaisseau m\u00e8re, avion de chasse, b\u00eate monstrueuse, les expressions nous manque pour d\u00e9crire l&rsquo;Aventador SVJ tellement cette voiture est hors norme au sein de la production automobile. Ses dimensions sont totalement disproportionn\u00e9es: la longueur d&rsquo;une classe S, la hauteur d&rsquo;une lotus \u00e9lise et la largeur d&rsquo;un Range Rover. Et que dire de son moteur V12, un v\u00e9ritable F\u00e9lin tapis dans l&rsquo;ombre que l&rsquo;on r\u00e9veille d\u00e8s lors qu&rsquo;on presse le bouton start pour la mise \u00e0 feu des machines. Les 4 roues directrices et l&rsquo;a\u00e9ro actif ALA permettent d&rsquo;exploiter au mieux les 770ch et d\u00e9livrer des performances hallucinantes. Notre exemplaire en particulier est exceptionnel de part sa configuration unique : Couleur blue Aegeus Matt AD personam, jantes Dianthus Or Matt Ad personam , int\u00e9rieur sur mesure. La voiture est une premi\u00e8re main d&rsquo;origine fran\u00e7aise d\u00e9j\u00e0 immatricul\u00e9e et malus CO2 acquitt\u00e9, elle est enti\u00e8rement recouverte d&rsquo;un film de protection transparent. Une r\u00e9vision sera faite chez Lamborghini Paris pour la vente.<\/p>\n","protected":false},"excerpt":{"rendered":"<div class=\"options\">\n<ul>\n<li>Etriers de freins rouge<\/li>\n<li>Carnet d&rsquo;entretien<\/li>\n<li>Facture d&rsquo;entretien<\/li>\n<li>Syst\u00e8me de navigation<\/li>\n<li>Assistance parking arri\u00e8re avec cam\u00e9ra de recul<\/li>\n<li>Cache culbuteur Carbone Mat<\/li>\n<li>D\u00e9tails ext\u00e9rieurs visibles, becquet et prise d&rsquo;air fixe en Carbone Mat<\/li>\n<li>Enjoliveur en fibre de carbone visible<\/li>\n<li>Int\u00e9rieur SVJ &#8211; Couleur au choix<\/li>\n<li>Jantes Dianthus OR MATT<\/li>\n<li>Pack visibilit\u00e9 et lumi\u00e8re<\/li>\n<li>Peinture Blue Aegeus Matt color (AD PERSONAM)<\/li>\n<li>R\u00e9troviseurs carbone mat<\/li>\n<li>Tapis de sol carbone<\/li>\n<li>Volant multifonction en Alcantara<\/li>\n<\/ul>\n<\/div>\n<div class=\"config\"><\/div>\n","protected":false},"featured_media":4748,"comment_status":"open","ping_status":"closed","template":"","meta":[],"product_cat":[29],"product_tag":[],"class_list":["post-4747","product","type-product","status-publish","has-post-thumbnail","hentry","product_cat-lamborghini","entry","has-media"],"_links":{"self":[{"href":"https:\/\/newmoteuretsens.e-madgin.com\/index.php\/wp-json\/wp\/v2\/product\/4747","targetHints":{"allow":["GET"]}}],"collection":[{"href":"https:\/\/newmoteuretsens.e-madgin.com\/index.php\/wp-json\/wp\/v2\/product"}],"about":[{"href":"https:\/\/newmoteuretsens.e-madgin.com\/index.php\/wp-json\/wp\/v2\/types\/product"}],"replies":[{"embeddable":true,"href":"https:\/\/newmoteuretsens.e-madgin.com\/index.php\/wp-json\/wp\/v2\/comments?post=4747"}],"wp:featuredmedia":[{"embeddable":true,"href":"https:\/\/newmoteuretsens.e-madgin.com\/index.php\/wp-json\/wp\/v2\/media\/4748"}],"wp:attachment":[{"href":"https:\/\/newmoteuretsens.e-madgin.com\/index.php\/wp-json\/wp\/v2\/media?parent=4747"}],"wp:term":[{"taxonomy":"product_cat","embeddable":true,"href":"https:\/\/newmoteuretsens.e-madgin.com\/index.php\/wp-json\/wp\/v2\/product_cat?post=4747"},{"taxonomy":"product_tag","embeddable":true,"href":"https:\/\/newmoteuretsens.e-madgin.com\/index.php\/wp-json\/wp\/v2\/product_tag?post=4747"}],"curies":[{"name":"wp","href":"https:\/\/api.w.org\/{rel}","templated":true}]}}