{"id":4566,"date":"2021-10-12T13:11:03","date_gmt":"2021-10-12T11:11:03","guid":{"rendered":"https:\/\/newmoteuretsens.e-madgin.com\/?post_type=product&#038;p=4566"},"modified":"2021-10-12T13:11:04","modified_gmt":"2021-10-12T11:11:04","slug":"ferrari-360-modena-spider-f1","status":"publish","type":"product","link":"https:\/\/newmoteuretsens.e-madgin.com\/index.php\/produit\/ferrari-360-modena-spider-f1\/","title":{"rendered":"FERRARI &#8211; 360 Modena Spider F1"},"content":{"rendered":"<p>H\u00e9riti\u00e8re de la Ferrari 355, la Berlinette Modena et sa version Spider re\u00e7oit des ouies d&rsquo;a\u00e9rations plus g\u00e9n\u00e9reuses \u00e0 l&rsquo;amorce des ailes arri\u00e8res ainsi que des grilles de capot surdimensionn\u00e9es par rapport au mod\u00e8le ferm\u00e9. Les arceaux de s\u00e9curit\u00e9 en acier sont encadr\u00e9s de deux car\u00e9nages du meilleur effet. La ligne de ce mod\u00e8le est incroyablement pure et a\u00e9rodynamique, sans d&rsquo;ailerons disgracieux ou autre appendices superflus. Le V8 de 3,5 litres a \u00e9t\u00e9 retravaill\u00e9 pour porter la puissance \u00e0 400 ch et am\u00e9liorer les reprises \u00e0 bas r\u00e9gime. Bloc et culasse en aluminium, bielles en titane, 5 soupapes par cylindre, admission variable: les sorciers de Maranello ont une fois de plus travaill\u00e9 pour le plaisir du pilote en alliant sensations sportives et facilit\u00e9 de conduite. Notre mod\u00e8le re\u00e7oit la livr\u00e9e Argento Nurburgring qui colle parfaitement avec l&rsquo;esprit et les formes de ce spider. Equip\u00e9 de la bo\u00eete F1 propos\u00e9e en option (7660 \u20ac \u00e0 l&rsquo;\u00e9poque), ainsi que les jantes r\u00e9glables (2290\u20ac) . Elle a fait l&rsquo;\u00e9tape d&rsquo;une premi\u00e8re \u00e9tape de certificat classiche et d&rsquo;importants frais ont \u00e9t\u00e9 r\u00e9alis\u00e9s par Ferrari Mulhouse \u00e0 cette occasion il y a un an.<\/p>\n","protected":false},"excerpt":{"rendered":"<ul>\n<li>Logo brod\u00e9s dans les appuies-t\u00eate<\/li>\n<li>Jantes r\u00e9glables 5 rayons<\/li>\n<li>Etriers de freins noir<\/li>\n<\/ul>\n","protected":false},"featured_media":4567,"comment_status":"open","ping_status":"closed","template":"","meta":[],"product_cat":[23],"product_tag":[],"class_list":["post-4566","product","type-product","status-publish","has-post-thumbnail","hentry","product_cat-ferrari","entry","has-media"],"_links":{"self":[{"href":"https:\/\/newmoteuretsens.e-madgin.com\/index.php\/wp-json\/wp\/v2\/product\/4566","targetHints":{"allow":["GET"]}}],"collection":[{"href":"https:\/\/newmoteuretsens.e-madgin.com\/index.php\/wp-json\/wp\/v2\/product"}],"about":[{"href":"https:\/\/newmoteuretsens.e-madgin.com\/index.php\/wp-json\/wp\/v2\/types\/product"}],"replies":[{"embeddable":true,"href":"https:\/\/newmoteuretsens.e-madgin.com\/index.php\/wp-json\/wp\/v2\/comments?post=4566"}],"wp:featuredmedia":[{"embeddable":true,"href":"https:\/\/newmoteuretsens.e-madgin.com\/index.php\/wp-json\/wp\/v2\/media\/4567"}],"wp:attachment":[{"href":"https:\/\/newmoteuretsens.e-madgin.com\/index.php\/wp-json\/wp\/v2\/media?parent=4566"}],"wp:term":[{"taxonomy":"product_cat","embeddable":true,"href":"https:\/\/newmoteuretsens.e-madgin.com\/index.php\/wp-json\/wp\/v2\/product_cat?post=4566"},{"taxonomy":"product_tag","embeddable":true,"href":"https:\/\/newmoteuretsens.e-madgin.com\/index.php\/wp-json\/wp\/v2\/product_tag?post=4566"}],"curies":[{"name":"wp","href":"https:\/\/api.w.org\/{rel}","templated":true}]}}