{"id":4350,"date":"2021-10-11T19:29:51","date_gmt":"2021-10-11T17:29:51","guid":{"rendered":"https:\/\/newmoteuretsens.e-madgin.com\/?post_type=product&#038;p=4350"},"modified":"2021-12-13T14:36:24","modified_gmt":"2021-12-13T13:36:24","slug":"land-rover-range-rover-sport-svr-550ch-2","status":"publish","type":"product","link":"https:\/\/newmoteuretsens.e-madgin.com\/index.php\/produit\/land-rover-range-rover-sport-svr-550ch-2\/","title":{"rendered":"LAND ROVER &#8211; Range Rover Sport SVR 550Ch"},"content":{"rendered":"<p>Greffer le V8 compresseur de la Jaguar F-Type R au Range Sport, voil\u00e0 en bref comment r\u00e9sumer le Range Sport estampill\u00e9 SVR ! La boite de vitesse sign\u00e9e ZF8 et a \u00e9t\u00e9 revue pour la rendre plus rapide. La sonorit\u00e9 est jouissive gr\u00e2ce \u00e0 l&rsquo;\u00e9chappement qui a \u00e9t\u00e9 retravaill\u00e9 et qui conf\u00e8re un suppl\u00e9ment d&rsquo;\u00e2me au SVR compar\u00e9 \u00e0 la plupart de ses concurrents. En usage paisible, on retrouve le plaisir de roulage et un grand confort \u00e0 bord. Que dire de ce look \u00e0 l&rsquo;Anglaise m\u00ealant \u00e9l\u00e9gance, sportivit\u00e9 et robustesse. Notre exemplaire est fran\u00e7ais d&rsquo;origine, fraichement r\u00e9vis\u00e9 chez Land Rover en 03\/2021 \u00e0 67 500km.<\/p>\n","protected":false},"excerpt":{"rendered":"<div class=\"options\">\n<ul>\n<li>Bluetooth<\/li>\n<li>KeyLess GO<\/li>\n<li>Pack Carbone int\u00e9rieur<\/li>\n<li>R\u00e9gulateur de vitesse<\/li>\n<li>Cam\u00e9ra de recul<\/li>\n<li>Radars de stationnement avant et arri\u00e8re<\/li>\n<li>Facture d&rsquo;entretien<\/li>\n<li>Toit ouvrant panoramique<\/li>\n<li>Hifi M\u00e9ridian<\/li>\n<li>Volant chauffant cuir avec inserts carbone<\/li>\n<li>Cache moteur en carbone<\/li>\n<li>Affichage t\u00eate haute<\/li>\n<\/ul>\n<\/div>\n<div class=\"config\"><\/div>\n","protected":false},"featured_media":4351,"comment_status":"open","ping_status":"closed","template":"","meta":[],"product_cat":[32],"product_tag":[],"class_list":["post-4350","product","type-product","status-publish","has-post-thumbnail","hentry","product_cat-land-rover","entry","has-media"],"_links":{"self":[{"href":"https:\/\/newmoteuretsens.e-madgin.com\/index.php\/wp-json\/wp\/v2\/product\/4350","targetHints":{"allow":["GET"]}}],"collection":[{"href":"https:\/\/newmoteuretsens.e-madgin.com\/index.php\/wp-json\/wp\/v2\/product"}],"about":[{"href":"https:\/\/newmoteuretsens.e-madgin.com\/index.php\/wp-json\/wp\/v2\/types\/product"}],"replies":[{"embeddable":true,"href":"https:\/\/newmoteuretsens.e-madgin.com\/index.php\/wp-json\/wp\/v2\/comments?post=4350"}],"wp:featuredmedia":[{"embeddable":true,"href":"https:\/\/newmoteuretsens.e-madgin.com\/index.php\/wp-json\/wp\/v2\/media\/4351"}],"wp:attachment":[{"href":"https:\/\/newmoteuretsens.e-madgin.com\/index.php\/wp-json\/wp\/v2\/media?parent=4350"}],"wp:term":[{"taxonomy":"product_cat","embeddable":true,"href":"https:\/\/newmoteuretsens.e-madgin.com\/index.php\/wp-json\/wp\/v2\/product_cat?post=4350"},{"taxonomy":"product_tag","embeddable":true,"href":"https:\/\/newmoteuretsens.e-madgin.com\/index.php\/wp-json\/wp\/v2\/product_tag?post=4350"}],"curies":[{"name":"wp","href":"https:\/\/api.w.org\/{rel}","templated":true}]}}