{"id":4296,"date":"2021-10-08T17:11:57","date_gmt":"2021-10-08T15:11:57","guid":{"rendered":"https:\/\/newmoteuretsens.e-madgin.com\/?post_type=product&#038;p=4296"},"modified":"2021-10-11T19:23:20","modified_gmt":"2021-10-11T17:23:20","slug":"porsche-911-gt3-type-992","status":"publish","type":"product","link":"https:\/\/newmoteuretsens.e-madgin.com\/index.php\/produit\/porsche-911-gt3-type-992\/","title":{"rendered":"PORSCHE &#8211; 911 GT3 type 992"},"content":{"rendered":"<p>Chaque moteur est bien s\u00fbr diff\u00e9rent, mais celui de la nouvelle Porsche GT3, un flat-six 4,0 l atmosph\u00e9rique issu de la comp\u00e9tition, sort particuli\u00e8rement du lot. Et si sa puissance de 510ch peut sembler l\u00e9g\u00e8re face \u00e0 ses concurrentes, elle lui suffit pour d\u00e9fier des rivales nettement plus muscl\u00e9es sur le N\u00fcrburgring en seulement 6:59.93 minutes. Cette 911 GT3 type 992 puise bel et bien ses g\u00e8nes dans la comp\u00e9tition ! Cette version s&rsquo;adresse aux adeptes de la route et de la piste, avide de sensations et de ressenti de conduite. Notre exemplaire est dans un \u00e9tat neuf, et pr\u00e9sent\u00e9 dans cette sublime livr\u00e9e bleu requin \u00e9quip\u00e9 du pack Club Sport.<\/p>\n","protected":false},"excerpt":{"rendered":"<div class=\"options\">\n<ul>\n<li>Pack Club Sport avec extincteur int\u00e9gr\u00e9<\/li>\n<li>Toit en carbone all\u00e9g\u00e9<\/li>\n<li>R\u00e9troviseurs ext\u00e9rieurs peints en couleur ext\u00e9rieure<\/li>\n<li>Boite de vitesses PDK 7 rapports<\/li>\n<li>Pack Chrono avec pr\u00e9-\u00e9quipement Laptrigger<\/li>\n<li>R\u00e9servoir 90 litres<\/li>\n<li>Syst\u00e8me de levage de l&rsquo;essieu avant<\/li>\n<li>Jantes 911 GT3 20\/21 pouces<\/li>\n<li>Jantes peintes en noir (finition satin\u00e9e)<\/li>\n<li>Phares matriciels \u00e0 LED teint\u00e9s avec PDLS+<\/li>\n<li>R\u00e9troviseurs int\u00e9rieur et ext\u00e9rieur anti-\u00e9blouissement avec capteur de pluie int\u00e9gr\u00e9<\/li>\n<li>Assistance parking avant et arri\u00e8re avec cam\u00e9ra de recul<\/li>\n<li>Si\u00e8ges baquets int\u00e9graux<\/li>\n<li>Cl\u00e9 du v\u00e9hicule peinte et \u00e9tui \u00e0 cl\u00e9 en cuir<\/li>\n<li>Harnais 6 points c\u00f4t\u00e9 passager<\/li>\n<li>Ceintures de s\u00e9curit\u00e9 Bleu Requin<\/li>\n<\/ul>\n<\/div>\n","protected":false},"featured_media":4297,"comment_status":"open","ping_status":"closed","template":"","meta":[],"product_cat":[21],"product_tag":[],"class_list":["post-4296","product","type-product","status-publish","has-post-thumbnail","hentry","product_cat-porsche","entry","has-media"],"_links":{"self":[{"href":"https:\/\/newmoteuretsens.e-madgin.com\/index.php\/wp-json\/wp\/v2\/product\/4296","targetHints":{"allow":["GET"]}}],"collection":[{"href":"https:\/\/newmoteuretsens.e-madgin.com\/index.php\/wp-json\/wp\/v2\/product"}],"about":[{"href":"https:\/\/newmoteuretsens.e-madgin.com\/index.php\/wp-json\/wp\/v2\/types\/product"}],"replies":[{"embeddable":true,"href":"https:\/\/newmoteuretsens.e-madgin.com\/index.php\/wp-json\/wp\/v2\/comments?post=4296"}],"wp:featuredmedia":[{"embeddable":true,"href":"https:\/\/newmoteuretsens.e-madgin.com\/index.php\/wp-json\/wp\/v2\/media\/4297"}],"wp:attachment":[{"href":"https:\/\/newmoteuretsens.e-madgin.com\/index.php\/wp-json\/wp\/v2\/media?parent=4296"}],"wp:term":[{"taxonomy":"product_cat","embeddable":true,"href":"https:\/\/newmoteuretsens.e-madgin.com\/index.php\/wp-json\/wp\/v2\/product_cat?post=4296"},{"taxonomy":"product_tag","embeddable":true,"href":"https:\/\/newmoteuretsens.e-madgin.com\/index.php\/wp-json\/wp\/v2\/product_tag?post=4296"}],"curies":[{"name":"wp","href":"https:\/\/api.w.org\/{rel}","templated":true}]}}