{"id":4260,"date":"2021-10-08T15:15:14","date_gmt":"2021-10-08T13:15:14","guid":{"rendered":"https:\/\/newmoteuretsens.e-madgin.com\/?post_type=product&#038;p=4260"},"modified":"2021-11-24T11:42:43","modified_gmt":"2021-11-24T10:42:43","slug":"ferrari-430-scuderia","status":"publish","type":"product","link":"https:\/\/newmoteuretsens.e-madgin.com\/index.php\/produit\/ferrari-430-scuderia\/","title":{"rendered":"FERRARI &#8211; 430 Scuderia"},"content":{"rendered":"<p>La Ferrari 430 Scuderia a \u00e9t\u00e9 d\u00e9velopp\u00e9e avec la collaboration de Michael Schumacher, c&rsquo;est dire sur la qualit\u00e9 et la technicit\u00e9 qui a \u00e9t\u00e9 apport\u00e9e pour d\u00e9velopper cette version radicale de la F430, qui \u00e9tait \u00e0 l&rsquo;\u00e9poque rivale directe de la Porsche 911 GT2. La nouvelle boite F1 Superfast 2, est 2 fois plus rapide que celle de la F430 normale : temps de passage de rapports 60\u00a0ms, quasiment comparable au passage des rapports d&rsquo;une Formule 1 de cette g\u00e9n\u00e9ration. Son moteur fait office d&rsquo;oeuvre d&rsquo;art sous la vitre en Lexan quand l&rsquo;auto est arr\u00eat\u00e9 et se transforme en v\u00e9ritable pompe \u00e0 feu une fois en action. La scuderia fait une cure de poids (1\u00a0250\u00a0kg) et perds 100\u00a0kg par rapport \u00e0 la version \u00ab\u00a0de base\u00a0\u00bb, notamment gr\u00e2ce \u00e0 l&rsquo;utilisation de carbone dans l&rsquo;habitacle et de titane sur des \u00e9l\u00e9ments de suspension. Le manettino vient sublimer le tout et permet de modifier: les vitesses et lois de changements de rapport ou les r\u00e9glages du diff\u00e9rentiel (le r\u00e9glage des amortisseurs est ind\u00e9pendant conform\u00e9ment au choix de Michael Schumacher). Notre exemplaire est sublime dans cette livr\u00e9e Grigio Scuro. L&rsquo;auto est en parfait \u00e9tat et son embrayage est us\u00e9 \u00e0 35%.<\/p>\n","protected":false},"excerpt":{"rendered":"<ul>\n<li>Extincteur<\/li>\n<li>Etriers de freins jaunes<\/li>\n<li>Cavallino brod\u00e9s dans les appuies t\u00eate<\/li>\n<li>Ecussons d&rsquo;ailes Ferrari Scuderia<\/li>\n<li>Bandes grigio peintes<\/li>\n<li>Arceau &amp; Harnais<\/li>\n<li>Volant Carbon<\/li>\n<li>Couleur historique Ferrari<\/li>\n<\/ul>\n","protected":false},"featured_media":4261,"comment_status":"open","ping_status":"closed","template":"","meta":[],"product_cat":[23],"product_tag":[],"class_list":["post-4260","product","type-product","status-publish","has-post-thumbnail","hentry","product_cat-ferrari","entry","has-media"],"_links":{"self":[{"href":"https:\/\/newmoteuretsens.e-madgin.com\/index.php\/wp-json\/wp\/v2\/product\/4260","targetHints":{"allow":["GET"]}}],"collection":[{"href":"https:\/\/newmoteuretsens.e-madgin.com\/index.php\/wp-json\/wp\/v2\/product"}],"about":[{"href":"https:\/\/newmoteuretsens.e-madgin.com\/index.php\/wp-json\/wp\/v2\/types\/product"}],"replies":[{"embeddable":true,"href":"https:\/\/newmoteuretsens.e-madgin.com\/index.php\/wp-json\/wp\/v2\/comments?post=4260"}],"wp:featuredmedia":[{"embeddable":true,"href":"https:\/\/newmoteuretsens.e-madgin.com\/index.php\/wp-json\/wp\/v2\/media\/4261"}],"wp:attachment":[{"href":"https:\/\/newmoteuretsens.e-madgin.com\/index.php\/wp-json\/wp\/v2\/media?parent=4260"}],"wp:term":[{"taxonomy":"product_cat","embeddable":true,"href":"https:\/\/newmoteuretsens.e-madgin.com\/index.php\/wp-json\/wp\/v2\/product_cat?post=4260"},{"taxonomy":"product_tag","embeddable":true,"href":"https:\/\/newmoteuretsens.e-madgin.com\/index.php\/wp-json\/wp\/v2\/product_tag?post=4260"}],"curies":[{"name":"wp","href":"https:\/\/api.w.org\/{rel}","templated":true}]}}