{"id":4219,"date":"2021-10-08T10:38:57","date_gmt":"2021-10-08T08:38:57","guid":{"rendered":"https:\/\/newmoteuretsens.e-madgin.com\/?post_type=product&#038;p=4219"},"modified":"2021-10-08T10:38:57","modified_gmt":"2021-10-08T08:38:57","slug":"ferrari-testarossa-5-0-v12-monodado","status":"publish","type":"product","link":"https:\/\/newmoteuretsens.e-madgin.com\/index.php\/produit\/ferrari-testarossa-5-0-v12-monodado\/","title":{"rendered":"FERRARI &#8211; Testarossa 5.0 V12 Monodado"},"content":{"rendered":"<p>La Ferrari Testarossa \u00e0 marqu\u00e9 des g\u00e9n\u00e9rations, par sa ligne extravagante, ses stries a\u00e9rodynamique et ses formes g\u00e9n\u00e9reuses, que l&rsquo;on doit \u00e9videmment \u00e0 Pininfarina. Son moteur \u00a0\u00bbflat 12\u00a0\u00bb a \u00e9galement grandement particip\u00e9 \u00e0 sa l\u00e9gende, offrant un agr\u00e9ment incroyable, une sonorit\u00e9 sublime et une sacr\u00e9e souplesse d&rsquo;utilisation. Sans oublier les performances, car tr\u00f4ne au milieu de cet habitacle aujourd&rsquo;hui d\u00e9suet, un compteur gradu\u00e9 jusqu\u2019\u00e0 320 km\/h, qui eux, sont toujours actuels ! L&rsquo;exploit de cette auto \u00e9tant d&rsquo;\u00eatre plut\u00f4t facile a emmener vite et d&rsquo;avoir un comportement sain. Cette voiture a \u00e9t\u00e9 livr\u00e9e neuve en France chez Pozzi Levallois et dispose, ce qui est tr\u00e8s rare, de son carnet d&rsquo;entretien d&rsquo;origine.<\/p>\n","protected":false},"excerpt":{"rendered":"<ul>\n<li>Tapis de sol<\/li>\n<li>Carnet d&rsquo;entretien<\/li>\n<li>Pochette compl\u00e8te<\/li>\n<li>Ecussons Scuderia sur ailes avant<\/li>\n<li>Int\u00e9rieur de porte en cuir<\/li>\n<\/ul>\n","protected":false},"featured_media":4221,"comment_status":"open","ping_status":"closed","template":"","meta":[],"product_cat":[23],"product_tag":[],"class_list":["post-4219","product","type-product","status-publish","has-post-thumbnail","hentry","product_cat-ferrari","entry","has-media"],"_links":{"self":[{"href":"https:\/\/newmoteuretsens.e-madgin.com\/index.php\/wp-json\/wp\/v2\/product\/4219","targetHints":{"allow":["GET"]}}],"collection":[{"href":"https:\/\/newmoteuretsens.e-madgin.com\/index.php\/wp-json\/wp\/v2\/product"}],"about":[{"href":"https:\/\/newmoteuretsens.e-madgin.com\/index.php\/wp-json\/wp\/v2\/types\/product"}],"replies":[{"embeddable":true,"href":"https:\/\/newmoteuretsens.e-madgin.com\/index.php\/wp-json\/wp\/v2\/comments?post=4219"}],"wp:featuredmedia":[{"embeddable":true,"href":"https:\/\/newmoteuretsens.e-madgin.com\/index.php\/wp-json\/wp\/v2\/media\/4221"}],"wp:attachment":[{"href":"https:\/\/newmoteuretsens.e-madgin.com\/index.php\/wp-json\/wp\/v2\/media?parent=4219"}],"wp:term":[{"taxonomy":"product_cat","embeddable":true,"href":"https:\/\/newmoteuretsens.e-madgin.com\/index.php\/wp-json\/wp\/v2\/product_cat?post=4219"},{"taxonomy":"product_tag","embeddable":true,"href":"https:\/\/newmoteuretsens.e-madgin.com\/index.php\/wp-json\/wp\/v2\/product_tag?post=4219"}],"curies":[{"name":"wp","href":"https:\/\/api.w.org\/{rel}","templated":true}]}}