{"id":4125,"date":"2021-10-07T18:50:21","date_gmt":"2021-10-07T16:50:21","guid":{"rendered":"https:\/\/newmoteuretsens.e-madgin.com\/?post_type=product&#038;p=4125"},"modified":"2021-12-13T14:50:33","modified_gmt":"2021-12-13T13:50:33","slug":"lamborghini-gallardo-lp570-4-super-trofeo-stradale","status":"publish","type":"product","link":"https:\/\/newmoteuretsens.e-madgin.com\/index.php\/produit\/lamborghini-gallardo-lp570-4-super-trofeo-stradale\/","title":{"rendered":"LAMBORGHINI &#8211; Gallardo LP570-4 Super Trofeo Stradale"},"content":{"rendered":"<p>La Gallardo Super Trofeo Stradale est comme son nom l&rsquo;indique : une voiture issue de la comp\u00e9tition automobile et homologu\u00e9e pour \u00e9voluer sur la route. Cette version extr\u00eame est pr\u00e9sent\u00e9e en 2011 au salon de Francfort et appara\u00eet comme chant du cygne pour le mod\u00e8le Gallardo chez Lamborghini. Bas\u00e9e sur la voiture de course de la Lamborghini Blancpain, cette Super Trofeo se distingue de la version civilis\u00e9e par un Aileron arri\u00e8re pro\u00e9minent r\u00e9glable manuellement qui apporte plus d&rsquo;appui Aero et une meilleure stabilit\u00e9 \u00e0 forte vitesse. De nombreux kilos sont \u00e9galement sauv\u00e9s, notamment avec l&rsquo;utilisation en masse de fibre de Carbone, un int\u00e9rieur minimaliste en Alcantara \u00ab\u00a0Rosso Mars\u00a0\u00bb ou encore avec le capot moteur en persienne amovible avec syst\u00e8me de d\u00e9gagement rapide. Le somptueux moteur V10 atmosph\u00e9rique quant \u00e0 lui n&rsquo;est plus \u00e0 pr\u00e9senter, une sonorit\u00e9 saisissante et des mont\u00e9es en r\u00e9gime ph\u00e9nom\u00e9nal, quelle claque ! Avec seulement 150 exemplaires dans le monde, tous d\u00fbment num\u00e9rot\u00e9s, notre exemplaire apparait comme un v\u00e9ritable collector avec un kilom\u00e9trage faible, un suivi uniquement Lamborghini et des options carbone int\u00e9rieur qui n&rsquo;\u00e9tait disponible que sur commande.<\/p>\n","protected":false},"excerpt":{"rendered":"<div class=\"options\">\n<ul>\n<li>Ciel de toit alcantara<\/li>\n<li>Pack Carbone int\u00e9rieur<\/li>\n<li>Pack Carbone ext\u00e9rieur<\/li>\n<li>Syst\u00e8me de levage de l&rsquo;essieu avant<\/li>\n<li>R\u00e9troviseurs carbone<\/li>\n<li>Surpiq\u00fbres rouge<\/li>\n<li>Etriers de freins rouge<\/li>\n<li>Carnet d&rsquo;entretien<\/li>\n<li>Facture d&rsquo;entretien<\/li>\n<li>Si\u00e8ges baquets carbone<\/li>\n<li>Volant alcantara avec point milieu Rouge<\/li>\n<li>Aileron r\u00e9glable manuellement<\/li>\n<\/ul>\n<\/div>\n<div class=\"config\"><\/div>\n","protected":false},"featured_media":4126,"comment_status":"open","ping_status":"closed","template":"","meta":[],"product_cat":[29],"product_tag":[],"class_list":["post-4125","product","type-product","status-publish","has-post-thumbnail","hentry","product_cat-lamborghini","entry","has-media"],"_links":{"self":[{"href":"https:\/\/newmoteuretsens.e-madgin.com\/index.php\/wp-json\/wp\/v2\/product\/4125","targetHints":{"allow":["GET"]}}],"collection":[{"href":"https:\/\/newmoteuretsens.e-madgin.com\/index.php\/wp-json\/wp\/v2\/product"}],"about":[{"href":"https:\/\/newmoteuretsens.e-madgin.com\/index.php\/wp-json\/wp\/v2\/types\/product"}],"replies":[{"embeddable":true,"href":"https:\/\/newmoteuretsens.e-madgin.com\/index.php\/wp-json\/wp\/v2\/comments?post=4125"}],"wp:featuredmedia":[{"embeddable":true,"href":"https:\/\/newmoteuretsens.e-madgin.com\/index.php\/wp-json\/wp\/v2\/media\/4126"}],"wp:attachment":[{"href":"https:\/\/newmoteuretsens.e-madgin.com\/index.php\/wp-json\/wp\/v2\/media?parent=4125"}],"wp:term":[{"taxonomy":"product_cat","embeddable":true,"href":"https:\/\/newmoteuretsens.e-madgin.com\/index.php\/wp-json\/wp\/v2\/product_cat?post=4125"},{"taxonomy":"product_tag","embeddable":true,"href":"https:\/\/newmoteuretsens.e-madgin.com\/index.php\/wp-json\/wp\/v2\/product_tag?post=4125"}],"curies":[{"name":"wp","href":"https:\/\/api.w.org\/{rel}","templated":true}]}}