{"id":4074,"date":"2021-10-07T18:46:48","date_gmt":"2021-10-07T16:46:48","guid":{"rendered":"https:\/\/newmoteuretsens.e-madgin.com\/?post_type=product&#038;p=4074"},"modified":"2021-10-22T12:07:55","modified_gmt":"2021-10-22T10:07:55","slug":"ferrari-430-spider-scuderia-16m","status":"publish","type":"product","link":"https:\/\/newmoteuretsens.e-madgin.com\/index.php\/produit\/ferrari-430-spider-scuderia-16m\/","title":{"rendered":"FERRARI &#8211; 430 Spider Scuderia 16M"},"content":{"rendered":"<p>16M comme le 16\u00e8me titre de constructeur en formule 1 pour la Scuderia Ferrari \u00e0 l&rsquo;\u00e9poque de la sortie de cette incroyable berlinette radicale et d\u00e9couvrable \u00e0 moteur V8. Si certaines \u00e9ditions limit\u00e9es sont parfois d\u00e9nu\u00e9es d&rsquo;int\u00e9r\u00eat, ce n&rsquo;est vraiment pas le cas des 499 exemplaires de la 16M qui est une v\u00e9ritable pompe \u00e0 feu avec ce moteur atmosph\u00e9rique prenant des tours \u00e0 n&rsquo;en plus finir, alli\u00e9 \u00e0 la boite F1 qui permet un passage de rapport en 60ms (soit aussi rapide que les F1 en course quelques ann\u00e9es plus t\u00f4t). La scuderia coup\u00e9 avait \u00e9t\u00e9 d\u00e9velopp\u00e9e en collaboration avec un certains Mickael Schumacher, et on retrouve le m\u00eame caract\u00e8re radicale et affut\u00e9 dans cette version spider. Notre exemplaire est pr\u00e9sent\u00e9e dans cette sublime livr\u00e9e Rosso Corsa. L&rsquo;auto est fran\u00e7aise d&rsquo;origine et a toujours \u00e9t\u00e9 suivie chez Ferrari.<\/p>\n","protected":false},"excerpt":{"rendered":"<ul>\n<li>Volant carbone<\/li>\n<li>Logo brod\u00e9s dans les appuies-t\u00eate<\/li>\n<li>Surpiq\u00fbres rouge<\/li>\n<li>Carnet d&rsquo;entretien<\/li>\n<li>Facture d&rsquo;entretien<\/li>\n<li>Ecussons Scuderia sur ailes avant<\/li>\n<li>Fond de compteur jaune<\/li>\n<li>Bandes racing peintes<\/li>\n<li>Etriers de freins noir<\/li>\n<li>Autoradio<\/li>\n<\/ul>\n","protected":false},"featured_media":4075,"comment_status":"open","ping_status":"closed","template":"","meta":[],"product_cat":[23],"product_tag":[],"class_list":["post-4074","product","type-product","status-publish","has-post-thumbnail","hentry","product_cat-ferrari","entry","has-media"],"_links":{"self":[{"href":"https:\/\/newmoteuretsens.e-madgin.com\/index.php\/wp-json\/wp\/v2\/product\/4074","targetHints":{"allow":["GET"]}}],"collection":[{"href":"https:\/\/newmoteuretsens.e-madgin.com\/index.php\/wp-json\/wp\/v2\/product"}],"about":[{"href":"https:\/\/newmoteuretsens.e-madgin.com\/index.php\/wp-json\/wp\/v2\/types\/product"}],"replies":[{"embeddable":true,"href":"https:\/\/newmoteuretsens.e-madgin.com\/index.php\/wp-json\/wp\/v2\/comments?post=4074"}],"wp:featuredmedia":[{"embeddable":true,"href":"https:\/\/newmoteuretsens.e-madgin.com\/index.php\/wp-json\/wp\/v2\/media\/4075"}],"wp:attachment":[{"href":"https:\/\/newmoteuretsens.e-madgin.com\/index.php\/wp-json\/wp\/v2\/media?parent=4074"}],"wp:term":[{"taxonomy":"product_cat","embeddable":true,"href":"https:\/\/newmoteuretsens.e-madgin.com\/index.php\/wp-json\/wp\/v2\/product_cat?post=4074"},{"taxonomy":"product_tag","embeddable":true,"href":"https:\/\/newmoteuretsens.e-madgin.com\/index.php\/wp-json\/wp\/v2\/product_tag?post=4074"}],"curies":[{"name":"wp","href":"https:\/\/api.w.org\/{rel}","templated":true}]}}