{"id":4022,"date":"2021-10-07T18:39:25","date_gmt":"2021-10-07T16:39:25","guid":{"rendered":"https:\/\/newmoteuretsens.e-madgin.com\/?post_type=product&#038;p=4022"},"modified":"2021-11-24T11:43:57","modified_gmt":"2021-11-24T10:43:57","slug":"ferrari-458-speciale-aperta-650ch","status":"publish","type":"product","link":"https:\/\/newmoteuretsens.e-madgin.com\/index.php\/produit\/ferrari-458-speciale-aperta-650ch\/","title":{"rendered":"FERRARI &#8211; 458 Speciale Aperta 650ch"},"content":{"rendered":"<p>Seulement 499 exemplaires au monde, la Speciale Aperta marque l&rsquo;apog\u00e9e de l&rsquo;\u00e8re 458 en reprenant les performances de la 458 Speciale dans un corps de Spider. M\u00eame si cette version p\u00e8se 50 kg de plus que le coup\u00e9, elle n&rsquo;a rien \u00e0 lui envier, que ce soit en termes de performances ou rigidit\u00e9. Le moteur V8 atmosph\u00e9rique est pouss\u00e9 \u00e0 605ch dont on profite de la sonorit\u00e9 \u00e0 ciel ouvert, quel pied ! Notre exemplaire est une premi\u00e8re main fran\u00e7aise incroyablement peu kilom\u00e9tr\u00e9 et dans un \u00e9tat absolument parfait, TVA r\u00e9cuperable.<\/p>\n","protected":false},"excerpt":{"rendered":"<ul>\n<li>Bluetooth<\/li>\n<li>Pack Carbone int\u00e9rieur<\/li>\n<li>Pack Carbone ext\u00e9rieur<\/li>\n<li>Compartiment moteur carbone<\/li>\n<li>Syst\u00e8me de levage de l&rsquo;essieu avant<\/li>\n<li>Cam\u00e9ra de recul<\/li>\n<li>Pare-soleil Alcantara<\/li>\n<li>Seuil de porte en carbone<\/li>\n<li>Volant carbone<\/li>\n<li>Palettes au volant carbone<\/li>\n<li>Syst\u00e8me de capteurs de pressions de pneus<\/li>\n<li>Radars de stationnement avant et arri\u00e8re<\/li>\n<li>Ponton lat\u00e9ral fibre de carbone<\/li>\n<li>Logo brod\u00e9s dans les appuies-t\u00eate<\/li>\n<li>Surpiq\u00fbres rouge<\/li>\n<li>Freins c\u00e9ramiques<\/li>\n<li>Etriers de freins rouge<\/li>\n<li>Carnet d&rsquo;entretien<\/li>\n<li>Facture d&rsquo;entretien<\/li>\n<li>Trousse \u00e0 outils<\/li>\n<li>Pochette compl\u00e8te<\/li>\n<li>Ecussons Scuderia sur ailes avant<\/li>\n<li>Diffuseur arri\u00e8re carbone<\/li>\n<li>Syst\u00e8me de navigation<\/li>\n<li>R\u00e9troviseurs rabattables \u00e9lectriquement<\/li>\n<li>Si\u00e8ges baquets carbone<\/li>\n<li>TVA r\u00e9cup\u00e9rable<\/li>\n<\/ul>\n","protected":false},"featured_media":4023,"comment_status":"open","ping_status":"closed","template":"","meta":[],"product_cat":[23],"product_tag":[],"class_list":["post-4022","product","type-product","status-publish","has-post-thumbnail","hentry","product_cat-ferrari","entry","has-media"],"_links":{"self":[{"href":"https:\/\/newmoteuretsens.e-madgin.com\/index.php\/wp-json\/wp\/v2\/product\/4022","targetHints":{"allow":["GET"]}}],"collection":[{"href":"https:\/\/newmoteuretsens.e-madgin.com\/index.php\/wp-json\/wp\/v2\/product"}],"about":[{"href":"https:\/\/newmoteuretsens.e-madgin.com\/index.php\/wp-json\/wp\/v2\/types\/product"}],"replies":[{"embeddable":true,"href":"https:\/\/newmoteuretsens.e-madgin.com\/index.php\/wp-json\/wp\/v2\/comments?post=4022"}],"wp:featuredmedia":[{"embeddable":true,"href":"https:\/\/newmoteuretsens.e-madgin.com\/index.php\/wp-json\/wp\/v2\/media\/4023"}],"wp:attachment":[{"href":"https:\/\/newmoteuretsens.e-madgin.com\/index.php\/wp-json\/wp\/v2\/media?parent=4022"}],"wp:term":[{"taxonomy":"product_cat","embeddable":true,"href":"https:\/\/newmoteuretsens.e-madgin.com\/index.php\/wp-json\/wp\/v2\/product_cat?post=4022"},{"taxonomy":"product_tag","embeddable":true,"href":"https:\/\/newmoteuretsens.e-madgin.com\/index.php\/wp-json\/wp\/v2\/product_tag?post=4022"}],"curies":[{"name":"wp","href":"https:\/\/api.w.org\/{rel}","templated":true}]}}