{"id":3972,"date":"2021-10-07T18:31:21","date_gmt":"2021-10-07T16:31:21","guid":{"rendered":"https:\/\/newmoteuretsens.e-madgin.com\/?post_type=product&#038;p=3972"},"modified":"2021-11-22T13:05:30","modified_gmt":"2021-11-22T12:05:30","slug":"bmw-m4-gts","status":"publish","type":"product","link":"https:\/\/newmoteuretsens.e-madgin.com\/index.php\/produit\/bmw-m4-gts\/","title":{"rendered":"BMW &#8211; M4 GTS"},"content":{"rendered":"<p>La M4 GTS a tout sacrifi\u00e9 pour \u00eatre une b\u00eate de circuit. Son excellent chrono au N\u00fcrburgring en t\u00e9moigne avec pas plus de 7 mn 28 s. BMW a travaill\u00e9 sur l\u2019all\u00e8gement sur la M4 qui affiche d\u00e9sormais 80kg de moins. Pour cela, les si\u00e8ges arri\u00e8res ont disparus, du carbone est utilis\u00e9 sur le capot, la ligne d\u2019\u00e9chappement est en titane tandis que de nombreux \u00e9l\u00e9ments du ch\u00e2ssis et des trains roulants sont en aluminium. Mais le plus int\u00e9ressant se trouve sous le capot avec l\u2019introduction d\u2019un in\u00e9dit syst\u00e8me d\u2019injection d\u2019eau qui est vaporis\u00e9e dans le collecteur d\u2019admission dans le but de r\u00e9duire la temp\u00e9rature de l\u2019air et ainsi augmenter la pression du turbo.<\/p>\n","protected":false},"excerpt":{"rendered":"<ul>\n<li>Ecrous antivol de roues<\/li>\n<li>Mesure individuelle de pression des pneumatiques<\/li>\n<li>Alarme antivol<\/li>\n<li>Vitrage calorifuge<\/li>\n<li>Lave-projecteurs avant<\/li>\n<li>Appel d&rsquo;urgence intelligent<\/li>\n<li>Interface Smartphone<\/li>\n<li>Affichage t\u00eate haute<\/li>\n<li>Boite de vitesses \u00e0 double embrayage M avec Drivelogic<\/li>\n<li>Frein M carbone-c\u00e9ramique<\/li>\n<li>Jantes en alliage l\u00e9ger 19&Prime; \u00e0 rayons doubles bicolores \u00ab\u00a0Ferricgrau\u00a0\u00bb<\/li>\n<li>Inserts d\u00e9coratifs Blue Shadow avec baguette d&rsquo;accent. noir \u00e0 haute brillance<\/li>\n<li>R\u00e9troviseurs ext\u00e9rieurs anti-\u00e9blouissement et rabattables \u00e9lectriquement<\/li>\n<li>Kit de rangement<\/li>\n<li>BMW Organic Light<\/li>\n<li>Radars de stationnement avant et arri\u00e8re<\/li>\n<li>D\u00e9tecteur de pluie et allumage automatique des projecteurs<\/li>\n<li>R\u00e9gulateur de vitesse<\/li>\n<li>Compte tours<\/li>\n<li>Pack Advanced Full LED<\/li>\n<li>Kit \u00e9clairage<\/li>\n<li>Pack Experience M<\/li>\n<li>Shadow line brillant<\/li>\n<li>Ciel de pavillon antracite<\/li>\n<li>Arceau<\/li>\n<li>Harnais<\/li>\n<\/ul>\n","protected":false},"featured_media":3974,"comment_status":"open","ping_status":"closed","template":"","meta":[],"product_cat":[17],"product_tag":[],"class_list":["post-3972","product","type-product","status-publish","has-post-thumbnail","hentry","product_cat-bmw","entry","has-media"],"_links":{"self":[{"href":"https:\/\/newmoteuretsens.e-madgin.com\/index.php\/wp-json\/wp\/v2\/product\/3972","targetHints":{"allow":["GET"]}}],"collection":[{"href":"https:\/\/newmoteuretsens.e-madgin.com\/index.php\/wp-json\/wp\/v2\/product"}],"about":[{"href":"https:\/\/newmoteuretsens.e-madgin.com\/index.php\/wp-json\/wp\/v2\/types\/product"}],"replies":[{"embeddable":true,"href":"https:\/\/newmoteuretsens.e-madgin.com\/index.php\/wp-json\/wp\/v2\/comments?post=3972"}],"wp:featuredmedia":[{"embeddable":true,"href":"https:\/\/newmoteuretsens.e-madgin.com\/index.php\/wp-json\/wp\/v2\/media\/3974"}],"wp:attachment":[{"href":"https:\/\/newmoteuretsens.e-madgin.com\/index.php\/wp-json\/wp\/v2\/media?parent=3972"}],"wp:term":[{"taxonomy":"product_cat","embeddable":true,"href":"https:\/\/newmoteuretsens.e-madgin.com\/index.php\/wp-json\/wp\/v2\/product_cat?post=3972"},{"taxonomy":"product_tag","embeddable":true,"href":"https:\/\/newmoteuretsens.e-madgin.com\/index.php\/wp-json\/wp\/v2\/product_tag?post=3972"}],"curies":[{"name":"wp","href":"https:\/\/api.w.org\/{rel}","templated":true}]}}