{"id":3931,"date":"2021-10-07T18:22:47","date_gmt":"2021-10-07T16:22:47","guid":{"rendered":"https:\/\/newmoteuretsens.e-madgin.com\/?post_type=product&#038;p=3931"},"modified":"2021-10-26T10:01:10","modified_gmt":"2021-10-26T08:01:10","slug":"bmw-z3-m-roadster","status":"publish","type":"product","link":"https:\/\/newmoteuretsens.e-madgin.com\/index.php\/produit\/bmw-z3-m-roadster\/","title":{"rendered":"BMW &#8211; Z3 M Roadster"},"content":{"rendered":"<p>Ce n&rsquo;est qu&rsquo;en 1996 soit 1 an apr\u00e8s la sortie du Z3 que BMW pr\u00e9sente la version M. Cette version vitamin\u00e9e se pare du mythique 6 cylindres 24 soupapes repris de la M3 E36 dans son \u00e9volution 3.2l qui d\u00e9veloppe ici 321ch. Au del\u00e0 de la m\u00e9canique, la partie ch\u00e2ssis a \u00e9galement \u00e9t\u00e9 revue avec de nouveaux trains roulants dont les voies avant et arri\u00e8re sont \u00e9largies, des suspensions MacPherson plus fermes et une hauteur de caisse r\u00e9duite, une barre antiroulis plus \u00e9paisse ainsi que des r\u00e9glages de trains plus sportif. Ces \u00e9l\u00e9ments permettent \u00e0 la version M des performances et une efficacit\u00e9 encore jamais vue sur ce segment. Ext\u00e9rieurement notre mod\u00e8le se pare d&rsquo;une configuration sobre et \u00e9l\u00e9gante, dans l&rsquo;aire du temps avec sa teinte gris clair associ\u00e9e au cuir noir int\u00e9rieur. Livr\u00e9e neuve en Allemagne, elle dispose d&rsquo;un suivi complet justifi\u00e9 par son carnet et ses factures.<\/p>\n","protected":false},"excerpt":{"rendered":"<ul>\n<li>Climatisation<\/li>\n<li>Si\u00e8ges chauffants<\/li>\n<li>jantes alu 17&Prime;<\/li>\n<li>Pack M<\/li>\n<\/ul>\n","protected":false},"featured_media":3937,"comment_status":"open","ping_status":"closed","template":"","meta":[],"product_cat":[17],"product_tag":[],"class_list":["post-3931","product","type-product","status-publish","has-post-thumbnail","hentry","product_cat-bmw","entry","has-media"],"_links":{"self":[{"href":"https:\/\/newmoteuretsens.e-madgin.com\/index.php\/wp-json\/wp\/v2\/product\/3931","targetHints":{"allow":["GET"]}}],"collection":[{"href":"https:\/\/newmoteuretsens.e-madgin.com\/index.php\/wp-json\/wp\/v2\/product"}],"about":[{"href":"https:\/\/newmoteuretsens.e-madgin.com\/index.php\/wp-json\/wp\/v2\/types\/product"}],"replies":[{"embeddable":true,"href":"https:\/\/newmoteuretsens.e-madgin.com\/index.php\/wp-json\/wp\/v2\/comments?post=3931"}],"wp:featuredmedia":[{"embeddable":true,"href":"https:\/\/newmoteuretsens.e-madgin.com\/index.php\/wp-json\/wp\/v2\/media\/3937"}],"wp:attachment":[{"href":"https:\/\/newmoteuretsens.e-madgin.com\/index.php\/wp-json\/wp\/v2\/media?parent=3931"}],"wp:term":[{"taxonomy":"product_cat","embeddable":true,"href":"https:\/\/newmoteuretsens.e-madgin.com\/index.php\/wp-json\/wp\/v2\/product_cat?post=3931"},{"taxonomy":"product_tag","embeddable":true,"href":"https:\/\/newmoteuretsens.e-madgin.com\/index.php\/wp-json\/wp\/v2\/product_tag?post=3931"}],"curies":[{"name":"wp","href":"https:\/\/api.w.org\/{rel}","templated":true}]}}