{"id":3796,"date":"2021-10-07T17:59:20","date_gmt":"2021-10-07T15:59:20","guid":{"rendered":"https:\/\/newmoteuretsens.e-madgin.com\/?post_type=product&#038;p=3796"},"modified":"2021-12-13T14:54:04","modified_gmt":"2021-12-13T13:54:04","slug":"aston-martin-v12-vantage-s-bvm-7-rapports","status":"publish","type":"product","link":"https:\/\/newmoteuretsens.e-madgin.com\/index.php\/produit\/aston-martin-v12-vantage-s-bvm-7-rapports\/","title":{"rendered":"ASTON MARTIN &#8211; V12 Vantage S BVM 7 rapports"},"content":{"rendered":"<p>Que dire hormis que cette Aston Martin est l&rsquo;une des plus belles surprises depuis la cr\u00e9ation de Moteur &amp; Sens. Oubliez vos pr\u00e9jug\u00e9s faisant de la marque Anglaise, un artisan sympathique, cantonn\u00e9 \u00e0 des chefs d\u2019\u0153uvres esth\u00e9tique, r\u00e9serv\u00e9s a une client\u00e8le d&rsquo;un certain \u00e2ge. Cette V12 S \u00e0 le diable au corps, et si Dieu existe il est en partie dans ce moteur ! La sonorit\u00e9 est envoutante, le couple \u00e9norme, et le V12 \u00e0 une allonge qui n&rsquo;en finit pas. Peu importe le rapport ou presque, le couple suffira \u00e0 relancer cette silhouette, trapue, muscl\u00e9e, distingu\u00e9e. Le comportement est incisif, la direction remonte bien les informations et l&rsquo;on s&rsquo;\u00e9tonne d&rsquo;autant de dynamisme et d&rsquo;implication dans la conduite. Ceci magnifi\u00e9 en grande partie par la bo\u00eete m\u00e9canique dans toutes les \u00e9tapes de la conduite. Le compteur qui prends des tours, la sonorit\u00e9 qui envahit l&rsquo;habitacle, la boite courte et ferme, l&rsquo;engagement du rapport, la remise des gaz. Voil\u00e0 une bo\u00eete m\u00e9canique qui a VRAIMENT du sens face \u00e0 son homologue robotis\u00e9e. Talon pointe automatique, passage du rapport pied au plancher, elle sait tout faire. Mais une fois \u00e0 l&rsquo;int\u00e9rieur, vous serez tout aussi surpris par la qualit\u00e9 d&rsquo;assemblage et des mat\u00e9riaux utilis\u00e9s. L&rsquo;ambiance g\u00e9n\u00e9rale sportive qui se d\u00e9gage de ce cocon d&rsquo;alcantara et de cuir est unique. Une voiture d&rsquo;amateur, de collectionneur, de passionn\u00e9, d&rsquo;\u00e9picurien. Notre mod\u00e8le respire la sobri\u00e9t\u00e9 et l&rsquo;\u00e9l\u00e9gance gr\u00e2ce \u00e0 sa livr\u00e9e Jet Black int\u00e9rieur alcantara noir surpiqu\u00e9 rouge. Configuration exceptionnelle.<\/p>\n","protected":false},"excerpt":{"rendered":"<ul>\n<li>Si\u00e8ges Sport Carbone<\/li>\n<li>Interface m\u00e9dia avec prise universelle<\/li>\n<li>Bluetooth<\/li>\n<li>Ciel de toit alcantara<\/li>\n<li>Cam\u00e9ra de recul<\/li>\n<li>Radars de stationnement avant et arri\u00e8re<\/li>\n<li>Jantes peintes en noir<\/li>\n<li>Surpiq\u00fbres rouge<\/li>\n<li>Freins c\u00e9ramiques<\/li>\n<li>Etriers de freins rouge<\/li>\n<li>Si\u00e8ges \u00e9lectriques m\u00e9moires<\/li>\n<li>Hifi Premium 700 watts<\/li>\n<li>Volant multifonctions<\/li>\n<li>Sortie d&rsquo;\u00e9chappement peinte en noir<\/li>\n<li>Finition int\u00e9rieur Piano Black<\/li>\n<li>Echappement sport<\/li>\n<li>Alcantara \u00e9tendu<\/li>\n<li>Entourage avant carbone<\/li>\n<li>Entourage de levier de vitesse carbone<\/li>\n<li>Sport-Plus Pack<\/li>\n<li>Boite manuelle<\/li>\n<\/ul>\n","protected":false},"featured_media":3797,"comment_status":"open","ping_status":"closed","template":"","meta":[],"product_cat":[25],"product_tag":[],"class_list":["post-3796","product","type-product","status-publish","has-post-thumbnail","hentry","product_cat-aston-martin","entry","has-media"],"_links":{"self":[{"href":"https:\/\/newmoteuretsens.e-madgin.com\/index.php\/wp-json\/wp\/v2\/product\/3796","targetHints":{"allow":["GET"]}}],"collection":[{"href":"https:\/\/newmoteuretsens.e-madgin.com\/index.php\/wp-json\/wp\/v2\/product"}],"about":[{"href":"https:\/\/newmoteuretsens.e-madgin.com\/index.php\/wp-json\/wp\/v2\/types\/product"}],"replies":[{"embeddable":true,"href":"https:\/\/newmoteuretsens.e-madgin.com\/index.php\/wp-json\/wp\/v2\/comments?post=3796"}],"wp:featuredmedia":[{"embeddable":true,"href":"https:\/\/newmoteuretsens.e-madgin.com\/index.php\/wp-json\/wp\/v2\/media\/3797"}],"wp:attachment":[{"href":"https:\/\/newmoteuretsens.e-madgin.com\/index.php\/wp-json\/wp\/v2\/media?parent=3796"}],"wp:term":[{"taxonomy":"product_cat","embeddable":true,"href":"https:\/\/newmoteuretsens.e-madgin.com\/index.php\/wp-json\/wp\/v2\/product_cat?post=3796"},{"taxonomy":"product_tag","embeddable":true,"href":"https:\/\/newmoteuretsens.e-madgin.com\/index.php\/wp-json\/wp\/v2\/product_tag?post=3796"}],"curies":[{"name":"wp","href":"https:\/\/api.w.org\/{rel}","templated":true}]}}