{"id":3595,"date":"2021-10-07T13:32:34","date_gmt":"2021-10-07T11:32:34","guid":{"rendered":"https:\/\/newmoteuretsens.e-madgin.com\/?post_type=product&#038;p=3595"},"modified":"2021-11-22T13:03:58","modified_gmt":"2021-11-22T12:03:58","slug":"alpine-a110-legende","status":"publish","type":"product","link":"https:\/\/newmoteuretsens.e-madgin.com\/index.php\/produit\/alpine-a110-legende\/","title":{"rendered":"ALPINE &#8211; A110 Legende"},"content":{"rendered":"<p>Fruit de l&rsquo;imagination de Jean R\u00e9d\u00e9l\u00e9, la soci\u00e9t\u00e9 fran\u00e7aise Alpine est cr\u00e9\u00e9e en 1955, en hommage \u00e0 ses nombreuses victoires en course automobile. \u00c9volution de l&rsquo;Alpine A 108, le mod\u00e8le A 110 est pr\u00e9sent\u00e9 en1962 au salon de Paris. Apr\u00e8s une absence consid\u00e9rable, Renault annonce en 2012 le retour en production de la nouvelle Alpine pour 2016. Cette version finale est pr\u00e9sent\u00e9e au salon de Gen\u00e8ve d\u00e9but 2017, avec une annonce de commercialisation d&rsquo;ici la fin de la m\u00eame ann\u00e9e. La version L\u00e9gende affiche un caract\u00e8re GT tout en conservant la philosophie Alpine et son agilit\u00e9 absolue. Notre mod\u00e8le sur\u00e9quip\u00e9, est en parfait \u00e9tat carrosserie et m\u00e9canique. Elle est pr\u00e9sent\u00e9e dans cette sublime livr\u00e9e blanc Iris\u00e9. C&rsquo;est une premi\u00e8re main fran\u00e7aise d&rsquo;origine qui sort d&rsquo;entretiens chez Alpine (derni\u00e8re r\u00e9vision en 06\/2021) et sous garantie constructeur jusqu&rsquo;en 07\/2022.<\/p>\n","protected":false},"excerpt":{"rendered":"<ul>\n<li>Jantes Fuchs 18&Prime; Forg\u00e9es<\/li>\n<li>Repose-pieds passager en aluminium<\/li>\n<li>Syst\u00e8me audio Focal premium<\/li>\n<li>Pack h\u00e9ritage<\/li>\n<li>Logo Alpine sur les ailes avant<\/li>\n<li>Si\u00e8ges chauffants<\/li>\n<li>Tapis de sol badge Alpine<\/li>\n<li>Logo au centre du volant en Bleu Alpine<\/li>\n<li>R\u00e9troviseurs ext\u00e9rieurs chauffants rabattable<\/li>\n<li>R\u00e9troviseurs int\u00e9rieur \u00e9lectrochrome<\/li>\n<li>Syst\u00e8me de freinage Haute-Performance 320mm<\/li>\n<li>Alpine T\u00e9l\u00e9m\u00e9trics<\/li>\n<li>Echappement sport actif<\/li>\n<li>Si\u00e8ges confort en cuir Brun<\/li>\n<li>Ecrous Antivol<\/li>\n<li>Filet de coffre AR<\/li>\n<li>Alarme<\/li>\n<li>Peinture blanc Iris\u00e9<\/li>\n<\/ul>\n","protected":false},"featured_media":3596,"comment_status":"open","ping_status":"closed","template":"","meta":[],"product_cat":[34],"product_tag":[],"class_list":["post-3595","product","type-product","status-publish","has-post-thumbnail","hentry","product_cat-alpine","entry","has-media"],"_links":{"self":[{"href":"https:\/\/newmoteuretsens.e-madgin.com\/index.php\/wp-json\/wp\/v2\/product\/3595","targetHints":{"allow":["GET"]}}],"collection":[{"href":"https:\/\/newmoteuretsens.e-madgin.com\/index.php\/wp-json\/wp\/v2\/product"}],"about":[{"href":"https:\/\/newmoteuretsens.e-madgin.com\/index.php\/wp-json\/wp\/v2\/types\/product"}],"replies":[{"embeddable":true,"href":"https:\/\/newmoteuretsens.e-madgin.com\/index.php\/wp-json\/wp\/v2\/comments?post=3595"}],"wp:featuredmedia":[{"embeddable":true,"href":"https:\/\/newmoteuretsens.e-madgin.com\/index.php\/wp-json\/wp\/v2\/media\/3596"}],"wp:attachment":[{"href":"https:\/\/newmoteuretsens.e-madgin.com\/index.php\/wp-json\/wp\/v2\/media?parent=3595"}],"wp:term":[{"taxonomy":"product_cat","embeddable":true,"href":"https:\/\/newmoteuretsens.e-madgin.com\/index.php\/wp-json\/wp\/v2\/product_cat?post=3595"},{"taxonomy":"product_tag","embeddable":true,"href":"https:\/\/newmoteuretsens.e-madgin.com\/index.php\/wp-json\/wp\/v2\/product_tag?post=3595"}],"curies":[{"name":"wp","href":"https:\/\/api.w.org\/{rel}","templated":true}]}}