{"id":3420,"date":"2021-10-06T18:07:11","date_gmt":"2021-10-06T16:07:11","guid":{"rendered":"https:\/\/newmoteuretsens.e-madgin.com\/?post_type=product&#038;p=3420"},"modified":"2021-10-22T12:08:10","modified_gmt":"2021-10-22T10:08:10","slug":"porsche-911-gt3rs-type-9912","status":"publish","type":"product","link":"https:\/\/newmoteuretsens.e-madgin.com\/index.php\/produit\/porsche-911-gt3rs-type-9912\/","title":{"rendered":"PORSCHE &#8211; 911 GT3RS Type 991(2)"},"content":{"rendered":"<p>\u00ab\u00a0Voiture de sport \u00e0 moteur atmosph\u00e9rique et concept haut r\u00e9gime, ch\u00e2ssis con\u00e7u pour le circuit\u00a0\u00bb : tel sont les mots d&rsquo;Andreas Preuninger (chef de projet de la GT3 RS) pour d\u00e9crire cette machine \u00e0 chasser le chrono. Avec son ch\u00e2ssis d&rsquo;une efficacit\u00e9 stup\u00e9fiante, un moteur prenant des tours \u00e0 n&rsquo;en plus finir et sa sonorit\u00e9 atypique, la GT3 RS est d\u00e9finitivement la reine de sa cat\u00e9gorie. Notre exemplaire est pr\u00e9sent\u00e9 dans cette fameuse livr\u00e9e Bleu Miami et est bien optionn\u00e9. L&rsquo;auto est en parfaite \u00e9tat. Elle a \u00e9t\u00e9 r\u00e9vis\u00e9e chez Porsche en juin 2021.<\/p>\n","protected":false},"excerpt":{"rendered":"<ul>\n<li>Pack Luminosit\u00e9<\/li>\n<li>Cam\u00e9ra de recul<\/li>\n<li>tapis de sol<\/li>\n<li>BOSE Surround Sound System<\/li>\n<li>Fond du chronom\u00e8tre en blanc<\/li>\n<li>R\u00e9troviseurs int\u00e9rieur et ext\u00e9rieur anti-\u00e9blouissement<\/li>\n<li>Pack Weissach<\/li>\n<li>Pack Sport Chrono avec pr\u00e9-\u00e9quipement Laptrigge<\/li>\n<li>Pare-soleil en alcantara<\/li>\n<li>Gicleurs de lave-phare peints en couleur ext\u00e9rieure<\/li>\n<li>Baguettes de seuil de porte en carbone<\/li>\n<li>extincteur<\/li>\n<li>Pack Fumeur<\/li>\n<li>Int\u00e9rieur tout cuir noir<\/li>\n<li>Pack Clubsport<\/li>\n<li>R\u00e9servoir 90 litres<\/li>\n<li>Jantes GT3RS 20\/21 pouces en magn\u00e9sium<\/li>\n<li>R\u00e9gulateur de vitesse<\/li>\n<li>Lift System<\/li>\n<li>extincteur<\/li>\n<li>Pack Weissach<\/li>\n<\/ul>\n","protected":false},"featured_media":3421,"comment_status":"open","ping_status":"closed","template":"","meta":[],"product_cat":[21],"product_tag":[],"class_list":["post-3420","product","type-product","status-publish","has-post-thumbnail","hentry","product_cat-porsche","entry","has-media"],"_links":{"self":[{"href":"https:\/\/newmoteuretsens.e-madgin.com\/index.php\/wp-json\/wp\/v2\/product\/3420","targetHints":{"allow":["GET"]}}],"collection":[{"href":"https:\/\/newmoteuretsens.e-madgin.com\/index.php\/wp-json\/wp\/v2\/product"}],"about":[{"href":"https:\/\/newmoteuretsens.e-madgin.com\/index.php\/wp-json\/wp\/v2\/types\/product"}],"replies":[{"embeddable":true,"href":"https:\/\/newmoteuretsens.e-madgin.com\/index.php\/wp-json\/wp\/v2\/comments?post=3420"}],"wp:featuredmedia":[{"embeddable":true,"href":"https:\/\/newmoteuretsens.e-madgin.com\/index.php\/wp-json\/wp\/v2\/media\/3421"}],"wp:attachment":[{"href":"https:\/\/newmoteuretsens.e-madgin.com\/index.php\/wp-json\/wp\/v2\/media?parent=3420"}],"wp:term":[{"taxonomy":"product_cat","embeddable":true,"href":"https:\/\/newmoteuretsens.e-madgin.com\/index.php\/wp-json\/wp\/v2\/product_cat?post=3420"},{"taxonomy":"product_tag","embeddable":true,"href":"https:\/\/newmoteuretsens.e-madgin.com\/index.php\/wp-json\/wp\/v2\/product_tag?post=3420"}],"curies":[{"name":"wp","href":"https:\/\/api.w.org\/{rel}","templated":true}]}}