{"id":3417,"date":"2021-10-06T17:44:40","date_gmt":"2021-10-06T15:44:40","guid":{"rendered":"https:\/\/newmoteuretsens.e-madgin.com\/?post_type=product&#038;p=3417"},"modified":"2021-11-22T13:03:34","modified_gmt":"2021-11-22T12:03:34","slug":"ferrari-308-gtb","status":"publish","type":"product","link":"https:\/\/newmoteuretsens.e-madgin.com\/index.php\/produit\/ferrari-308-gtb\/","title":{"rendered":"FERRARI &#8211; 308 GTB"},"content":{"rendered":"<p>3 pour la cylindr\u00e9e totale : 3 000 cm3<\/p>\n<p>8 pour le moteur : V8 implant\u00e9 transversalement en position centrale arri\u00e8re avec une puissance de 255 ch.<\/p>\n<p>La Ferrari 308 GTB (Gran Turismo Berlinetta), con\u00e7ue par Leonardo Fioravanti de Pininfarina, a \u00e9t\u00e9 d\u00e9voil\u00e9e lors du Salon de l&rsquo;automobile de Paris en 1975. Cette \u00ab petite \u00bb Ferrari a imm\u00e9diatement conquis une vaste client\u00e8le avec son style qui combinait habilement ceux de la Dino 246 GT\/GTS et de la Ferrari BB. Cette Ferrari 308 GTB restaur\u00e9e dans sa couleur d&rsquo;origine, est propos\u00e9e dans cette livr\u00e9e exceptionnelle et rare Oro Chiaro int\u00e9rieur Testa di Moro (cuir brun fonc\u00e9). Elle poss\u00e8de \u00e9galement une housse de protection, une trousse \u00e0 outils ainsi que le classeur rouge de Ferrari Classiche. Elle est dans un \u00e9tat neuf, configuration d&rsquo;origine.<\/p>\n","protected":false},"excerpt":{"rendered":"<ul>\n<li>Housse de protection<\/li>\n<li>Pochette \u00e0 outils<\/li>\n<li>Certificat d&rsquo;authenticit\u00e9 Ferrari<\/li>\n<\/ul>\n","protected":false},"featured_media":3418,"comment_status":"open","ping_status":"closed","template":"","meta":[],"product_cat":[23],"product_tag":[],"class_list":["post-3417","product","type-product","status-publish","has-post-thumbnail","hentry","product_cat-ferrari","entry","has-media"],"_links":{"self":[{"href":"https:\/\/newmoteuretsens.e-madgin.com\/index.php\/wp-json\/wp\/v2\/product\/3417","targetHints":{"allow":["GET"]}}],"collection":[{"href":"https:\/\/newmoteuretsens.e-madgin.com\/index.php\/wp-json\/wp\/v2\/product"}],"about":[{"href":"https:\/\/newmoteuretsens.e-madgin.com\/index.php\/wp-json\/wp\/v2\/types\/product"}],"replies":[{"embeddable":true,"href":"https:\/\/newmoteuretsens.e-madgin.com\/index.php\/wp-json\/wp\/v2\/comments?post=3417"}],"wp:featuredmedia":[{"embeddable":true,"href":"https:\/\/newmoteuretsens.e-madgin.com\/index.php\/wp-json\/wp\/v2\/media\/3418"}],"wp:attachment":[{"href":"https:\/\/newmoteuretsens.e-madgin.com\/index.php\/wp-json\/wp\/v2\/media?parent=3417"}],"wp:term":[{"taxonomy":"product_cat","embeddable":true,"href":"https:\/\/newmoteuretsens.e-madgin.com\/index.php\/wp-json\/wp\/v2\/product_cat?post=3417"},{"taxonomy":"product_tag","embeddable":true,"href":"https:\/\/newmoteuretsens.e-madgin.com\/index.php\/wp-json\/wp\/v2\/product_tag?post=3417"}],"curies":[{"name":"wp","href":"https:\/\/api.w.org\/{rel}","templated":true}]}}