{"id":3380,"date":"2021-10-06T13:21:25","date_gmt":"2021-10-06T11:21:25","guid":{"rendered":"https:\/\/newmoteuretsens.e-madgin.com\/?post_type=product&#038;p=3380"},"modified":"2021-10-28T12:42:15","modified_gmt":"2021-10-28T10:42:15","slug":"ferrari-bb-512","status":"publish","type":"product","link":"https:\/\/newmoteuretsens.e-madgin.com\/index.php\/produit\/ferrari-bb-512\/","title":{"rendered":"FERRARI BB 512"},"content":{"rendered":"<p>Pr\u00e9sent\u00e9e au Salon de l&rsquo;auto de Paris en 1976, la 512 BB (Comprenez Moteur 12 cylindres 5.0L de cylindr\u00e9e, Boxer) poursuit l&rsquo;\u00e9volution des mod\u00e8les \u00e0 moteur central arri\u00e8re,12 cylindres \u00e0 plat. Tout est am\u00e9lior\u00e9 sur cette g\u00e9n\u00e9ration: A\u00e9rodynamique, Stabilit\u00e9, refroidissement, et la ligne g\u00e9n\u00e9rale de l&rsquo;auto appara\u00eet \u00e9galement comme plus moderne. La puissance a \u00e9t\u00e9 revue \u00e0 360ch, le moteur use d&rsquo;une lubrification \u00e0 carter sec et des carburateurs Weber. A l&rsquo;utilisation, l&rsquo;auto offre plus de couple et de souplesse \u00e0 bas r\u00e9gime. L&rsquo;exemplaire que nous proposons fait partie des seulement 929 voitures produites. Une restauration a \u00e9t\u00e9 effectu\u00e9e chez Zanasi et nous poss\u00e9dons le carnet d&rsquo;entretiens de l&rsquo;auto.<\/p>\n","protected":false},"excerpt":{"rendered":"<ul>\n<li>Carnet d&rsquo;entretien<\/li>\n<li>Autoradio Pioneer<\/li>\n<li>Jantes Cromodora<\/li>\n<li>Vitres \u00e9lectriques<\/li>\n<li>Si\u00e8ges Daytona<\/li>\n<li>Climatisation<\/li>\n<\/ul>\n","protected":false},"featured_media":3381,"comment_status":"open","ping_status":"closed","template":"","meta":[],"product_cat":[23],"product_tag":[],"class_list":["post-3380","product","type-product","status-publish","has-post-thumbnail","hentry","product_cat-ferrari","entry","has-media"],"_links":{"self":[{"href":"https:\/\/newmoteuretsens.e-madgin.com\/index.php\/wp-json\/wp\/v2\/product\/3380","targetHints":{"allow":["GET"]}}],"collection":[{"href":"https:\/\/newmoteuretsens.e-madgin.com\/index.php\/wp-json\/wp\/v2\/product"}],"about":[{"href":"https:\/\/newmoteuretsens.e-madgin.com\/index.php\/wp-json\/wp\/v2\/types\/product"}],"replies":[{"embeddable":true,"href":"https:\/\/newmoteuretsens.e-madgin.com\/index.php\/wp-json\/wp\/v2\/comments?post=3380"}],"wp:featuredmedia":[{"embeddable":true,"href":"https:\/\/newmoteuretsens.e-madgin.com\/index.php\/wp-json\/wp\/v2\/media\/3381"}],"wp:attachment":[{"href":"https:\/\/newmoteuretsens.e-madgin.com\/index.php\/wp-json\/wp\/v2\/media?parent=3380"}],"wp:term":[{"taxonomy":"product_cat","embeddable":true,"href":"https:\/\/newmoteuretsens.e-madgin.com\/index.php\/wp-json\/wp\/v2\/product_cat?post=3380"},{"taxonomy":"product_tag","embeddable":true,"href":"https:\/\/newmoteuretsens.e-madgin.com\/index.php\/wp-json\/wp\/v2\/product_tag?post=3380"}],"curies":[{"name":"wp","href":"https:\/\/api.w.org\/{rel}","templated":true}]}}