{"id":3206,"date":"2021-10-05T11:04:30","date_gmt":"2021-10-05T09:04:30","guid":{"rendered":"https:\/\/newmoteuretsens.e-madgin.com\/?post_type=product&#038;p=3206"},"modified":"2021-12-13T14:37:10","modified_gmt":"2021-12-13T13:37:10","slug":"porsche-911-type-991-gt3-touring","status":"publish","type":"product","link":"https:\/\/newmoteuretsens.e-madgin.com\/index.php\/produit\/porsche-911-type-991-gt3-touring\/","title":{"rendered":"PORSCHE &#8211; 911 type 991 GT3 Touring"},"content":{"rendered":"<p>La Porsche 991 GT3 Touring est une des gardiennes du temple Porsche. Une bo\u00eete m\u00e9canique parfaite, un flat-six atmosph\u00e9rique qui hurle son bonheur jusqu\u2019\u00e0 pr\u00e8s de 9 000 tr\/min, et la ligne intemporelle de la 911, sans artifices a\u00e9rodynamique d\u00e9mesur\u00e9s. Une auto de puriste, ou pour celui qui aime l&rsquo;esprit sportif authentique de la 911 sans pour autant sacrifier totalement la polyvalence d&rsquo;utilisation l\u00e9gendaire de la 911. Une vraie perle d\u00e9di\u00e9 au plaisir de conduire, qui d\u00e9tonne un peu dans la gamme actuelle, qui peut sembler s&rsquo;aseptiser petit \u00e0 petit sur l\u2019h\u00f4tel de l&rsquo;efficacit\u00e9 et des performances pures. Cet exemplaire particulier est une seconde main d&rsquo;origine fran\u00e7aise. Son \u00e9quipement est tr\u00e8s bien fournis avec notamment les incontournables lift system, si\u00e8ges baquets carbone 918 et cuir \u00e9tendu ! Un test PIWI vient d&rsquo;\u00eatre r\u00e9alis\u00e9 ne faisant appara\u00eetre aucune plage de surr\u00e9gime anormale.<\/p>\n","protected":false},"excerpt":{"rendered":"<ul>\n<li>Cam\u00e9ra de recul<\/li>\n<li>Etriers de freins rouge<\/li>\n<li>R\u00e9servoir 90 litres<\/li>\n<li>R\u00e9gulateur de vitesse<\/li>\n<li>Lift System<\/li>\n<li>Pare brise teinte d\u00e9grad\u00e9<\/li>\n<li>Porsche Dynamic Light<\/li>\n<li>Pack aluminium<\/li>\n<li>Pack chrono<\/li>\n<li>Cuir \u00e9tendu<\/li>\n<li>Si\u00e8ges baquets carbone type 918<\/li>\n<\/ul>\n","protected":false},"featured_media":3213,"comment_status":"open","ping_status":"closed","template":"","meta":[],"product_cat":[21],"product_tag":[],"class_list":["post-3206","product","type-product","status-publish","has-post-thumbnail","hentry","product_cat-porsche","entry","has-media"],"_links":{"self":[{"href":"https:\/\/newmoteuretsens.e-madgin.com\/index.php\/wp-json\/wp\/v2\/product\/3206","targetHints":{"allow":["GET"]}}],"collection":[{"href":"https:\/\/newmoteuretsens.e-madgin.com\/index.php\/wp-json\/wp\/v2\/product"}],"about":[{"href":"https:\/\/newmoteuretsens.e-madgin.com\/index.php\/wp-json\/wp\/v2\/types\/product"}],"replies":[{"embeddable":true,"href":"https:\/\/newmoteuretsens.e-madgin.com\/index.php\/wp-json\/wp\/v2\/comments?post=3206"}],"wp:featuredmedia":[{"embeddable":true,"href":"https:\/\/newmoteuretsens.e-madgin.com\/index.php\/wp-json\/wp\/v2\/media\/3213"}],"wp:attachment":[{"href":"https:\/\/newmoteuretsens.e-madgin.com\/index.php\/wp-json\/wp\/v2\/media?parent=3206"}],"wp:term":[{"taxonomy":"product_cat","embeddable":true,"href":"https:\/\/newmoteuretsens.e-madgin.com\/index.php\/wp-json\/wp\/v2\/product_cat?post=3206"},{"taxonomy":"product_tag","embeddable":true,"href":"https:\/\/newmoteuretsens.e-madgin.com\/index.php\/wp-json\/wp\/v2\/product_tag?post=3206"}],"curies":[{"name":"wp","href":"https:\/\/api.w.org\/{rel}","templated":true}]}}