{"id":3143,"date":"2021-10-05T10:40:04","date_gmt":"2021-10-05T08:40:04","guid":{"rendered":"https:\/\/newmoteuretsens.e-madgin.com\/?post_type=product&#038;p=3143"},"modified":"2021-10-13T12:26:49","modified_gmt":"2021-10-13T10:26:49","slug":"dallara-stradale","status":"publish","type":"product","link":"https:\/\/newmoteuretsens.e-madgin.com\/index.php\/produit\/dallara-stradale\/","title":{"rendered":"DALLARA &#8211; Stradale"},"content":{"rendered":"<p>La Dallara Stradale est une nouveaut\u00e9 dans le segment des supersportives radicales, mais en r\u00e9alit\u00e9, elle tout sauf sortie de nulle part. Gianpaolo Dallara compte parmi les plus grand techniciens automobiles encore en activit\u00e9s, et avant de cr\u00e9er sa propre entreprise en 1972, puis une universit\u00e9 \u00e0 son nom en 2018, il a travaill\u00e9 pour de petites marques Italiennes telles que De Tomaso, Maserati, et Ferrari&#8230; Avec Enzo Ferrari, Bruce McLaren, ou Franck Willimas ! On lui doit \u00e9galement la conception d&rsquo;autos de route tels que la Miura, le d\u00e9veloppement de la KTM X Bow, l&rsquo;Alfa Romeo 4C, la Ferrari LaFerrari, la Pagani Zonda, la Bugatti Chiron. Son entreprise a \u00e9t\u00e9 la premi\u00e8re d&rsquo;Italie \u00e0 cr\u00e9er une soufflerie pour d\u00e9velopper l&rsquo;a\u00e9rodynamique, ils sont parmi les premiers \u00e0 travailler la fibre de carbone et composite en 1985, et c&rsquo;est eux qui en premier, inaugurent les simulateurs de conduite. Ce sont des pionniers de ce que sont les sportives actuelles. Ils d\u00e9veloppent un tel savoir faire, que c&rsquo;est l&rsquo;entreprise Dallara qui inonde aujourd&rsquo;hui les comp\u00e9titions automobile du monde entier : Formule 1, IndyCar, Formule E, GP2, Formule 3 etc&#8230; Bref, ces gens la savent de quoi ils parlent ! En 2017, il est temps pour Mr Dallara d\u2019accomplir son r\u00eave, cr\u00e9er une voiture de course avec des plaques d&rsquo;immatriculation, r\u00e9unissant les trois domaines de maitrise absolues de sa compagnie, l\u2019a\u00e9rodynamique, le ch\u00e2ssis, et les mat\u00e9riaux composites. Ceci \u00e9tant expos\u00e9, il est plus facile de comprendre le niveau de performance et d&rsquo;aboutissement de cette LMP3 sur route ouverte. 855 kilos, 820 kilos d&rsquo;appui a\u00e9ro (presque autant qu&rsquo;une McLaren Senna), 2G de grip lat\u00e9ral, c&rsquo;est une usine \u00e0 \u00e9motion. La connexion conducteur\/machine est unique, tout comme son look et la t\u00eate des gens qui auront le bonheur de vous croiser. Car la chose sera rare, seulement 600 exemplaires seront produits. Celle-ci est la num\u00e9ro 125, elle dispose de tr\u00e8s nombreuses options tr\u00e8s couteuses telles que le pare-brise, les coques de portes, l&rsquo;aileron, l&rsquo;\u00e9chappement sport, les suspensions performances, les jantes Stradale. Une p\u00e9pite exceptionnelle !<\/p>\n","protected":false},"excerpt":{"rendered":"<div class=\"options\">\n<ul>\n<li>Etriers de frein jaune<\/li>\n<li>Echappement sport<\/li>\n<li>Aileron arri\u00e8re carbone<\/li>\n<li>Suspension performance<\/li>\n<li>Pare-brise<\/li>\n<li>T-Bar<\/li>\n<li>Portes<\/li>\n<li>Jantes 17\/18 en suppl\u00e9ments avec Trofeo R<\/li>\n<li>Carbon expos\u00e9 dans les phares<\/li>\n<li>Jantes en 18\/19<\/li>\n<li>Air conditionn\u00e9<\/li>\n<\/ul>\n<\/div>\n<div class=\"config\"><\/div>\n","protected":false},"featured_media":3144,"comment_status":"open","ping_status":"closed","template":"","meta":[],"product_cat":[41],"product_tag":[],"class_list":["post-3143","product","type-product","status-publish","has-post-thumbnail","hentry","product_cat-dallara","entry","has-media"],"_links":{"self":[{"href":"https:\/\/newmoteuretsens.e-madgin.com\/index.php\/wp-json\/wp\/v2\/product\/3143","targetHints":{"allow":["GET"]}}],"collection":[{"href":"https:\/\/newmoteuretsens.e-madgin.com\/index.php\/wp-json\/wp\/v2\/product"}],"about":[{"href":"https:\/\/newmoteuretsens.e-madgin.com\/index.php\/wp-json\/wp\/v2\/types\/product"}],"replies":[{"embeddable":true,"href":"https:\/\/newmoteuretsens.e-madgin.com\/index.php\/wp-json\/wp\/v2\/comments?post=3143"}],"wp:featuredmedia":[{"embeddable":true,"href":"https:\/\/newmoteuretsens.e-madgin.com\/index.php\/wp-json\/wp\/v2\/media\/3144"}],"wp:attachment":[{"href":"https:\/\/newmoteuretsens.e-madgin.com\/index.php\/wp-json\/wp\/v2\/media?parent=3143"}],"wp:term":[{"taxonomy":"product_cat","embeddable":true,"href":"https:\/\/newmoteuretsens.e-madgin.com\/index.php\/wp-json\/wp\/v2\/product_cat?post=3143"},{"taxonomy":"product_tag","embeddable":true,"href":"https:\/\/newmoteuretsens.e-madgin.com\/index.php\/wp-json\/wp\/v2\/product_tag?post=3143"}],"curies":[{"name":"wp","href":"https:\/\/api.w.org\/{rel}","templated":true}]}}