{"id":2027,"date":"2021-09-24T18:40:41","date_gmt":"2021-09-24T16:40:41","guid":{"rendered":"https:\/\/newmoteuretsens.e-madgin.com\/?post_type=product&#038;p=2027"},"modified":"2021-10-28T12:43:29","modified_gmt":"2021-10-28T10:43:29","slug":"audi-rs6-iv-v8-4-0-tfsi","status":"publish","type":"product","link":"https:\/\/newmoteuretsens.e-madgin.com\/index.php\/produit\/audi-rs6-iv-v8-4-0-tfsi\/","title":{"rendered":"AUDI &#8211; RS6 IV V8 4.0 TFSI"},"content":{"rendered":"<p>Fid\u00e8le \u00e0 sa lign\u00e9e RS6 n\u00e9e en 2002 avec la premi\u00e8re version C5, cette nouvelle Audi RS6 se veut \u00e0 la fois tr\u00e8s performante, luxueuse, s\u00e9curisante, plut\u00f4t \u00ab facile \u00bb \u00e0 conduire et bien sur tr\u00e8s polyvalente. Sous le capot, le moteur V8 4.0 biturbo d\u00e9veloppe une puissance de 600 ch et une valeur de couple de 800 Nm. Il est reli\u00e9 \u00e0 la transmission int\u00e9grale quattro via une bo\u00eete de vitesses automatique tiptronic \u00e0 huit rapports. Notre mod\u00e8le est encore sous garantie constructeur. Son look est \u00e0 la fois sportif et \u00e9l\u00e9gant gr\u00e2ce \u00e0 sa livr\u00e9e Noire Mythic et les quelques rappels de carbone. L&rsquo;auto poss\u00e8de un grand niveau d&rsquo;\u00e9quipement.<\/p>\n","protected":false},"excerpt":{"rendered":"<p>Affichage t\u00eate haute<br \/>\nAnneaux Audi et monogramme en Noir brillant<br \/>\nBang&amp;amp;Olufsen Advanced Sound System avec son 3D<br \/>\nCam\u00e9ra de reconnaissance et lecture des panneaux de circulation<br \/>\nCh\u00e2ssis Sport RS plus avec Dynamic Ride Control r\u00e9glable sur 3 niveaux : Comfort, auto, dynamic<br \/>\nCiel de pavillon en Alcantara Audi Exclusive<br \/>\nExtension de garantie 2 ans suppl\u00e9mentaires<br \/>\nSoft close<br \/>\nJantes aluminium coul\u00e9, 5 branches, finition titane mate<br \/>\nPack esth\u00e9tique Carbone\/noir brillant<br \/>\nPack int\u00e9rieur Design RS Gris<br \/>\nPare-brise chauffant avec vitrage confort climatique\/acoustique<br \/>\nSi\u00e8ges Sport RS avant en cuir Valcona perfor\u00e9 avec surpiq\u00fbres alv\u00e9ol\u00e9es<br \/>\nSi\u00e8ges chauffants et ventil\u00e9s<br \/>\nSyst\u00e8me d&rsquo;\u00e9chappement Sport RS avec embouts ovales noir brillant<br \/>\nT\u00e9l\u00e9commande programmable \u00ab\u00a0HomeLink\u00a0\u00bb<br \/>\nPack Assistance pour la ville<br \/>\nAssistance de changement de direction<br \/>\nAssistant de conduite adaptatif incluant le freinage d&rsquo;urgence<br \/>\nAssistant de feux de route<br \/>\nFreins c\u00e9ramique RS avec \u00e9triers de frein rouge<br \/>\nSyst\u00e8me de freinage hautes performance<br \/>\nToit coulissant \/ relevable \u00e9lectrique<\/p>\n","protected":false},"featured_media":2042,"comment_status":"open","ping_status":"closed","template":"","meta":[],"product_cat":[20],"product_tag":[],"class_list":["post-2027","product","type-product","status-publish","has-post-thumbnail","hentry","product_cat-audi","entry","has-media"],"_links":{"self":[{"href":"https:\/\/newmoteuretsens.e-madgin.com\/index.php\/wp-json\/wp\/v2\/product\/2027","targetHints":{"allow":["GET"]}}],"collection":[{"href":"https:\/\/newmoteuretsens.e-madgin.com\/index.php\/wp-json\/wp\/v2\/product"}],"about":[{"href":"https:\/\/newmoteuretsens.e-madgin.com\/index.php\/wp-json\/wp\/v2\/types\/product"}],"replies":[{"embeddable":true,"href":"https:\/\/newmoteuretsens.e-madgin.com\/index.php\/wp-json\/wp\/v2\/comments?post=2027"}],"wp:featuredmedia":[{"embeddable":true,"href":"https:\/\/newmoteuretsens.e-madgin.com\/index.php\/wp-json\/wp\/v2\/media\/2042"}],"wp:attachment":[{"href":"https:\/\/newmoteuretsens.e-madgin.com\/index.php\/wp-json\/wp\/v2\/media?parent=2027"}],"wp:term":[{"taxonomy":"product_cat","embeddable":true,"href":"https:\/\/newmoteuretsens.e-madgin.com\/index.php\/wp-json\/wp\/v2\/product_cat?post=2027"},{"taxonomy":"product_tag","embeddable":true,"href":"https:\/\/newmoteuretsens.e-madgin.com\/index.php\/wp-json\/wp\/v2\/product_tag?post=2027"}],"curies":[{"name":"wp","href":"https:\/\/api.w.org\/{rel}","templated":true}]}}