{"id":18946,"date":"2022-02-15T16:48:49","date_gmt":"2022-02-15T15:48:49","guid":{"rendered":"https:\/\/newmoteuretsens.e-madgin.com\/?post_type=product&#038;p=18946"},"modified":"2022-02-15T16:48:49","modified_gmt":"2022-02-15T15:48:49","slug":"porsche-718-cayman-gt4-2","status":"publish","type":"product","link":"https:\/\/newmoteuretsens.e-madgin.com\/index.php\/produit\/porsche-718-cayman-gt4-2\/","title":{"rendered":"PORSCHE 718 CAYMAN GT4"},"content":{"rendered":"<p>Avec l&rsquo;arriv\u00e9e des moteurs 4 cylindres sur la gamme 718, les adeptes des mod\u00e8les Cayman\/Boxster \u00e9taient inquiets quant au sort qui \u00e9tait r\u00e9serv\u00e9 \u00e0 la version radicale. Le GT4 est finalement bien pr\u00e9sent\u00e9 avec le fameux Flat 6 atmosph\u00e9rique, et le moins que l&rsquo;on puisse dire c&rsquo;est qu&rsquo;une fois implant\u00e9 dans ce ch\u00e2ssis, l&rsquo;exp\u00e9rience ne d\u00e9\u00e7oit pas ! Les caract\u00e9ristiques atypiques qui ont fait la force et le succ\u00e8s du 981 sont conserv\u00e9s : Une boite m\u00e9canique, un moteur merveilleusement bien implant\u00e9 en position central dans un ch\u00e2ssis de course, le tout dans poids contenu. Dans cette version, le GT4 h\u00e9rite du train avant et du syst\u00e8me de freinage de la 911 GT3. L&rsquo;a\u00e9rodynamique a \u00e9t\u00e9 retravaill\u00e9 et apporte une bonne grosse dose d&rsquo;appui suppl\u00e9mentaire gr\u00e2ce \u00e0 un aileron et un diffuseur plus performants. Le moteur est le m\u00eame que la 911 type 992 qui a \u00e9t\u00e9 r\u00e9al\u00e9s\u00e9 \u00e0 4.0 litres et auquel la suralimentation a \u00e9t\u00e9 supprim\u00e9, il atteint d\u00e9sormais 420ch.<\/p>\n<p>Notre exemplaire est dans un \u00e9tat absolument parfait. L&rsquo;\u00e9quipement est pl\u00e9thorique avec toutes les options d\u00e9sirables et indispensables qui font le charme d&rsquo;un Cayman GT4: Pack Clubsport, Chrono, Carbone etc ..<\/p>\n","protected":false},"excerpt":{"rendered":"<ul>\n<li>003 Pack Clubsport<\/li>\n<li>454 R\u00e9gulateur de vitesse<\/li>\n<li>519 Logo PORSCHE peint en Noir (Finition Satin\u00e9e)<\/li>\n<li>573 Climatisation automatique bi-zone<\/li>\n<li>583 Pack Fumeur<\/li>\n<li>602 Phares \u00e0 LED incluant le Porsche Dynamic Light System Plus (PDLS+)<\/li>\n<li>631 Affichage des limitations de vitesse<\/li>\n<li>637 Assistance parking arri\u00e8re avec cam\u00e9ra de recul<\/li>\n<li>748 R\u00e9troviseurs ext\u00e9rieurs rabattables \u00e9lectriquement<\/li>\n<li>810 Tapis de sol<\/li>\n<li>886 Couronne de volant avec marquage \u00ab\u00a0\u00e0 midi\u00a0\u00bb en Rouge<\/li>\n<li>9WT Apple CarPlay avec reconnaissance vocale Siri<\/li>\n<li>9ZE Compartiment Smartphone<\/li>\n<li>DFS Cl\u00e9 du v\u00e9hicule peinte et \u00e9tui \u00e0 cl\u00e9 en cuir<\/li>\n<li>EFA P\u00e9dales et repose-pieds en aluminium<\/li>\n<li>EKG Pack Int\u00e9rieur carbone (avec int\u00e9rieur Cuir)<\/li>\n<li>P11 Si\u00e8ges baquets int\u00e9graux<\/li>\n<li>P40 Module de navigation incluant Porsche Connect<\/li>\n<li>QR5 Pack Sport Chrono avec pr\u00e9-\u00e9quipement Laptrigger<\/li>\n<li>QV3 Radio num\u00e9rique<\/li>\n<li>XDK Jantes peintes en Noir (Finition satin\u00e9e)<\/li>\n<li>XFJ Fonds de compteur en Blanc<\/li>\n<li>XGM Fond du chronom\u00e8tre en Blanc<\/li>\n<li>XHY Ceintures de s\u00e9curit\u00e9 Bleu Miami<\/li>\n<li>XUB Gicleurs de lave-phare peints en couleur ext\u00e9rieure<\/li>\n<li>XXD Baguettes de seuil de porte en carbone illumin\u00e9es<\/li>\n<li>567 Pare-Brise teint\u00e9 d\u00e9grad\u00e9<\/li>\n<\/ul>\n","protected":false},"featured_media":18947,"comment_status":"open","ping_status":"closed","template":"","meta":[],"product_cat":[21],"product_tag":[],"class_list":["post-18946","product","type-product","status-publish","has-post-thumbnail","hentry","product_cat-porsche","entry","has-media"],"_links":{"self":[{"href":"https:\/\/newmoteuretsens.e-madgin.com\/index.php\/wp-json\/wp\/v2\/product\/18946","targetHints":{"allow":["GET"]}}],"collection":[{"href":"https:\/\/newmoteuretsens.e-madgin.com\/index.php\/wp-json\/wp\/v2\/product"}],"about":[{"href":"https:\/\/newmoteuretsens.e-madgin.com\/index.php\/wp-json\/wp\/v2\/types\/product"}],"replies":[{"embeddable":true,"href":"https:\/\/newmoteuretsens.e-madgin.com\/index.php\/wp-json\/wp\/v2\/comments?post=18946"}],"wp:featuredmedia":[{"embeddable":true,"href":"https:\/\/newmoteuretsens.e-madgin.com\/index.php\/wp-json\/wp\/v2\/media\/18947"}],"wp:attachment":[{"href":"https:\/\/newmoteuretsens.e-madgin.com\/index.php\/wp-json\/wp\/v2\/media?parent=18946"}],"wp:term":[{"taxonomy":"product_cat","embeddable":true,"href":"https:\/\/newmoteuretsens.e-madgin.com\/index.php\/wp-json\/wp\/v2\/product_cat?post=18946"},{"taxonomy":"product_tag","embeddable":true,"href":"https:\/\/newmoteuretsens.e-madgin.com\/index.php\/wp-json\/wp\/v2\/product_tag?post=18946"}],"curies":[{"name":"wp","href":"https:\/\/api.w.org\/{rel}","templated":true}]}}