{"id":17443,"date":"2022-01-20T18:39:39","date_gmt":"2022-01-20T17:39:39","guid":{"rendered":"https:\/\/newmoteuretsens.e-madgin.com\/?post_type=product&#038;p=17443"},"modified":"2022-01-20T18:39:39","modified_gmt":"2022-01-20T17:39:39","slug":"porsche-911-type-991-targa-4s-400ch","status":"publish","type":"product","link":"https:\/\/newmoteuretsens.e-madgin.com\/index.php\/produit\/porsche-911-type-991-targa-4s-400ch\/","title":{"rendered":"PORSCHE 911 TYPE 991 TARGA 4S 400CH"},"content":{"rendered":"<p>La Targa occupe une place un peu particuli\u00e8re au sein de la gamme 911. Son arceau fixe f\u00fbt une contrainte impos\u00e9e par la r\u00e9glementation am\u00e9ricaine, mais surtout elle rend hommage \u00e0 la course de l\u00e9gende Targa Florio (Sicile). Sur cette 7\u00e8me g\u00e9n\u00e9ration, la Targa d\u00e9gage plus de charme que jamais gr\u00e2ce \u00e0 cet arche tellement identitaire qui a \u00e9t\u00e9 revu, modernis\u00e9 et motoris\u00e9e. Ultime it\u00e9ration du moteur atmosph\u00e9rique, la premi\u00e8re phase de la g\u00e9n\u00e9ration 991 est extr\u00eamement appr\u00e9ci\u00e9e gr\u00e2ce notamment \u00e0 la sonorit\u00e9 naturelle du Flat 6, une valeur s\u00fbr dans le march\u00e9 des Porsche modernes !<\/p>\n<p>Notre exemplaire en question re\u00e7oit un \u00e9quipement pl\u00e9thorique (Pack Chrono, Si\u00e8ges chauffants et ventil\u00e9s, Hifi BOSE). L&rsquo;auto a toujours \u00e9t\u00e9 entretenue en centre Porsche et est \u00e0 jour de r\u00e9vision (derni\u00e8re en 01\/2021 \u00e0 39300km).<\/p>\n","protected":false},"excerpt":{"rendered":"<ul>\n<li>Carnet d&rsquo;entretien<\/li>\n<li>Syst\u00e8me \u00e9chappement sport<\/li>\n<li>Cuir \u00e9tendu<\/li>\n<li>R\u00e9gulateur de vitesse<\/li>\n<li>Phare \u00e0 LED incluant le Porche Dynamic Light System Plus (PDLS+)<\/li>\n<li>BOSE Surround Sound System<\/li>\n<li>Module de navigation pour PCM<\/li>\n<li>Porsche Communication Management (PCM)<\/li>\n<li>Pack sport chrono<\/li>\n<li>Si\u00e8ges ventil\u00e9s<\/li>\n<li>D\u00e9marrage sans cl\u00e9s<\/li>\n<li>Si\u00e8ges chauffants<\/li>\n<li>Si\u00e8ges \u00e9lectriques<\/li>\n<li>Volant Sportdesign en cuir<\/li>\n<li>Etriers de freins Rouge<\/li>\n<\/ul>\n","protected":false},"featured_media":17444,"comment_status":"open","ping_status":"closed","template":"","meta":[],"product_cat":[21],"product_tag":[],"class_list":["post-17443","product","type-product","status-publish","has-post-thumbnail","hentry","product_cat-porsche","entry","has-media"],"_links":{"self":[{"href":"https:\/\/newmoteuretsens.e-madgin.com\/index.php\/wp-json\/wp\/v2\/product\/17443","targetHints":{"allow":["GET"]}}],"collection":[{"href":"https:\/\/newmoteuretsens.e-madgin.com\/index.php\/wp-json\/wp\/v2\/product"}],"about":[{"href":"https:\/\/newmoteuretsens.e-madgin.com\/index.php\/wp-json\/wp\/v2\/types\/product"}],"replies":[{"embeddable":true,"href":"https:\/\/newmoteuretsens.e-madgin.com\/index.php\/wp-json\/wp\/v2\/comments?post=17443"}],"wp:featuredmedia":[{"embeddable":true,"href":"https:\/\/newmoteuretsens.e-madgin.com\/index.php\/wp-json\/wp\/v2\/media\/17444"}],"wp:attachment":[{"href":"https:\/\/newmoteuretsens.e-madgin.com\/index.php\/wp-json\/wp\/v2\/media?parent=17443"}],"wp:term":[{"taxonomy":"product_cat","embeddable":true,"href":"https:\/\/newmoteuretsens.e-madgin.com\/index.php\/wp-json\/wp\/v2\/product_cat?post=17443"},{"taxonomy":"product_tag","embeddable":true,"href":"https:\/\/newmoteuretsens.e-madgin.com\/index.php\/wp-json\/wp\/v2\/product_tag?post=17443"}],"curies":[{"name":"wp","href":"https:\/\/api.w.org\/{rel}","templated":true}]}}