{"id":17252,"date":"2022-01-19T17:53:02","date_gmt":"2022-01-19T16:53:02","guid":{"rendered":"https:\/\/newmoteuretsens.e-madgin.com\/?post_type=product&#038;p=17252"},"modified":"2022-01-19T17:53:03","modified_gmt":"2022-01-19T16:53:03","slug":"porsche-911-type-991-turbo-s-cabriolet-560ch","status":"publish","type":"product","link":"https:\/\/newmoteuretsens.e-madgin.com\/index.php\/produit\/porsche-911-type-991-turbo-s-cabriolet-560ch\/","title":{"rendered":"PORSCHE 911 TYPE 991 TURBO S CABRIOLET 560CH"},"content":{"rendered":"<p>La 991 Turbo S Cabriolet, ici en phase 2 proposant 560 chevaux, est surement ce que l&rsquo;on fait de plus performant en cabriolet 4 places. En efficacit\u00e9, en relance, en polyvalence, elle est imbattable, et son interface tr\u00e8s moderne est d&rsquo;une simplicit\u00e9 enfantine. Une telle puissance, exploitable pleinement et en toutes conditions, rends l&rsquo;exp\u00e9rience de conduite, et les kilom\u00e8tres a son volant assez jouissifs. La fiabilit\u00e9 est \u00e9galement au rendez-vous, bref, il suffit de tourner la cl\u00e9s et d&rsquo;aller rouler sans arri\u00e8re pens\u00e9es. Le tout dans un cocon ou l&rsquo;on se sent chez soit et ou tout tombe parfaitement sous la main. On le r\u00e9p\u00e8te, la Turbo est un formidable couteau Suisse, mais en cabriolet elle rajoute une corde \u00e0 son arc, parfois manquante, l&rsquo;\u00e9motion. Ouvert, le souffle des turbines est plus pr\u00e9sent, les sensations plus fortes.<\/p>\n<p>Notre exemplaire pr\u00e9sente une configuration tout \u00e0 fait sublime avec cet int\u00e9rieur Full cuir Cocoa rappelant la couleur de la capote, le rendu est d&rsquo;un chic rare ! Cette voiture est fran\u00e7aise d&rsquo;origine et a toujours \u00e9t\u00e9 suivie en centre Porsche (sous r\u00e9gime Porsche approved jusqu&rsquo;en fin 2021) , elle est \u00e0 jour de r\u00e9vision (derni\u00e8re en 04\/2021 \u00e0 31 600km).<\/p>\n","protected":false},"excerpt":{"rendered":"<ul>\n<li>Pack Carbone int\u00e9rieur<\/li>\n<li>Radars de stationnement avant et arri\u00e8re<\/li>\n<li>Carnet d&rsquo;entretien<\/li>\n<li>Factures d&rsquo;entretien<\/li>\n<li>Si\u00e8ges \u00e9lectriques m\u00e9moires<\/li>\n<li>Si\u00e8ges chauffants<\/li>\n<li>R\u00e9gulateur de vitesse<\/li>\n<li>Climatisation automatique bi-zone<\/li>\n<li>Phare \u00e0 LED incluant le Porche Dynamic Light System Plus (PDLS+)<\/li>\n<li>Assistance parking arri\u00e8re avec cam\u00e9ra de recul<\/li>\n<li>R\u00e9troviseurs ext\u00e9rieurs rabattables \u00e9lectriquement<\/li>\n<li>Tapis de sol<\/li>\n<li>BOSE Surround Sound System<\/li>\n<li>R\u00e9troviseurs int\u00e9rieur et ext\u00e9rieurs anti-\u00e9blouissement avec capteur de pluie<\/li>\n<li>Pack sport chrono<\/li>\n<li>Volant multifonction incluant fonction chauffage<\/li>\n<li>Si\u00e8ges ventil\u00e9s<\/li>\n<li>Jantes Turbo S \u00e0 \u00e9crou central<\/li>\n<li>Si\u00e8ges sport adaptatifs 18 positions<\/li>\n<li>D\u00e9marrage sans cl\u00e9s<\/li>\n<li>Cuir \u00e9tendu<\/li>\n<li>Logo Porsche sur les appui-t\u00eates<\/li>\n<\/ul>\n","protected":false},"featured_media":17253,"comment_status":"open","ping_status":"closed","template":"","meta":[],"product_cat":[21],"product_tag":[],"class_list":["post-17252","product","type-product","status-publish","has-post-thumbnail","hentry","product_cat-porsche","entry","has-media"],"_links":{"self":[{"href":"https:\/\/newmoteuretsens.e-madgin.com\/index.php\/wp-json\/wp\/v2\/product\/17252","targetHints":{"allow":["GET"]}}],"collection":[{"href":"https:\/\/newmoteuretsens.e-madgin.com\/index.php\/wp-json\/wp\/v2\/product"}],"about":[{"href":"https:\/\/newmoteuretsens.e-madgin.com\/index.php\/wp-json\/wp\/v2\/types\/product"}],"replies":[{"embeddable":true,"href":"https:\/\/newmoteuretsens.e-madgin.com\/index.php\/wp-json\/wp\/v2\/comments?post=17252"}],"wp:featuredmedia":[{"embeddable":true,"href":"https:\/\/newmoteuretsens.e-madgin.com\/index.php\/wp-json\/wp\/v2\/media\/17253"}],"wp:attachment":[{"href":"https:\/\/newmoteuretsens.e-madgin.com\/index.php\/wp-json\/wp\/v2\/media?parent=17252"}],"wp:term":[{"taxonomy":"product_cat","embeddable":true,"href":"https:\/\/newmoteuretsens.e-madgin.com\/index.php\/wp-json\/wp\/v2\/product_cat?post=17252"},{"taxonomy":"product_tag","embeddable":true,"href":"https:\/\/newmoteuretsens.e-madgin.com\/index.php\/wp-json\/wp\/v2\/product_tag?post=17252"}],"curies":[{"name":"wp","href":"https:\/\/api.w.org\/{rel}","templated":true}]}}