{"id":17202,"date":"2022-01-19T12:37:03","date_gmt":"2022-01-19T11:37:03","guid":{"rendered":"https:\/\/newmoteuretsens.e-madgin.com\/?post_type=product&#038;p=17202"},"modified":"2022-01-21T12:50:24","modified_gmt":"2022-01-21T11:50:24","slug":"porsche-718-boxster-spyder","status":"publish","type":"product","link":"https:\/\/newmoteuretsens.e-madgin.com\/index.php\/produit\/porsche-718-boxster-spyder\/","title":{"rendered":"PORSCHE 718 BOXSTER SPYDER"},"content":{"rendered":"<p>En deux temps trois mouvements, on se sent comme \u00e0 la maison tant la position de conduite, l\u2019ergonomie des commandes et l\u2019excellent ressenti au touch\u00e9 du volant, les freins et la boite manuelle mettent en confiance ! Une fois au volant, le 718 Spyder s\u00e9duit rapidement par son agr\u00e9ment m\u00e9canique. Tandis que la commande de bo\u00eete s\u00e9duit par ses d\u00e9battements courts et pr\u00e9cis, la r\u00e9ponse du moteur est imm\u00e9diate.<\/p>\n<p>L&rsquo;exemplaire que nous proposons pr\u00e9sente une sublime configuration Spyder Classic et est dans un \u00e9tat proche du neuf avec moins de 5000km \u00e0 son compteur.<\/p>\n","protected":false},"excerpt":{"rendered":"<ul>\n<li>Pack int\u00e9rieur Spyder Classic<\/li>\n<li>Si\u00e8ges chauffants<\/li>\n<li>R\u00e9gulateur de vitesse<\/li>\n<li>Option multifonction et chauffage du volant<\/li>\n<li>Habillage de l&rsquo;arceau de s\u00e9curit\u00e9 peint en couleur ext\u00e9rieure<\/li>\n<li>Pare-brise teint\u00e9 d\u00e9grad\u00e9<\/li>\n<li>Climatisation automatique bi-zone<\/li>\n<li>Phare \u00e0 LED incluant le Porche Dynamic Light System Plus (PDLS+)<\/li>\n<li>Homelink<\/li>\n<li>Pack luminosit\u00e9<\/li>\n<li>Affichage des limitations de vitesse<\/li>\n<li>Assistance parking arri\u00e8re avec cam\u00e9ra de recul<\/li>\n<li>R\u00e9troviseurs ext\u00e9rieurs rabattables \u00e9lectriquement<\/li>\n<li>Porsche Vehicle Tracking System Plus (PVTS PLUS)<\/li>\n<li>Tapis de sol<\/li>\n<li>BOSE Surround Sound System<\/li>\n<li>Apple CarPlay avec reconnaissance vocale Siri<\/li>\n<li>Compartiment Smartphone<\/li>\n<li>Si\u00e8ges baquets sport<\/li>\n<li>R\u00e9troviseurs int\u00e9rieur et ext\u00e9rieurs anti-\u00e9blouissement avec capteur de pluie<\/li>\n<li>Module de navigation incluant Porsche Connect<\/li>\n<li>Radio num\u00e9rique<\/li>\n<li>Jantes peintes en Platine (finition Satin\u00e9e)<\/li>\n<li>R\u00e9servoir 64L<\/li>\n<li>Kit premiers secours<\/li>\n<li>Porsche Torque Vectoring (PTV) avec diff\u00e9rentiel glissement limit\u00e9 m\u00e9ca<\/li>\n<li>Capteur de pluie<\/li>\n<li>R\u00e9troviseurs int\u00e9rieur et ext\u00e9rieurs anti-\u00e9blouissement<\/li>\n<li>Jantes 718 Spyder 20 pouces<\/li>\n<li>Enjoliveurs de roue<\/li>\n<li>Porsche Active Suspension Management (PASM) avec ch\u00e2ssis -10mm<\/li>\n<li>Module de navigation pour PCM<\/li>\n<li>Porsche Communication Management (PCM)<\/li>\n<li>Pack sport chrono<\/li>\n<li>Interface USB arri\u00e8re<\/li>\n<li>Valves TPM en gris<\/li>\n<li>Levier de vitesse en alcantara<\/li>\n<li>Feux arri\u00e8re fum\u00e9s<\/li>\n<li>Cache de la console centrale peint<\/li>\n<\/ul>\n","protected":false},"featured_media":17203,"comment_status":"open","ping_status":"closed","template":"","meta":[],"product_cat":[21],"product_tag":[],"class_list":["post-17202","product","type-product","status-publish","has-post-thumbnail","hentry","product_cat-porsche","entry","has-media"],"_links":{"self":[{"href":"https:\/\/newmoteuretsens.e-madgin.com\/index.php\/wp-json\/wp\/v2\/product\/17202","targetHints":{"allow":["GET"]}}],"collection":[{"href":"https:\/\/newmoteuretsens.e-madgin.com\/index.php\/wp-json\/wp\/v2\/product"}],"about":[{"href":"https:\/\/newmoteuretsens.e-madgin.com\/index.php\/wp-json\/wp\/v2\/types\/product"}],"replies":[{"embeddable":true,"href":"https:\/\/newmoteuretsens.e-madgin.com\/index.php\/wp-json\/wp\/v2\/comments?post=17202"}],"wp:featuredmedia":[{"embeddable":true,"href":"https:\/\/newmoteuretsens.e-madgin.com\/index.php\/wp-json\/wp\/v2\/media\/17203"}],"wp:attachment":[{"href":"https:\/\/newmoteuretsens.e-madgin.com\/index.php\/wp-json\/wp\/v2\/media?parent=17202"}],"wp:term":[{"taxonomy":"product_cat","embeddable":true,"href":"https:\/\/newmoteuretsens.e-madgin.com\/index.php\/wp-json\/wp\/v2\/product_cat?post=17202"},{"taxonomy":"product_tag","embeddable":true,"href":"https:\/\/newmoteuretsens.e-madgin.com\/index.php\/wp-json\/wp\/v2\/product_tag?post=17202"}],"curies":[{"name":"wp","href":"https:\/\/api.w.org\/{rel}","templated":true}]}}