{"id":17126,"date":"2022-01-18T10:03:08","date_gmt":"2022-01-18T09:03:08","guid":{"rendered":"https:\/\/newmoteuretsens.e-madgin.com\/?post_type=product&#038;p=17126"},"modified":"2022-02-15T15:51:34","modified_gmt":"2022-02-15T14:51:34","slug":"lamborghini-huracan-evo-spyder","status":"publish","type":"product","link":"https:\/\/newmoteuretsens.e-madgin.com\/index.php\/produit\/lamborghini-huracan-evo-spyder\/","title":{"rendered":"LAMBORGHINI HURACAN EVO SPYDER"},"content":{"rendered":"<p>Avec l&rsquo;Huracan, on peut d\u00e9cemment dire que Lamborghini entre de plein pied dans l&rsquo;\u00e8re des berlinettes ultra moderne. Et de quelle mani\u00e8re ! V10 atmosph\u00e9rique \u00e0 injection directe, boite double embrayage, performance stratosph\u00e9rique, facilit\u00e9 d&rsquo;utilisation comme jamais dans l&rsquo;histoire de Lamborghini, finition int\u00e9rieure au millim\u00e8tre et fiabilit\u00e9. Sans oublier l&rsquo;essentiel, une ligne \u00e0 couper le souffle comme seule Lamborghini sait les faire et une sonorit\u00e9 dantesque. Tous les ingr\u00e9dients d&rsquo;un Best Seller.<\/p>\n<p>Cet exemplaire particulier d&rsquo;Huracan EVO Spyder est dans un \u00e9tat absolument parfait. L&rsquo;auto est rutilante et tr\u00e8s bien \u00e9quip\u00e9e. Sa configuration allie sobri\u00e9t\u00e9 avec sa couleur Nero Helene et exotisme avec ses \u00e9triers et surpiq\u00fbres vertes.<\/p>\n","protected":false},"excerpt":{"rendered":"<ul>\n<li>Syst\u00e8me de levage de l&rsquo;essieu avant<\/li>\n<li>Cam\u00e9ra de recul<\/li>\n<li>Radars de stationnement avant et arri\u00e8re<\/li>\n<li>Jantes peintes en noir<\/li>\n<li>Freins c\u00e9ramiques<\/li>\n<li>Si\u00e8ges \u00e9lectriques<\/li>\n<li>Etriers de freins Vert<\/li>\n<li>Surpiq\u00fbres verte Ad Personam<\/li>\n<li>Branding Pack<\/li>\n<\/ul>\n","protected":false},"featured_media":17127,"comment_status":"open","ping_status":"closed","template":"","meta":[],"product_cat":[29],"product_tag":[],"class_list":["post-17126","product","type-product","status-publish","has-post-thumbnail","hentry","product_cat-lamborghini","entry","has-media"],"_links":{"self":[{"href":"https:\/\/newmoteuretsens.e-madgin.com\/index.php\/wp-json\/wp\/v2\/product\/17126","targetHints":{"allow":["GET"]}}],"collection":[{"href":"https:\/\/newmoteuretsens.e-madgin.com\/index.php\/wp-json\/wp\/v2\/product"}],"about":[{"href":"https:\/\/newmoteuretsens.e-madgin.com\/index.php\/wp-json\/wp\/v2\/types\/product"}],"replies":[{"embeddable":true,"href":"https:\/\/newmoteuretsens.e-madgin.com\/index.php\/wp-json\/wp\/v2\/comments?post=17126"}],"wp:featuredmedia":[{"embeddable":true,"href":"https:\/\/newmoteuretsens.e-madgin.com\/index.php\/wp-json\/wp\/v2\/media\/17127"}],"wp:attachment":[{"href":"https:\/\/newmoteuretsens.e-madgin.com\/index.php\/wp-json\/wp\/v2\/media?parent=17126"}],"wp:term":[{"taxonomy":"product_cat","embeddable":true,"href":"https:\/\/newmoteuretsens.e-madgin.com\/index.php\/wp-json\/wp\/v2\/product_cat?post=17126"},{"taxonomy":"product_tag","embeddable":true,"href":"https:\/\/newmoteuretsens.e-madgin.com\/index.php\/wp-json\/wp\/v2\/product_tag?post=17126"}],"curies":[{"name":"wp","href":"https:\/\/api.w.org\/{rel}","templated":true}]}}