{"id":17078,"date":"2022-01-17T16:34:17","date_gmt":"2022-01-17T15:34:17","guid":{"rendered":"https:\/\/newmoteuretsens.e-madgin.com\/?post_type=product&#038;p=17078"},"modified":"2022-01-17T16:34:17","modified_gmt":"2022-01-17T15:34:17","slug":"porsche-991-cabriolet-4gts-450ch","status":"publish","type":"product","link":"https:\/\/newmoteuretsens.e-madgin.com\/index.php\/produit\/porsche-991-cabriolet-4gts-450ch\/","title":{"rendered":"PORSCHE 991 CABRIOLET 4GTS 450CH"},"content":{"rendered":"<p>Chez Porsche, la gamme GTS, bien que jeune, est d\u00e9j\u00e0 incontournable dans l&rsquo;esprit des propri\u00e9taires. Apparue sur la g\u00e9n\u00e9ration 997 de la 911, cette alternative se voulait \u00eatre une \u00e9tape entre la Carrera S et la GT3. Le programme consiste donc \u00e0 conserver l&rsquo;excellente polyvalence de la 911 tout en y ajoutant une dose de sportivit\u00e9 proche d&rsquo;une GT3. Le gain de 30 chevaux par rapport \u00e0 une Carrera S et certaines options comme le PASM ou le PTV viennent peaufiner le comportement dynamique. D&rsquo;autant que sur cette g\u00e9n\u00e9ration de 991, le moteur est suraliment\u00e9 par deux turbocompresseurs qui apporte plus de couple et une meilleure \u00e9lasticit\u00e9 compar\u00e9 aux versions pr\u00e9c\u00e9dentes.<\/p>\n<p>Le mod\u00e8le que nous pr\u00e9sentons ici est dans un superbe \u00e9tat et \u00e0 jour de r\u00e9vision.<\/p>\n","protected":false},"excerpt":{"rendered":"<ul>\n<li>Cam\u00e9ra de recul<\/li>\n<li>Int\u00e9rieur cuir\/alcantara<\/li>\n<li>Radars de stationnement avant et arri\u00e8re<\/li>\n<li>Carnet d&rsquo;entretien<\/li>\n<li>Si\u00e8ges chauffants<\/li>\n<li>\u00c9chappement sport<\/li>\n<li>\u00c9triers de freins rouge<\/li>\n<li>R\u00e9troviseurs SportDesign<\/li>\n<li>Pack sport chrono<\/li>\n<li>Phares LED PDLS Fond noir<\/li>\n<li>Pack GTS<\/li>\n<li>Cuir \u00e9tendu<\/li>\n<\/ul>\n","protected":false},"featured_media":17079,"comment_status":"open","ping_status":"closed","template":"","meta":[],"product_cat":[21],"product_tag":[],"class_list":["post-17078","product","type-product","status-publish","has-post-thumbnail","hentry","product_cat-porsche","entry","has-media"],"_links":{"self":[{"href":"https:\/\/newmoteuretsens.e-madgin.com\/index.php\/wp-json\/wp\/v2\/product\/17078","targetHints":{"allow":["GET"]}}],"collection":[{"href":"https:\/\/newmoteuretsens.e-madgin.com\/index.php\/wp-json\/wp\/v2\/product"}],"about":[{"href":"https:\/\/newmoteuretsens.e-madgin.com\/index.php\/wp-json\/wp\/v2\/types\/product"}],"replies":[{"embeddable":true,"href":"https:\/\/newmoteuretsens.e-madgin.com\/index.php\/wp-json\/wp\/v2\/comments?post=17078"}],"wp:featuredmedia":[{"embeddable":true,"href":"https:\/\/newmoteuretsens.e-madgin.com\/index.php\/wp-json\/wp\/v2\/media\/17079"}],"wp:attachment":[{"href":"https:\/\/newmoteuretsens.e-madgin.com\/index.php\/wp-json\/wp\/v2\/media?parent=17078"}],"wp:term":[{"taxonomy":"product_cat","embeddable":true,"href":"https:\/\/newmoteuretsens.e-madgin.com\/index.php\/wp-json\/wp\/v2\/product_cat?post=17078"},{"taxonomy":"product_tag","embeddable":true,"href":"https:\/\/newmoteuretsens.e-madgin.com\/index.php\/wp-json\/wp\/v2\/product_tag?post=17078"}],"curies":[{"name":"wp","href":"https:\/\/api.w.org\/{rel}","templated":true}]}}