{"id":17017,"date":"2022-01-14T13:14:54","date_gmt":"2022-01-14T12:14:54","guid":{"rendered":"https:\/\/newmoteuretsens.e-madgin.com\/?post_type=product&#038;p=17017"},"modified":"2022-01-14T13:14:55","modified_gmt":"2022-01-14T12:14:55","slug":"aston-martin-dbs-superleggera-volante-2","status":"publish","type":"product","link":"https:\/\/newmoteuretsens.e-madgin.com\/index.php\/produit\/aston-martin-dbs-superleggera-volante-2\/","title":{"rendered":"ASTON MARTIN DBS SUPERLEGGERA VOLANTE"},"content":{"rendered":"<p>\u00ab\u00a0Nous ne sommes pas des stylistes automobiles, nous sommes des ing\u00e9nieurs en design\u00a0\u00bb tels sont les mots de Marek Reichman, directeur de la cr\u00e9ation Aston Martin! C&rsquo;est avec sa bouche b\u00e9ante en guise de calandre que la DBS Superleggera attire le regard. Ses \u00e9normes prises d&rsquo;air diss\u00e9min\u00e9es partout sur la carrosserie impressionnent et sa lame \u00e0 l&rsquo;avant donne l&rsquo;impression d&rsquo;une b\u00eate pr\u00eate \u00e0 d\u00e9vorer le bitume. Les 725 CV d\u00e9livr\u00e9s par le moteur V12 de 5,2 L bi-turbo de la DBS repr\u00e9sentent incontestablement un chiffre colossal. Et il n&rsquo;est que le point de d\u00e9part d&rsquo;un grand talent. Lorsque vous conduisez la DBS, vous savourez quelque chose d&rsquo;encore plus ph\u00e9nom\u00e9nal : son couple. La notion de couple est difficile \u00e0 expliquer, mais au volant, elle se ressent imm\u00e9diatement dans l&rsquo;acc\u00e9l\u00e9ration et la reprise de la voiture. Et lorsque la DBS acc\u00e9l\u00e8re, ce sont 900 Nm de couple qu&rsquo;elle d\u00e9livre, soit plus que toute autre voiture de route Aston Martin.<\/p>\n<p>Notre mod\u00e8le dans cette version volante, d\u00e9cuple le plaisir de conduite, et permets de profiter des feulements du V12 cheveux au vent ! Cette voiture est une premi\u00e8re main \u00e0 la configuration strictement parfaite : sa teinte contemporaine ultramarine black est sublime, mixant sportivit\u00e9 et \u00e9l\u00e9gance, elle est associ\u00e9e \u00e0 un int\u00e9rieur avec les surpiq\u00fbres et passepoils en couleurs contrastantes d&rsquo;un chic \u00e9poustouflant ! Avec une baisse cons\u00e9quente de la production par Aston Martin, la cote de ces auto est extr\u00eamement stable, raison de plus pour profiter de ce moteur \u00e9pique qui deviendra sans doute collector dans les prochaines ann\u00e9es \u00e0 venir !<\/p>\n","protected":false},"excerpt":{"rendered":"<ul>\n<li>Hood &#8211; Atlantic Blue<\/li>\n<li>Bang &amp; Olufsen Beosound Audio<\/li>\n<li>Hood Louvre &#8211; Black Mesh<\/li>\n<li>Black Boot Carpet<\/li>\n<li>Brake calipers &#8211; Black<\/li>\n<li>Exhaust Tailpipe Stainless Steel &#8211; Matte Black<\/li>\n<li>Carbon Fibre Splitter &amp; Diffuser<\/li>\n<li>Painted exterior Door release<\/li>\n<li>Trim Inlay &#8211; Piano Black<\/li>\n<li>Fender Louvre &#8211; Black<\/li>\n<li>First Aid Kit<\/li>\n<li>Base floor mats<\/li>\n<li>Front Plinth &#8211; In Boot Bag<\/li>\n<li>Garage Door opener (Homelink)<\/li>\n<li>Satin Silver Jewellery Pack<\/li>\n<li>Mirror Cap &#8211; Body colour<\/li>\n<li>Power Seat Bolsters<\/li>\n<li>Ventiladed Front Seats<\/li>\n<li>Embossed Wings<\/li>\n<li>DBS Placed Perforation<\/li>\n<li>Sports Plus Seats<\/li>\n<li>Smoked Rear Lamps<\/li>\n<li>Umbrella<\/li>\n<li>Ten Twin Spoke &#8211; Gloss Black Dt<\/li>\n<\/ul>\n","protected":false},"featured_media":17018,"comment_status":"open","ping_status":"closed","template":"","meta":[],"product_cat":[25],"product_tag":[],"class_list":["post-17017","product","type-product","status-publish","has-post-thumbnail","hentry","product_cat-aston-martin","entry","has-media"],"_links":{"self":[{"href":"https:\/\/newmoteuretsens.e-madgin.com\/index.php\/wp-json\/wp\/v2\/product\/17017","targetHints":{"allow":["GET"]}}],"collection":[{"href":"https:\/\/newmoteuretsens.e-madgin.com\/index.php\/wp-json\/wp\/v2\/product"}],"about":[{"href":"https:\/\/newmoteuretsens.e-madgin.com\/index.php\/wp-json\/wp\/v2\/types\/product"}],"replies":[{"embeddable":true,"href":"https:\/\/newmoteuretsens.e-madgin.com\/index.php\/wp-json\/wp\/v2\/comments?post=17017"}],"wp:featuredmedia":[{"embeddable":true,"href":"https:\/\/newmoteuretsens.e-madgin.com\/index.php\/wp-json\/wp\/v2\/media\/17018"}],"wp:attachment":[{"href":"https:\/\/newmoteuretsens.e-madgin.com\/index.php\/wp-json\/wp\/v2\/media?parent=17017"}],"wp:term":[{"taxonomy":"product_cat","embeddable":true,"href":"https:\/\/newmoteuretsens.e-madgin.com\/index.php\/wp-json\/wp\/v2\/product_cat?post=17017"},{"taxonomy":"product_tag","embeddable":true,"href":"https:\/\/newmoteuretsens.e-madgin.com\/index.php\/wp-json\/wp\/v2\/product_tag?post=17017"}],"curies":[{"name":"wp","href":"https:\/\/api.w.org\/{rel}","templated":true}]}}