{"id":16969,"date":"2022-01-13T16:35:16","date_gmt":"2022-01-13T15:35:16","guid":{"rendered":"https:\/\/newmoteuretsens.e-madgin.com\/?post_type=product&#038;p=16969"},"modified":"2022-01-13T16:35:16","modified_gmt":"2022-01-13T15:35:16","slug":"aston-martin-v12-vantage-bvm-carbon-black","status":"publish","type":"product","link":"https:\/\/newmoteuretsens.e-madgin.com\/index.php\/produit\/aston-martin-v12-vantage-bvm-carbon-black\/","title":{"rendered":"ASTON MARTIN V12 VANTAGE BVM CARBON BLACK"},"content":{"rendered":"<p>La V12 Vantage est devenue avec le temps un mod\u00e8le embl\u00e9matique de la gamme Aston Martin. Sa boite m\u00e9canique, le couple et l&rsquo;allonge de son V12 de 517 chevaux en font une voiture aussi sensationnelle que plaisante \u00e0 piloter. Le challenge \u00e9tait double, implanter le plus gros moteur de la gamme Aston, dans la plus petite plateforme. Le tout en conservant son temp\u00e9rament sportif et son \u00e9quilibre. Le moins que l&rsquo;on puisse dire c&rsquo;est que c&rsquo;est une r\u00e9ussite. En ligne elle est plus galb\u00e9e et agressive sans se d\u00e9partir de son \u00e9l\u00e9gance naturelle. Le moteur fait le reste !<\/p>\n<p>Cet exemplaire particulier fait partie de la s\u00e9rie \u00ab\u00a0Carbon Black \u00e9dition\u00a0\u00bb dont on recense moins de 200 voitures dans le monde. Certains d\u00e9tails comme les ailettes carbone, les jantes sp\u00e9cifiques ou encore les plaques carbone sur les seuils de portes la distingue de la version classique. Les entretiens ont toujours \u00e9t\u00e9 r\u00e9alis\u00e9s chez Aston Martin et une r\u00e9vision sera faite l\u00e0 bas pour la vente ! Laissez vous envouter par la magie Aston Martin, avec un exemplaire a fort potentiel.<\/p>\n","protected":false},"excerpt":{"rendered":"<ul>\n<li>Bang &amp; Olufsen<\/li>\n<li>Ciel de toit alcantara<\/li>\n<li>Pack Carbone ext\u00e9rieur<\/li>\n<li>Syst\u00e8me de capteurs de pressions de pneus<\/li>\n<li>Radars de stationnement avant et arri\u00e8re<\/li>\n<li>Carnet d&rsquo;entretien<\/li>\n<li>Si\u00e8ges \u00e9lectriques m\u00e9moires<\/li>\n<li>Surpiq\u00fbres gris clair<\/li>\n<li>Finition int\u00e9rieur Piano Black<\/li>\n<li>Carbon Black Edition<\/li>\n<\/ul>\n","protected":false},"featured_media":16970,"comment_status":"open","ping_status":"closed","template":"","meta":[],"product_cat":[25],"product_tag":[],"class_list":["post-16969","product","type-product","status-publish","has-post-thumbnail","hentry","product_cat-aston-martin","entry","has-media"],"_links":{"self":[{"href":"https:\/\/newmoteuretsens.e-madgin.com\/index.php\/wp-json\/wp\/v2\/product\/16969","targetHints":{"allow":["GET"]}}],"collection":[{"href":"https:\/\/newmoteuretsens.e-madgin.com\/index.php\/wp-json\/wp\/v2\/product"}],"about":[{"href":"https:\/\/newmoteuretsens.e-madgin.com\/index.php\/wp-json\/wp\/v2\/types\/product"}],"replies":[{"embeddable":true,"href":"https:\/\/newmoteuretsens.e-madgin.com\/index.php\/wp-json\/wp\/v2\/comments?post=16969"}],"wp:featuredmedia":[{"embeddable":true,"href":"https:\/\/newmoteuretsens.e-madgin.com\/index.php\/wp-json\/wp\/v2\/media\/16970"}],"wp:attachment":[{"href":"https:\/\/newmoteuretsens.e-madgin.com\/index.php\/wp-json\/wp\/v2\/media?parent=16969"}],"wp:term":[{"taxonomy":"product_cat","embeddable":true,"href":"https:\/\/newmoteuretsens.e-madgin.com\/index.php\/wp-json\/wp\/v2\/product_cat?post=16969"},{"taxonomy":"product_tag","embeddable":true,"href":"https:\/\/newmoteuretsens.e-madgin.com\/index.php\/wp-json\/wp\/v2\/product_tag?post=16969"}],"curies":[{"name":"wp","href":"https:\/\/api.w.org\/{rel}","templated":true}]}}