{"id":16814,"date":"2022-01-13T12:39:09","date_gmt":"2022-01-13T11:39:09","guid":{"rendered":"https:\/\/newmoteuretsens.e-madgin.com\/?post_type=product&#038;p=16814"},"modified":"2022-01-13T12:39:09","modified_gmt":"2022-01-13T11:39:09","slug":"aston-martin-v12-vantage-bvm-3","status":"publish","type":"product","link":"https:\/\/newmoteuretsens.e-madgin.com\/index.php\/produit\/aston-martin-v12-vantage-bvm-3\/","title":{"rendered":"ASTON MARTIN V12 VANTAGE BVM"},"content":{"rendered":"<p>La V12 Vantage est devenue avec le temps un mod\u00e8le embl\u00e9matique de la gamme Aston Martin. Sa boite m\u00e9canique, le couple et l&rsquo;allonge de son V12 de 517 chevaux en font une voiture aussi sensationnelle que plaisante \u00e0 piloter. Le challenge \u00e9tait double, implanter le plus gros moteur de la gamme Aston, dans la plus petite plateforme. Le tout en conservant son temp\u00e9rament sportif et son \u00e9quilibre. Le moins que l&rsquo;on puisse dire c&rsquo;est que c&rsquo;est une r\u00e9ussite. En ligne elle est plus galb\u00e9e et agressive sans se d\u00e9partir de son \u00e9l\u00e9gance naturelle. Le moteur fait le reste !<\/p>\n<p>Cet exemplaire particulier est pr\u00e9sent\u00e9 dans une livr\u00e9e tr\u00e8s rare nomm\u00e9e \u00ab\u00a0Gris Hammerhead\u00a0\u00bb qui lui conf\u00e8re un style sport chic. Les entretiens ont toujours \u00e9t\u00e9 r\u00e9alis\u00e9s chez Aston Martin et la voiture pr\u00e9sente un parfait \u00e9tat g\u00e9n\u00e9ral !<\/p>\n","protected":false},"excerpt":{"rendered":"<ul>\n<li>Ciel de toit alcantara<\/li>\n<li>R\u00e9gulateur de vitesse<\/li>\n<li>Cam\u00e9ra de recul<\/li>\n<li>Int\u00e9rieur cuir\/alcantara<\/li>\n<li>Radars de stationnement avant et arri\u00e8re<\/li>\n<li>Carnet d&rsquo;entretien<\/li>\n<li>Surpiq\u00fbres gris clair<\/li>\n<li>Si\u00e8ges \u00e9lectriques \u00e0 m\u00e9moires<\/li>\n<li>Syst\u00e8me de navigation<\/li>\n<li>Finition Piano Black<\/li>\n<li>Volant alcantara<\/li>\n<\/ul>\n","protected":false},"featured_media":16905,"comment_status":"open","ping_status":"closed","template":"","meta":[],"product_cat":[25],"product_tag":[],"class_list":["post-16814","product","type-product","status-publish","has-post-thumbnail","hentry","product_cat-aston-martin","entry","has-media"],"_links":{"self":[{"href":"https:\/\/newmoteuretsens.e-madgin.com\/index.php\/wp-json\/wp\/v2\/product\/16814","targetHints":{"allow":["GET"]}}],"collection":[{"href":"https:\/\/newmoteuretsens.e-madgin.com\/index.php\/wp-json\/wp\/v2\/product"}],"about":[{"href":"https:\/\/newmoteuretsens.e-madgin.com\/index.php\/wp-json\/wp\/v2\/types\/product"}],"replies":[{"embeddable":true,"href":"https:\/\/newmoteuretsens.e-madgin.com\/index.php\/wp-json\/wp\/v2\/comments?post=16814"}],"wp:featuredmedia":[{"embeddable":true,"href":"https:\/\/newmoteuretsens.e-madgin.com\/index.php\/wp-json\/wp\/v2\/media\/16905"}],"wp:attachment":[{"href":"https:\/\/newmoteuretsens.e-madgin.com\/index.php\/wp-json\/wp\/v2\/media?parent=16814"}],"wp:term":[{"taxonomy":"product_cat","embeddable":true,"href":"https:\/\/newmoteuretsens.e-madgin.com\/index.php\/wp-json\/wp\/v2\/product_cat?post=16814"},{"taxonomy":"product_tag","embeddable":true,"href":"https:\/\/newmoteuretsens.e-madgin.com\/index.php\/wp-json\/wp\/v2\/product_tag?post=16814"}],"curies":[{"name":"wp","href":"https:\/\/api.w.org\/{rel}","templated":true}]}}