{"id":16492,"date":"2022-01-11T14:02:43","date_gmt":"2022-01-11T13:02:43","guid":{"rendered":"https:\/\/newmoteuretsens.e-madgin.com\/?post_type=product&#038;p=16492"},"modified":"2022-01-19T16:20:13","modified_gmt":"2022-01-19T15:20:13","slug":"ferrari-599-gto-2","status":"publish","type":"product","link":"https:\/\/newmoteuretsens.e-madgin.com\/index.php\/produit\/ferrari-599-gto-2\/","title":{"rendered":"FERRARI 599 GTO"},"content":{"rendered":"<p>La 599 GTO a \u00e9t\u00e9 lanc\u00e9e en 2010 et elle n&rsquo;est pourtant que la troisi\u00e8me voiture \u00e0 recevoir la noble appellation de GTO dans la gamme Ferrari, succ\u00e9dant aux mythiques 250 GTO et 288 GTO. Seulement 599 exemplaires ont \u00e9t\u00e9 produits qui furent \u00e0 l&rsquo;\u00e9poques tous vendus avant que m\u00eame que la voiture soit lanc\u00e9e. La GTO a \u00e9t\u00e9 d\u00e9velopp\u00e9e sur une base de 599 GTB mais elle appara\u00eet en fait plut\u00f4t comme une version \u00ab\u00a0street legal\u00a0\u00bb de l&rsquo;extr\u00eame 599XX de course. Celle-ci est d\u00e9finitivement plus agressive et muscl\u00e9e que la GTB, notamment gr\u00e2ce \u00e0 ses a\u00e9rations sur le capot, l&rsquo;\u00e9norme diffuseur arri\u00e8re en carbone, les prises d&rsquo;air b\u00e9antes \u00e0 l&rsquo;avant accompagn\u00e9es de la lame avant en carbone ou encore bien-sur les deux montants faisant la jointure entre le toit noir et la malle arri\u00e8re qui sont les \u00e9l\u00e9ments tr\u00e8s distinctifs de la GTO et signature du designer Pininfarina.<\/p>\n<p>Sous ce long capot, loge l&rsquo;\u00e9norme V12 de 6.0 atmosph\u00e9rique d\u00e9veloppant 670ch, faisant de cette Ferrari la plus rapide de l&rsquo;histoire \u00e0 sa sortie, plus rapide m\u00eame que la l\u00e9gendaire Ferrari Enzo. La boite \u00e0 simple embrayage ajoute au moteur cette brutalit\u00e9 et cette sensation de puissance \u00e0 chaque passage de rapport !<\/p>\n<p>L&rsquo;exemplaire que nous sommes fiers de vous proposer est une premi\u00e8re main toujours suivie chez Ferrari Pozzi (la voiture \u00e9tait encore sous Ferrari Power en fin 2021). La voiture est en parfait \u00e9tat g\u00e9n\u00e9ral et l&rsquo;usure de son embrayage lors de la derni\u00e8re r\u00e9vision chez Ferrari (11\/2021 \u00e0 20800km) a \u00e9t\u00e9 mesur\u00e9e \u00e0 22%, les 4 pneus sont neufs. La TVA est r\u00e9cup\u00e9rable sur cette auto.<\/p>\n","protected":false},"excerpt":{"rendered":"<ul>\n<li>Freins c\u00e9ramiques<\/li>\n<li>Carnet d&rsquo;entretien<\/li>\n<li>Pochette compl\u00e8te<\/li>\n<li>Factures d&rsquo;entretien<\/li>\n<li>Si\u00e8ges \u00e9lectriques \u00e0 m\u00e9moires<\/li>\n<li>Couleur Rosso Scuderia<\/li>\n<li>Contour de phares en Carbone<\/li>\n<li>Bas de caisses en carbone<\/li>\n<li>Jupes lat\u00e9rales en carbone<\/li>\n<li>Seuils de portes carbone<\/li>\n<li>Jantes forg\u00e9es<\/li>\n<li>Volant Carbon avec LED<\/li>\n<li>Tunnel central en fibre de carbone (finition satin)<\/li>\n<li>Inserts Carbone sur le Tableau de Bord (finition satin)<\/li>\n<li>Buses d&rsquo;a\u00e9rations en fibre de carbone (finition satin)<\/li>\n<li>Sellerie Daytona<\/li>\n<li>Surpiq\u00fbres Rosso<\/li>\n<li>Etriers de freins Rouge<\/li>\n<li>Radars de recul<\/li>\n<\/ul>\n","protected":false},"featured_media":16493,"comment_status":"open","ping_status":"closed","template":"","meta":[],"product_cat":[23],"product_tag":[],"class_list":["post-16492","product","type-product","status-publish","has-post-thumbnail","hentry","product_cat-ferrari","entry","has-media"],"_links":{"self":[{"href":"https:\/\/newmoteuretsens.e-madgin.com\/index.php\/wp-json\/wp\/v2\/product\/16492","targetHints":{"allow":["GET"]}}],"collection":[{"href":"https:\/\/newmoteuretsens.e-madgin.com\/index.php\/wp-json\/wp\/v2\/product"}],"about":[{"href":"https:\/\/newmoteuretsens.e-madgin.com\/index.php\/wp-json\/wp\/v2\/types\/product"}],"replies":[{"embeddable":true,"href":"https:\/\/newmoteuretsens.e-madgin.com\/index.php\/wp-json\/wp\/v2\/comments?post=16492"}],"wp:featuredmedia":[{"embeddable":true,"href":"https:\/\/newmoteuretsens.e-madgin.com\/index.php\/wp-json\/wp\/v2\/media\/16493"}],"wp:attachment":[{"href":"https:\/\/newmoteuretsens.e-madgin.com\/index.php\/wp-json\/wp\/v2\/media?parent=16492"}],"wp:term":[{"taxonomy":"product_cat","embeddable":true,"href":"https:\/\/newmoteuretsens.e-madgin.com\/index.php\/wp-json\/wp\/v2\/product_cat?post=16492"},{"taxonomy":"product_tag","embeddable":true,"href":"https:\/\/newmoteuretsens.e-madgin.com\/index.php\/wp-json\/wp\/v2\/product_tag?post=16492"}],"curies":[{"name":"wp","href":"https:\/\/api.w.org\/{rel}","templated":true}]}}