{"id":16443,"date":"2022-01-10T18:50:19","date_gmt":"2022-01-10T17:50:19","guid":{"rendered":"https:\/\/newmoteuretsens.e-madgin.com\/?post_type=product&#038;p=16443"},"modified":"2022-01-20T13:55:36","modified_gmt":"2022-01-20T12:55:36","slug":"ferrari-bb-512-carbu","status":"publish","type":"product","link":"https:\/\/newmoteuretsens.e-madgin.com\/index.php\/produit\/ferrari-bb-512-carbu\/","title":{"rendered":"FERRARI BB 512 CARBU"},"content":{"rendered":"<p>Pr\u00e9sent\u00e9e au Salon de l&rsquo;auto de Paris en 1976, la 512 BB (Comprenez Moteur 12 cylindres 5.0L de cylindr\u00e9e, Boxer) poursuit l&rsquo;\u00e9volution des mod\u00e8les \u00e0 moteur central arri\u00e8re,12 cylindres \u00e0 plat. Tout est am\u00e9lior\u00e9 sur cette g\u00e9n\u00e9ration: A\u00e9rodynamique, Stabilit\u00e9, refroidissement, et la ligne g\u00e9n\u00e9rale de l&rsquo;auto appara\u00eet \u00e9galement comme plus moderne. La puissance a \u00e9t\u00e9 revue \u00e0 360ch, le moteur use d&rsquo;une lubrification \u00e0 carter sec et des carburateurs Weber. A l&rsquo;utilisation, l&rsquo;auto offre plus de couple et de souplesse \u00e0 bas r\u00e9gime. L&rsquo;exemplaire que nous proposons fait partie des seulement 929 voitures produites.<\/p>\n","protected":false},"excerpt":{"rendered":"<p>Int\u00e9rieur cuir<\/p>\n","protected":false},"featured_media":16444,"comment_status":"open","ping_status":"closed","template":"","meta":[],"product_cat":[23],"product_tag":[],"class_list":["post-16443","product","type-product","status-publish","has-post-thumbnail","hentry","product_cat-ferrari","entry","has-media"],"_links":{"self":[{"href":"https:\/\/newmoteuretsens.e-madgin.com\/index.php\/wp-json\/wp\/v2\/product\/16443","targetHints":{"allow":["GET"]}}],"collection":[{"href":"https:\/\/newmoteuretsens.e-madgin.com\/index.php\/wp-json\/wp\/v2\/product"}],"about":[{"href":"https:\/\/newmoteuretsens.e-madgin.com\/index.php\/wp-json\/wp\/v2\/types\/product"}],"replies":[{"embeddable":true,"href":"https:\/\/newmoteuretsens.e-madgin.com\/index.php\/wp-json\/wp\/v2\/comments?post=16443"}],"wp:featuredmedia":[{"embeddable":true,"href":"https:\/\/newmoteuretsens.e-madgin.com\/index.php\/wp-json\/wp\/v2\/media\/16444"}],"wp:attachment":[{"href":"https:\/\/newmoteuretsens.e-madgin.com\/index.php\/wp-json\/wp\/v2\/media?parent=16443"}],"wp:term":[{"taxonomy":"product_cat","embeddable":true,"href":"https:\/\/newmoteuretsens.e-madgin.com\/index.php\/wp-json\/wp\/v2\/product_cat?post=16443"},{"taxonomy":"product_tag","embeddable":true,"href":"https:\/\/newmoteuretsens.e-madgin.com\/index.php\/wp-json\/wp\/v2\/product_tag?post=16443"}],"curies":[{"name":"wp","href":"https:\/\/api.w.org\/{rel}","templated":true}]}}