{"id":16232,"date":"2022-01-05T14:08:44","date_gmt":"2022-01-05T13:08:44","guid":{"rendered":"https:\/\/newmoteuretsens.e-madgin.com\/?post_type=product&#038;p=16232"},"modified":"2022-01-19T16:15:18","modified_gmt":"2022-01-19T15:15:18","slug":"bmw-m4-cs-f82","status":"publish","type":"product","link":"https:\/\/newmoteuretsens.e-madgin.com\/index.php\/produit\/bmw-m4-cs-f82\/","title":{"rendered":"BMW M4 CS (F82)"},"content":{"rendered":"<p>Avec cette version CS (ClubSport) BMW semble avoir trouv\u00e9 le bon compromis: Un look sublime qui se d\u00e9marque sans pour autant trop en faire avec son capot bomb\u00e9 en carbone perc\u00e9 d\u2019une sortie d\u2019air, ses ailes joufflues et son spoiler et aileron en carbone. A l&rsquo;int\u00e9rieur on retrouve l&rsquo;inspiration de la GTS et une atmosph\u00e8re d\u00e9pouill\u00e9e, avec de sublimes si\u00e8ges M Sport \u00e9vas\u00e9s et des panneaux de porte en composite agr\u00e9ment\u00e9s de sangles en lieu et place des classiques poign\u00e9es. Cependant elle dispose de quatre vraies places et d\u2019un \u00e9quipement allant \u00e0 l\u2019essentiel, offrant une climatisation automatique, le GPS ou encore une hi-fi BMW Professional tenant compte des sp\u00e9cificit\u00e9s acoustiques de la M4 CS. En parlant d&rsquo;acoustique, les quatre sorties d\u2019\u00e9chappement lib\u00e8re le son rauque et rageur du 6 cylindres 3.0L. Bien plus fun qu\u2019une RS5 et encore plus communicative qu\u2019une 63 S AMG, la M4 CS marque imm\u00e9diatement par son fabuleux toucher de route, accompagn\u00e9 par des mises en orbite exceptionnelles.<\/p>\n<p>Notre mod\u00e8le en question est une premi\u00e8re main dans un \u00e9tat neuf ! Elle est \u00e9quip\u00e9e des freins c\u00e9ramiques et la TVA est r\u00e9cup\u00e9rable ! Un service liquide de freins sera effectu\u00e9e pour la vente.<\/p>\n","protected":false},"excerpt":{"rendered":"<ul>\n<li>Frozen Dark Bleu II<\/li>\n<li>Pack ConnectedDrive Services<\/li>\n<li>Freins M Carbon C\u00e9ramique<\/li>\n<li>Cam\u00e9ra de recul<\/li>\n<li>Vitres teint\u00e9es \u00e0 l&rsquo;arri\u00e8re<\/li>\n<li>Affichage t\u00eate haute<\/li>\n<li>Volant M en Alcantara<\/li>\n<li>Indicateur de limitation de vitesse<\/li>\n<\/ul>\n","protected":false},"featured_media":16377,"comment_status":"open","ping_status":"closed","template":"","meta":[],"product_cat":[17],"product_tag":[],"class_list":["post-16232","product","type-product","status-publish","has-post-thumbnail","hentry","product_cat-bmw","entry","has-media"],"_links":{"self":[{"href":"https:\/\/newmoteuretsens.e-madgin.com\/index.php\/wp-json\/wp\/v2\/product\/16232","targetHints":{"allow":["GET"]}}],"collection":[{"href":"https:\/\/newmoteuretsens.e-madgin.com\/index.php\/wp-json\/wp\/v2\/product"}],"about":[{"href":"https:\/\/newmoteuretsens.e-madgin.com\/index.php\/wp-json\/wp\/v2\/types\/product"}],"replies":[{"embeddable":true,"href":"https:\/\/newmoteuretsens.e-madgin.com\/index.php\/wp-json\/wp\/v2\/comments?post=16232"}],"wp:featuredmedia":[{"embeddable":true,"href":"https:\/\/newmoteuretsens.e-madgin.com\/index.php\/wp-json\/wp\/v2\/media\/16377"}],"wp:attachment":[{"href":"https:\/\/newmoteuretsens.e-madgin.com\/index.php\/wp-json\/wp\/v2\/media?parent=16232"}],"wp:term":[{"taxonomy":"product_cat","embeddable":true,"href":"https:\/\/newmoteuretsens.e-madgin.com\/index.php\/wp-json\/wp\/v2\/product_cat?post=16232"},{"taxonomy":"product_tag","embeddable":true,"href":"https:\/\/newmoteuretsens.e-madgin.com\/index.php\/wp-json\/wp\/v2\/product_tag?post=16232"}],"curies":[{"name":"wp","href":"https:\/\/api.w.org\/{rel}","templated":true}]}}