{"id":15976,"date":"2022-01-04T12:46:13","date_gmt":"2022-01-04T11:46:13","guid":{"rendered":"https:\/\/newmoteuretsens.e-madgin.com\/?post_type=product&#038;p=15976"},"modified":"2022-01-12T16:05:36","modified_gmt":"2022-01-12T15:05:36","slug":"ferrari-458-italia-2","status":"publish","type":"product","link":"https:\/\/newmoteuretsens.e-madgin.com\/index.php\/produit\/ferrari-458-italia-2\/","title":{"rendered":"FERRARI 458 ITALIA"},"content":{"rendered":"<p>Pour mouvoir la b\u00eate, Ferrari a une fois de plus fait appel au l\u00e9gendaire V8, que l&rsquo;on retrouvait d\u00e9j\u00e0 \u00e0 l&rsquo;arri\u00e8re de la Ferrari F430. Ce V8, prim\u00e9 une multitude de fois, a \u00e9t\u00e9 retravaill\u00e9 pour l&rsquo;occasion. Plac\u00e9 en position centrale arri\u00e8re, il d\u00e9veloppe 570 ch, soit 127 ch\/l. Une fois n&rsquo;est pas coutume, Ferrari s&rsquo;est inspir\u00e9 du monde de la course automobile pour am\u00e9liorer son moteur. Avec 570 ch et 540 Nm envoy\u00e9s aux roues arri\u00e8re, la Ferrari 458 Italia est capable de passer de 0 \u00e0 100 km\/h en 3,4 secondes et de filer \u00e0 une vitesse maximale de 320 km\/h.<\/p>\n<p>L&rsquo;exemplaire que nous vous proposons aujourd&rsquo;hui est une premi\u00e8re main fran\u00e7aise d&rsquo;origine qui est en parfait \u00e9tat avec carnet et factures d&rsquo;entretien (L&rsquo;auto \u00e9tait sous contrat d&rsquo;entretiens 7 ans). L&rsquo;usure des freins c\u00e9ramiques est de 2% \u00e0 l&rsquo;avant et 3% \u00e0 l&rsquo;arri\u00e8re. La derni\u00e8re r\u00e9vision a \u00e9t\u00e9 faite en 07\/2021 \u00e0 59 800km et la voiture est vendue avec sa housse + maintiens de charge d&rsquo;origine.<\/p>\n","protected":false},"excerpt":{"rendered":"<ul>\n<li>Cam\u00e9ra de recul<\/li>\n<li>Radars de stationnement avant et arri\u00e8re<\/li>\n<li>Seuils de porte carbone<\/li>\n<li>Logo brod\u00e9s dans les appuies-t\u00eate<\/li>\n<li>Freins c\u00e9ramiques<\/li>\n<li>Carnet d&rsquo;entretien<\/li>\n<li>Pochette compl\u00e8te<\/li>\n<li>Factures d&rsquo;entretien<\/li>\n<li>Ecussons Scuderia sur ailes avant<\/li>\n<li>Int\u00e9rieur tout cuir<\/li>\n<li>Si\u00e8ges \u00e9lectriques<\/li>\n<li>Etriers de freins Jaune<\/li>\n<li>Ceintures de s\u00e9curit\u00e9 : Gun Metal<\/li>\n<li>Couleur sur demande partie sup. sell.\/vide-poches<\/li>\n<li>Couleur sur demande pour partie ant\u00e9rieure au tableau de bord<\/li>\n<li>Si\u00e8ges \u00e9lectriques<\/li>\n<li>Grilles des haut-parleurs couleur cuir int\u00e9rieur<\/li>\n<li>Connectique IPOD<\/li>\n<li>Ecussons Scud\u00e9ria<\/li>\n<li>R\u00e9troviseurs Int\/Ext \u00e9lectrochromiques<\/li>\n<li>Navigation avec Bluetooth<\/li>\n<li>Fonds de compte tours blanc<\/li>\n<li>Rev\u00eatement cuir pour Pavillon<\/li>\n<li>Rev\u00eatement cuir pour plage AR, paroi AR de l&rsquo;habitacle<\/li>\n<li>Couleur sur demande pour le volant<\/li>\n<li>Habillage carbone zone conducteur \/ volant + LEDS<\/li>\n<li>Console centrale en carbone<\/li>\n<li>Sellerie Daytona<\/li>\n<li>Capteurs de Parking AV\/AR<\/li>\n<li>Inserts Carbone sur le Tableau de Bord<\/li>\n<li>Cam\u00e9ra de recul<\/li>\n<li>Marche pied ext\u00e9rieur en carbone<\/li>\n<li>Jantes 20&Prime; Forg\u00e9es Diamants<\/li>\n<li>Rev\u00eatement cuir pour partie basse de l&rsquo;habitacle<\/li>\n<li>Habillage carbone pour parties hautes du tunnel<\/li>\n<li>R\u00e9gulateur de vitesse<\/li>\n<li>Echappement sport<\/li>\n<li>Grille arri\u00e8re type Challenge en carbone<\/li>\n<li>Cavallino brod\u00e9s Grigio Scuro<\/li>\n<\/ul>\n","protected":false},"featured_media":16071,"comment_status":"open","ping_status":"closed","template":"","meta":[],"product_cat":[15],"product_tag":[],"class_list":["post-15976","product","type-product","status-publish","has-post-thumbnail","hentry","product_cat-non-classe","entry","has-media"],"_links":{"self":[{"href":"https:\/\/newmoteuretsens.e-madgin.com\/index.php\/wp-json\/wp\/v2\/product\/15976","targetHints":{"allow":["GET"]}}],"collection":[{"href":"https:\/\/newmoteuretsens.e-madgin.com\/index.php\/wp-json\/wp\/v2\/product"}],"about":[{"href":"https:\/\/newmoteuretsens.e-madgin.com\/index.php\/wp-json\/wp\/v2\/types\/product"}],"replies":[{"embeddable":true,"href":"https:\/\/newmoteuretsens.e-madgin.com\/index.php\/wp-json\/wp\/v2\/comments?post=15976"}],"wp:featuredmedia":[{"embeddable":true,"href":"https:\/\/newmoteuretsens.e-madgin.com\/index.php\/wp-json\/wp\/v2\/media\/16071"}],"wp:attachment":[{"href":"https:\/\/newmoteuretsens.e-madgin.com\/index.php\/wp-json\/wp\/v2\/media?parent=15976"}],"wp:term":[{"taxonomy":"product_cat","embeddable":true,"href":"https:\/\/newmoteuretsens.e-madgin.com\/index.php\/wp-json\/wp\/v2\/product_cat?post=15976"},{"taxonomy":"product_tag","embeddable":true,"href":"https:\/\/newmoteuretsens.e-madgin.com\/index.php\/wp-json\/wp\/v2\/product_tag?post=15976"}],"curies":[{"name":"wp","href":"https:\/\/api.w.org\/{rel}","templated":true}]}}