{"id":15913,"date":"2022-01-03T15:59:22","date_gmt":"2022-01-03T14:59:22","guid":{"rendered":"https:\/\/newmoteuretsens.e-madgin.com\/?post_type=product&#038;p=15913"},"modified":"2022-01-10T12:09:49","modified_gmt":"2022-01-10T11:09:49","slug":"mercedes-gle-53-amg-coupe","status":"publish","type":"product","link":"https:\/\/newmoteuretsens.e-madgin.com\/index.php\/produit\/mercedes-gle-53-amg-coupe\/","title":{"rendered":"MERCEDES GLE 53 AMG COUPE"},"content":{"rendered":"<p>Pr\u00e9sent\u00e9 il y a sept ans par Mercedes pour r\u00e9pliquer au succ\u00e8s du BMW X6, le GLE Coup\u00e9 fait peau neuve et reviens avec cette nouvelle phase qui am\u00e9liore encore plus son confort, la tenue de route, la douceur de l&rsquo;ensemble moteur\/bo\u00eete, le tout avec une finition toujours aussi soign\u00e9e. Sur cette version coup\u00e9e, l&#8217;empattement est raccourci de 60 mm par rapport au GLE normal, sa longueur a \u00e9t\u00e9 \u00e0 l&rsquo;inverse augment\u00e9e de 15 mm, tandis que le toit a \u00e9t\u00e9 rabaiss\u00e9 \u00e0 1,73 m, contre 1,77 pour le GLE classique. C\u00f4t\u00e9 aspects pratiques, ce \u00ab Coup\u00e9 \u00bb n&rsquo;a rien \u00e0 se reprocher : le raccourcissement de l&#8217;empattement n&rsquo;est gu\u00e8re sensible aux places arri\u00e8re, qui restent spacieuses, y compris en mati\u00e8re de garde au toit.<\/p>\n<p>Sous le capot, pas de V8 mais un 6-cylindres en ligne suraliment\u00e9 de 3 litres d\u00e9veloppant 435ch coupl\u00e9 \u00e0 une bo\u00eete automatique \u00e0 9 rapports !<\/p>\n<p>Niveau ch\u00e2ssis, ce dernier d\u00e9ploie une technologie impressionnante : transmission int\u00e9grale, suspension pneumatique, amortissement pilot\u00e9 et m\u00eame syst\u00e8me antiroulis actif.<\/p>\n<p>Notre exemplaire est une premi\u00e8re main Fran\u00e7aise dans un \u00e9tat parfait !<\/p>\n","protected":false},"excerpt":{"rendered":"<ul>\n<li>Pack Carbone int\u00e9rieur<\/li>\n<li>R\u00e9gulateur de vitesse<\/li>\n<li>Tapis de sol<\/li>\n<li>Jantes peintes en noir<\/li>\n<li>Si\u00e8ges \u00e9lectriques m\u00e9moires<\/li>\n<li>Si\u00e8ges chauffant<\/li>\n<li>Int\u00e9rieur tout cuir<\/li>\n<li>Syst\u00e8me de navigation<\/li>\n<li>Cam\u00e9ra 360\u00b0<\/li>\n<li>Toit panoramique en verre<\/li>\n<li>Si\u00e8ges ventil\u00e9s<\/li>\n<li>Syst\u00e8me audio Burmester<\/li>\n<li>Affichage t\u00eate haute<\/li>\n<\/ul>\n","protected":false},"featured_media":15914,"comment_status":"open","ping_status":"closed","template":"","meta":[],"product_cat":[19],"product_tag":[],"class_list":["post-15913","product","type-product","status-publish","has-post-thumbnail","hentry","product_cat-mercedes","entry","has-media"],"_links":{"self":[{"href":"https:\/\/newmoteuretsens.e-madgin.com\/index.php\/wp-json\/wp\/v2\/product\/15913","targetHints":{"allow":["GET"]}}],"collection":[{"href":"https:\/\/newmoteuretsens.e-madgin.com\/index.php\/wp-json\/wp\/v2\/product"}],"about":[{"href":"https:\/\/newmoteuretsens.e-madgin.com\/index.php\/wp-json\/wp\/v2\/types\/product"}],"replies":[{"embeddable":true,"href":"https:\/\/newmoteuretsens.e-madgin.com\/index.php\/wp-json\/wp\/v2\/comments?post=15913"}],"wp:featuredmedia":[{"embeddable":true,"href":"https:\/\/newmoteuretsens.e-madgin.com\/index.php\/wp-json\/wp\/v2\/media\/15914"}],"wp:attachment":[{"href":"https:\/\/newmoteuretsens.e-madgin.com\/index.php\/wp-json\/wp\/v2\/media?parent=15913"}],"wp:term":[{"taxonomy":"product_cat","embeddable":true,"href":"https:\/\/newmoteuretsens.e-madgin.com\/index.php\/wp-json\/wp\/v2\/product_cat?post=15913"},{"taxonomy":"product_tag","embeddable":true,"href":"https:\/\/newmoteuretsens.e-madgin.com\/index.php\/wp-json\/wp\/v2\/product_tag?post=15913"}],"curies":[{"name":"wp","href":"https:\/\/api.w.org\/{rel}","templated":true}]}}