{"id":15856,"date":"2021-12-28T18:43:19","date_gmt":"2021-12-28T17:43:19","guid":{"rendered":"https:\/\/newmoteuretsens.e-madgin.com\/?post_type=product&#038;p=15856"},"modified":"2021-12-28T18:43:19","modified_gmt":"2021-12-28T17:43:19","slug":"porsche-991-gt3-rs-520ch-pack-weissach-2","status":"publish","type":"product","link":"https:\/\/newmoteuretsens.e-madgin.com\/index.php\/produit\/porsche-991-gt3-rs-520ch-pack-weissach-2\/","title":{"rendered":"PORSCHE 991 GT3 RS 520CH PACK WEISSACH"},"content":{"rendered":"<p>\u00ab\u00a0Voiture de sport \u00e0 moteur atmosph\u00e9rique et concept haut r\u00e9gime, ch\u00e2ssis con\u00e7u pour le circuit\u00a0\u00bb : tel sont les mots d&rsquo;Andreas Preuninger (chef de projet de la GT3 RS) pour d\u00e9crire cette machine \u00e0 chasser le chrono. Avec son ch\u00e2ssis d&rsquo;une efficacit\u00e9 stup\u00e9fiante, un moteur prenant des tours \u00e0 n&rsquo;en plus finir et sa sonorit\u00e9 atypique, la GT3 RS est d\u00e9finitivement la reine de sa cat\u00e9gorie.<\/p>\n<p>L&rsquo;exemplaire que nous sommes fiers de vous pr\u00e9senter dans cette sublime livr\u00e9e Vert L\u00e9zard est \u00e9quip\u00e9e du d\u00e9sirable pack Weissach. La voiture est fran\u00e7aise d&rsquo;origine et pr\u00e9sente un \u00e9tat neuf avec seulement 4300km \u00e0 son compteur. L&rsquo;auto est enti\u00e8rement recouverte d&rsquo;un film de protection transparent et la derni\u00e8re r\u00e9vision date du 05\/2021 \u00e0 2000km, une garantie Porsche Approved court jusqu&rsquo;en 02\/2023.<\/p>\n","protected":false},"excerpt":{"rendered":"<ul>\n<li>Syst\u00e8me de levage de l&rsquo;essieu avant<\/li>\n<li>Pack Weissach<\/li>\n<li>Lift System<\/li>\n<li>R\u00e9servoir 90litres<\/li>\n<li>Pack Clubsport<\/li>\n<li>Film de protection<\/li>\n<li>Habillage de la colonne de direction en cuir avec couture d\u00e9corative en couleur contrastante<\/li>\n<li>Si\u00e8ges baquets carbone type 918<\/li>\n<li>Seuils de porte en carbone illumin\u00e9s<\/li>\n<li>Jantes peintes en Noir (finition satin\u00e9e) avec entourage de la jante peint en Vert Lezard<\/li>\n<li>Parties sup\u00e9rieures des r\u00e9troviseurs ext\u00e9rieurs SportDesign en carbone<\/li>\n<li>Coutures contrastantes<\/li>\n<li>Couronne de volant avec marquage \u00ab \u00e0 midi \u00bb en Vert Lezard<\/li>\n<li>Phares \u00e0 DEL en Noir incluant le Porsche Dynamic Light System Plus (PDLS+)<\/li>\n<li>Fond du chronom\u00e8tre en Blanc<\/li>\n<\/ul>\n","protected":false},"featured_media":15857,"comment_status":"open","ping_status":"closed","template":"","meta":[],"product_cat":[21],"product_tag":[],"class_list":["post-15856","product","type-product","status-publish","has-post-thumbnail","hentry","product_cat-porsche","entry","has-media"],"_links":{"self":[{"href":"https:\/\/newmoteuretsens.e-madgin.com\/index.php\/wp-json\/wp\/v2\/product\/15856","targetHints":{"allow":["GET"]}}],"collection":[{"href":"https:\/\/newmoteuretsens.e-madgin.com\/index.php\/wp-json\/wp\/v2\/product"}],"about":[{"href":"https:\/\/newmoteuretsens.e-madgin.com\/index.php\/wp-json\/wp\/v2\/types\/product"}],"replies":[{"embeddable":true,"href":"https:\/\/newmoteuretsens.e-madgin.com\/index.php\/wp-json\/wp\/v2\/comments?post=15856"}],"wp:featuredmedia":[{"embeddable":true,"href":"https:\/\/newmoteuretsens.e-madgin.com\/index.php\/wp-json\/wp\/v2\/media\/15857"}],"wp:attachment":[{"href":"https:\/\/newmoteuretsens.e-madgin.com\/index.php\/wp-json\/wp\/v2\/media?parent=15856"}],"wp:term":[{"taxonomy":"product_cat","embeddable":true,"href":"https:\/\/newmoteuretsens.e-madgin.com\/index.php\/wp-json\/wp\/v2\/product_cat?post=15856"},{"taxonomy":"product_tag","embeddable":true,"href":"https:\/\/newmoteuretsens.e-madgin.com\/index.php\/wp-json\/wp\/v2\/product_tag?post=15856"}],"curies":[{"name":"wp","href":"https:\/\/api.w.org\/{rel}","templated":true}]}}