{"id":15443,"date":"2021-12-27T15:15:43","date_gmt":"2021-12-27T14:15:43","guid":{"rendered":"https:\/\/newmoteuretsens.e-madgin.com\/?post_type=product&#038;p=15443"},"modified":"2022-01-03T16:41:29","modified_gmt":"2022-01-03T15:41:29","slug":"lamborghini-huracan-spyder-lp610-4","status":"publish","type":"product","link":"https:\/\/newmoteuretsens.e-madgin.com\/index.php\/produit\/lamborghini-huracan-spyder-lp610-4\/","title":{"rendered":"LAMBORGHINI HURACAN SPYDER LP610-4"},"content":{"rendered":"<p>Avec l&rsquo;Huracan, on peut d\u00e9cemment dire que Lamborghini entre de plein pied dans l&rsquo;\u00e8re des berlinettes ultra moderne. Et de quelle mani\u00e8re ! V10 atmosph\u00e9rique \u00e0 injection directe, boite double embrayage, performance stratosph\u00e9rique, facilit\u00e9 d&rsquo;utilisation comme jamais dans l&rsquo;histoire de Lamborghini, finition int\u00e9rieure au millim\u00e8tre et fiabilit\u00e9. Sans oublier l&rsquo;essentiel, une ligne \u00e0 couper le souffle comme seule Lamborghini sait les faire et une sonorit\u00e9 dantesque. Tous les ingr\u00e9dients d&rsquo;un Best Seller.<\/p>\n<p>Cet exemplaire est pr\u00e9sent\u00e9 dans la version spyder, et quoi de mieux pour profiter des vocalises \u00e0 couper le souffle de ce moteur au caract\u00e8re rageur ? L&rsquo;exp\u00e9rience de conduite au volant de cette auto est inoubliable avec un rapport moteur \/ Transmission proche de la perfection ! Voiture toujours suivie chez Lamborghini o\u00f9 une r\u00e9vision y sera faite pour la vente.<\/p>\n","protected":false},"excerpt":{"rendered":"<div class=\"options\">\n<ul>\n<li>Syst\u00e8me de levage de l&rsquo;essieu avant<\/li>\n<li>Cam\u00e9ra de recul<\/li>\n<li>Jantes peintes en noir<\/li>\n<li>Etriers de freins rouge<\/li>\n<li>Carnet d&rsquo;entretien<\/li>\n<li>Facture d&rsquo;entretien<\/li>\n<li>Si\u00e8ges baquets carbone<\/li>\n<li>Encadrement du pare-brise en noir<\/li>\n<li>Branding Package<\/li>\n<\/ul>\n<\/div>\n<div class=\"config\"><\/div>\n","protected":false},"featured_media":15444,"comment_status":"open","ping_status":"closed","template":"","meta":[],"product_cat":[29],"product_tag":[],"class_list":["post-15443","product","type-product","status-publish","has-post-thumbnail","hentry","product_cat-lamborghini","entry","has-media"],"_links":{"self":[{"href":"https:\/\/newmoteuretsens.e-madgin.com\/index.php\/wp-json\/wp\/v2\/product\/15443","targetHints":{"allow":["GET"]}}],"collection":[{"href":"https:\/\/newmoteuretsens.e-madgin.com\/index.php\/wp-json\/wp\/v2\/product"}],"about":[{"href":"https:\/\/newmoteuretsens.e-madgin.com\/index.php\/wp-json\/wp\/v2\/types\/product"}],"replies":[{"embeddable":true,"href":"https:\/\/newmoteuretsens.e-madgin.com\/index.php\/wp-json\/wp\/v2\/comments?post=15443"}],"wp:featuredmedia":[{"embeddable":true,"href":"https:\/\/newmoteuretsens.e-madgin.com\/index.php\/wp-json\/wp\/v2\/media\/15444"}],"wp:attachment":[{"href":"https:\/\/newmoteuretsens.e-madgin.com\/index.php\/wp-json\/wp\/v2\/media?parent=15443"}],"wp:term":[{"taxonomy":"product_cat","embeddable":true,"href":"https:\/\/newmoteuretsens.e-madgin.com\/index.php\/wp-json\/wp\/v2\/product_cat?post=15443"},{"taxonomy":"product_tag","embeddable":true,"href":"https:\/\/newmoteuretsens.e-madgin.com\/index.php\/wp-json\/wp\/v2\/product_tag?post=15443"}],"curies":[{"name":"wp","href":"https:\/\/api.w.org\/{rel}","templated":true}]}}