{"id":15407,"date":"2021-12-27T12:04:54","date_gmt":"2021-12-27T11:04:54","guid":{"rendered":"https:\/\/newmoteuretsens.e-madgin.com\/?post_type=product&#038;p=15407"},"modified":"2021-12-27T12:04:54","modified_gmt":"2021-12-27T11:04:54","slug":"porsche-panamera-4-e-hybrid","status":"publish","type":"product","link":"https:\/\/newmoteuretsens.e-madgin.com\/index.php\/produit\/porsche-panamera-4-e-hybrid\/","title":{"rendered":"PORSCHE PANAMERA 4 E-HYBRID"},"content":{"rendered":"<p>Cette Panamera Hybrid est capable de vous offrir les superbes vocalises du moteur V6 tout comme le calme absolu de l&rsquo;\u00e9lectrique. Le compromis performance \/ vertu \/ Confort est imbattable et Porsche nous offre avec ce mod\u00e8le l&rsquo;un des hybrides les plus aboutis du moment.<\/p>\n<p>Notre exemplaire est fran\u00e7ais d&rsquo;origine et a \u00e9t\u00e9 r\u00e9cemment r\u00e9vis\u00e9 chez Porsche (06\/2021 \u00e0 51 400km)<\/p>\n","protected":false},"excerpt":{"rendered":"<ul>\n<li>Pack Carbone int\u00e9rieur<\/li>\n<li>Jantes 911 Turbo Design 21 pouces<\/li>\n<li>Volant multifonction \u00e0 3 branches en Carbone, incluant fonction chauffage et palettes<\/li>\n<li>Roues arri\u00e8res directrices incluant Servotronic Plus<\/li>\n<li>R\u00e9troviseurs ext\u00e9rieurs avec fonction anti-\u00e9blouissement automatique (association avec pack m\u00e9moire)<\/li>\n<li>Syst\u00e8me d&rsquo;\u00e9chappement sport<\/li>\n<li>Si\u00e8ges sport adaptatifs 18 positions<\/li>\n<li>Phares matriciels \u00e0 LED avec Porsche Dynamic Light System Plus (PDLS+)<\/li>\n<li>Acc\u00e8s confort<\/li>\n<li>Si\u00e8ges AV chauffants\/ventil\u00e9s<\/li>\n<li>Assistance parking avant et arri\u00e8re avec cam\u00e9ra de recul et vue 360\u00b0<\/li>\n<li>Toit ouvrant panoramique<\/li>\n<li>Vitrage arri\u00e8re fum\u00e9<\/li>\n<li>Fermeture assist\u00e9e des porti\u00e8res &#8211; Soft Close<\/li>\n<li>R\u00e9gulateur de vitesse adaptatif avec assistance embouteillage<\/li>\n<li>Enjoliveurs de roue avec \u00e9cusson Porsche en couleur<\/li>\n<li>Pack Rangement<\/li>\n<li>Tapis de sol<\/li>\n<li>Couvercle pour porte-gobelets<\/li>\n<\/ul>\n","protected":false},"featured_media":15408,"comment_status":"open","ping_status":"closed","template":"","meta":[],"product_cat":[21],"product_tag":[],"class_list":["post-15407","product","type-product","status-publish","has-post-thumbnail","hentry","product_cat-porsche","entry","has-media"],"_links":{"self":[{"href":"https:\/\/newmoteuretsens.e-madgin.com\/index.php\/wp-json\/wp\/v2\/product\/15407","targetHints":{"allow":["GET"]}}],"collection":[{"href":"https:\/\/newmoteuretsens.e-madgin.com\/index.php\/wp-json\/wp\/v2\/product"}],"about":[{"href":"https:\/\/newmoteuretsens.e-madgin.com\/index.php\/wp-json\/wp\/v2\/types\/product"}],"replies":[{"embeddable":true,"href":"https:\/\/newmoteuretsens.e-madgin.com\/index.php\/wp-json\/wp\/v2\/comments?post=15407"}],"wp:featuredmedia":[{"embeddable":true,"href":"https:\/\/newmoteuretsens.e-madgin.com\/index.php\/wp-json\/wp\/v2\/media\/15408"}],"wp:attachment":[{"href":"https:\/\/newmoteuretsens.e-madgin.com\/index.php\/wp-json\/wp\/v2\/media?parent=15407"}],"wp:term":[{"taxonomy":"product_cat","embeddable":true,"href":"https:\/\/newmoteuretsens.e-madgin.com\/index.php\/wp-json\/wp\/v2\/product_cat?post=15407"},{"taxonomy":"product_tag","embeddable":true,"href":"https:\/\/newmoteuretsens.e-madgin.com\/index.php\/wp-json\/wp\/v2\/product_tag?post=15407"}],"curies":[{"name":"wp","href":"https:\/\/api.w.org\/{rel}","templated":true}]}}