{"id":14895,"date":"2021-12-17T18:57:23","date_gmt":"2021-12-17T17:57:23","guid":{"rendered":"https:\/\/newmoteuretsens.e-madgin.com\/?post_type=product&#038;p=14895"},"modified":"2021-12-17T18:57:23","modified_gmt":"2021-12-17T17:57:23","slug":"porsche-911-type-997-carrera-s-355ch","status":"publish","type":"product","link":"https:\/\/newmoteuretsens.e-madgin.com\/index.php\/produit\/porsche-911-type-997-carrera-s-355ch\/","title":{"rendered":"PORSCHE 911 TYPE 997 CARRERA S 355CH"},"content":{"rendered":"<p>La Porsche 911, qu&rsquo;on ne pr\u00e9sente plus, s&rsquo;est au fil des g\u00e9n\u00e9rations d\u00e9velopp\u00e9e en tous points. La g\u00e9n\u00e9ration 997 a \u00e9t\u00e9 une sorte de renouveau dans cette grande lign\u00e9e avec le retour des phares ronds. Cette g\u00e9n\u00e9ration de 911 est l&rsquo;une des plus enviable et des plus polyvalentes.<\/p>\n<p>Notre mod\u00e8le est une Carrera S boite tiptronic, dans une configuration qui est un grand classique Porsche Gris int\u00e9rieur noir . L&rsquo;historique de l&rsquo;auto complet avec un carnet d&rsquo;entretiens suivi. Voiture Fran\u00e7aise d&rsquo;origine toujours et uniquement entretenue en centre Porsche (derni\u00e8re r\u00e9vision 09\/2020 \u00e0 113000km). De nombreux frais ont \u00e9t\u00e9 r\u00e9alis\u00e9s lors des 15 000 derniers KM : Amortisseurs pilot\u00e9s, d\u00e9marreur, pneus, roulement diff\u00e9rentiel ..) Un jeu de jantes Sport Design II peut remplacer ces jantes Lobster ajout\u00e9es en seconde monte)<\/p>\n","protected":false},"excerpt":{"rendered":"<ul>\n<li>R\u00e9gulateur de vitesse<\/li>\n<li>Tapis de sol<\/li>\n<li>Carnet d&rsquo;entretien<\/li>\n<li>Pochette compl\u00e8te<\/li>\n<li>Factures d&rsquo;entretien<\/li>\n<li>Int\u00e9rieur tout cuir<\/li>\n<li>Syst\u00e8me son Bose<\/li>\n<li>Toit ouvrant<\/li>\n<li>Kit Dension Gateway 500 (Prise Ipod + Jack)*<\/li>\n<li>Etriers de freins Rouge<\/li>\n<\/ul>\n","protected":false},"featured_media":14896,"comment_status":"open","ping_status":"closed","template":"","meta":[],"product_cat":[21],"product_tag":[],"class_list":["post-14895","product","type-product","status-publish","has-post-thumbnail","hentry","product_cat-porsche","entry","has-media"],"_links":{"self":[{"href":"https:\/\/newmoteuretsens.e-madgin.com\/index.php\/wp-json\/wp\/v2\/product\/14895","targetHints":{"allow":["GET"]}}],"collection":[{"href":"https:\/\/newmoteuretsens.e-madgin.com\/index.php\/wp-json\/wp\/v2\/product"}],"about":[{"href":"https:\/\/newmoteuretsens.e-madgin.com\/index.php\/wp-json\/wp\/v2\/types\/product"}],"replies":[{"embeddable":true,"href":"https:\/\/newmoteuretsens.e-madgin.com\/index.php\/wp-json\/wp\/v2\/comments?post=14895"}],"wp:featuredmedia":[{"embeddable":true,"href":"https:\/\/newmoteuretsens.e-madgin.com\/index.php\/wp-json\/wp\/v2\/media\/14896"}],"wp:attachment":[{"href":"https:\/\/newmoteuretsens.e-madgin.com\/index.php\/wp-json\/wp\/v2\/media?parent=14895"}],"wp:term":[{"taxonomy":"product_cat","embeddable":true,"href":"https:\/\/newmoteuretsens.e-madgin.com\/index.php\/wp-json\/wp\/v2\/product_cat?post=14895"},{"taxonomy":"product_tag","embeddable":true,"href":"https:\/\/newmoteuretsens.e-madgin.com\/index.php\/wp-json\/wp\/v2\/product_tag?post=14895"}],"curies":[{"name":"wp","href":"https:\/\/api.w.org\/{rel}","templated":true}]}}