{"id":14780,"date":"2021-11-13T17:23:20","date_gmt":"2021-11-13T16:23:20","guid":{"rendered":"https:\/\/newmoteuretsens.e-madgin.com\/?post_type=product&#038;p=14780"},"modified":"2021-12-13T17:31:46","modified_gmt":"2021-12-13T16:31:46","slug":"aston-martin-v12-vantage-s-573ch-sportshift-iii","status":"publish","type":"product","link":"https:\/\/newmoteuretsens.e-madgin.com\/index.php\/produit\/aston-martin-v12-vantage-s-573ch-sportshift-iii\/","title":{"rendered":"ASTON MARTIN &#8211; V12 Vantage S 573ch Sportshift III"},"content":{"rendered":"<p>L&rsquo;Aston Martin V12 Vantage S se diff\u00e9rencie de la V12 Vantage dont elle d\u00e9rive par quelques retouches sur sa ligne intemporelle. Face avant, toit, malle arri\u00e8re, interface qui la rendent un peu plus rac\u00e9e. Il est d&rsquo;ailleurs incroyable de constater combien son dessin vieillit bien. C&rsquo;est d&rsquo;ailleurs \u00e0 leur facilit\u00e9 \u00e0 traverser les ann\u00e9es qu&rsquo;on reconnait les \u0153uvres d&rsquo;art. Le moteur log\u00e9 sous le long capot ajour\u00e9 en carbone n&rsquo;a rien a envier \u00e0 la carrosserie tant lui aussi m\u00e9rite des \u00e9loges. Rond, plein comme un \u0153uf, envoutant, aboyant ou chantant comme une sir\u00e8ne, il propose 573 chevaux issu de son V12 atmosph\u00e9\u00e9rique ! Du grand art, aujourd&rsquo;hui r\u00e9volu. Ce qui compte finalement ce sont les sensations lorsque l&rsquo;on est a bord de tels engins, et la V12 S en fournit \u00e0 la pelle, m\u00eame \u00e0 faible allure. Dans un cocon de cuir encore fait main chez Aston Martin. Notre exemplaire est pr\u00e9sent\u00e9e dans la superbe et rare livr\u00e9e China Grey.<\/p>\n","protected":false},"excerpt":{"rendered":"<ul>\n<li>Bluetooth<\/li>\n<li>Radars de stationnement avant et arri\u00e8re<\/li>\n<li>Jantes peintes en noir<\/li>\n<li>Si\u00e8ges \u00e9lectriques m\u00e9moires<\/li>\n<li>Volant alcantara<\/li>\n<li>Int\u00e9rieur Piano black<\/li>\n<li>Surpiq\u00fbres contrastantes blanches<\/li>\n<li>Ciel de pavillon en Alcantara<\/li>\n<li>Pare soleil alcantara<\/li>\n<\/ul>\n","protected":false},"featured_media":14781,"comment_status":"open","ping_status":"closed","template":"","meta":[],"product_cat":[25],"product_tag":[],"class_list":["post-14780","product","type-product","status-publish","has-post-thumbnail","hentry","product_cat-aston-martin","entry","has-media"],"_links":{"self":[{"href":"https:\/\/newmoteuretsens.e-madgin.com\/index.php\/wp-json\/wp\/v2\/product\/14780","targetHints":{"allow":["GET"]}}],"collection":[{"href":"https:\/\/newmoteuretsens.e-madgin.com\/index.php\/wp-json\/wp\/v2\/product"}],"about":[{"href":"https:\/\/newmoteuretsens.e-madgin.com\/index.php\/wp-json\/wp\/v2\/types\/product"}],"replies":[{"embeddable":true,"href":"https:\/\/newmoteuretsens.e-madgin.com\/index.php\/wp-json\/wp\/v2\/comments?post=14780"}],"wp:featuredmedia":[{"embeddable":true,"href":"https:\/\/newmoteuretsens.e-madgin.com\/index.php\/wp-json\/wp\/v2\/media\/14781"}],"wp:attachment":[{"href":"https:\/\/newmoteuretsens.e-madgin.com\/index.php\/wp-json\/wp\/v2\/media?parent=14780"}],"wp:term":[{"taxonomy":"product_cat","embeddable":true,"href":"https:\/\/newmoteuretsens.e-madgin.com\/index.php\/wp-json\/wp\/v2\/product_cat?post=14780"},{"taxonomy":"product_tag","embeddable":true,"href":"https:\/\/newmoteuretsens.e-madgin.com\/index.php\/wp-json\/wp\/v2\/product_tag?post=14780"}],"curies":[{"name":"wp","href":"https:\/\/api.w.org\/{rel}","templated":true}]}}