{"id":14728,"date":"2021-10-13T17:10:52","date_gmt":"2021-10-13T15:10:52","guid":{"rendered":"https:\/\/newmoteuretsens.e-madgin.com\/?post_type=product&#038;p=14728"},"modified":"2022-02-11T18:54:44","modified_gmt":"2022-02-11T17:54:44","slug":"aston-martin-dbx-4-0-biturbo-v8","status":"publish","type":"product","link":"https:\/\/newmoteuretsens.e-madgin.com\/index.php\/produit\/aston-martin-dbx-4-0-biturbo-v8\/","title":{"rendered":"ASTON MARTIN &#8211; DBX 4.0 BITURBO V8"},"content":{"rendered":"<p>Partis d&rsquo;une feuille blanche, les d\u00e9veloppeurs auront donc mis 4 ans pour mettre au point le DBX. Leur objectif \u00e9tait simple : offrir la polyvalence et le confort d\u2019un SUV avec les performances et un dynamisme d\u2019une voiture de sport. Et c&rsquo;est chose faite ! Associ\u00e9 \u00e0 une boite automatique 9 rapports, le moteur de 550 chevaux est capable de faire 0 \u00e0 100 km\/h en seulement 4,5 secondes et atteint sa vitesse maximale \u00e0 291 km\/h. Performant mais aussi polyvalent puisque gr\u00e2ce notamment \u00e0 sa suspension pneumatique, Si vous pr\u00e9f\u00e9rez augmenter le rythme, le DBX saura r\u00e9pondre \u00e0 vos envies puisqu\u2019il profite bien entendu d\u2019un ch\u00e2ssis de sportive avec notamment : un ch\u00e2ssis en aluminium, des barres antiroulis actives, un diff\u00e9rentiel autobloquant \u00e9lectronique \u00e0 l&rsquo;arri\u00e8re\u2026 Le DBX parvient parfaitement \u00e0 concilier confort et sportivit\u00e9. Une fois \u00e0 l&rsquo;int\u00e9rieur, le DBX est un v\u00e9ritable \u00e9crin luxueux. L\u2019habitacle fabriqu\u00e9 \u00e0 la main, est con\u00e7u pour privil\u00e9gier l\u2019espace. Les cuirs pleine fleur, les placages en bois, en composite ou en m\u00e9taux raffin\u00e9s permettent d\u2019adapter l\u2019habitacle \u00e0 tous les go\u00fbts. Sans oublier des technologies de s\u00e9curit\u00e9 comme le r\u00e9gulateur adaptatif, le freinage automatique d&rsquo;urgence, le maintien dans la voie, le d\u00e9tecteur d&rsquo;angles morts, la cam\u00e9ra 360 degr\u00e9s, un ESC sp\u00e9cifique et des modes de conduite Terrain, le DBX peut s&rsquo;aventurer hors des sentiers battus. Notre mod\u00e8le dot\u00e9 d&rsquo;une incroyable peinture X\u00e9non Grey avec un int\u00e9rieur Dark Knight Leather, est en parfait \u00e9tat. Bref, l&rsquo;\u00e9l\u00e9gance anglaise \u00e0 l&rsquo;\u00e9tat pur !<\/p>\n","protected":false},"excerpt":{"rendered":"<ul>\n<li>Cam\u00e9ra 360\u00b0<\/li>\n<li>aide stationnement<\/li>\n<li>Broderie d&rsquo;appui-t\u00eate Aston Martin<\/li>\n<li>Si\u00e8ges Sport<\/li>\n<li>Volant sport chauffant<\/li>\n<li>Palettes au volant<\/li>\n<li>Feux arri\u00e8res fum\u00e9s<\/li>\n<li>Pav\u00e9 Tactile<\/li>\n<li>Kit de r\u00e9paration des pneus<\/li>\n<li>Audio Premiun Aston Martin<\/li>\n<li>Pack joaillerie compartiment moteur &#8211; Standard<\/li>\n<li>Si\u00e8ges AV \u00e0 r\u00e9glage \u00e9lectrique a 16 directions avec fonction de m\u00e9morisation<\/li>\n<li>Pack &#8211; Commodit\u00e9s entr\u00e9e sans cl\u00e9s<\/li>\n<li>Pack joaillerie d&rsquo;habitacle &#8211; Satin Chrome<\/li>\n<li>Hayon motoris\u00e9 &#8211; Commande gestuelle<\/li>\n<li>Si\u00e8ges ventil\u00e9s AV et AR<\/li>\n<li>Si\u00e8ges matelass\u00e9s<\/li>\n<li>Etriers de freins &#8211; Q &#8211; Peints en bleu Vivid<\/li>\n<li>Pack joaillerie d&rsquo;habitacle &#8211; Satin Dark Chrome<\/li>\n<\/ul>\n","protected":false},"featured_media":14729,"comment_status":"open","ping_status":"closed","template":"","meta":[],"product_cat":[25],"product_tag":[],"class_list":["post-14728","product","type-product","status-publish","has-post-thumbnail","hentry","product_cat-aston-martin","entry","has-media"],"_links":{"self":[{"href":"https:\/\/newmoteuretsens.e-madgin.com\/index.php\/wp-json\/wp\/v2\/product\/14728","targetHints":{"allow":["GET"]}}],"collection":[{"href":"https:\/\/newmoteuretsens.e-madgin.com\/index.php\/wp-json\/wp\/v2\/product"}],"about":[{"href":"https:\/\/newmoteuretsens.e-madgin.com\/index.php\/wp-json\/wp\/v2\/types\/product"}],"replies":[{"embeddable":true,"href":"https:\/\/newmoteuretsens.e-madgin.com\/index.php\/wp-json\/wp\/v2\/comments?post=14728"}],"wp:featuredmedia":[{"embeddable":true,"href":"https:\/\/newmoteuretsens.e-madgin.com\/index.php\/wp-json\/wp\/v2\/media\/14729"}],"wp:attachment":[{"href":"https:\/\/newmoteuretsens.e-madgin.com\/index.php\/wp-json\/wp\/v2\/media?parent=14728"}],"wp:term":[{"taxonomy":"product_cat","embeddable":true,"href":"https:\/\/newmoteuretsens.e-madgin.com\/index.php\/wp-json\/wp\/v2\/product_cat?post=14728"},{"taxonomy":"product_tag","embeddable":true,"href":"https:\/\/newmoteuretsens.e-madgin.com\/index.php\/wp-json\/wp\/v2\/product_tag?post=14728"}],"curies":[{"name":"wp","href":"https:\/\/api.w.org\/{rel}","templated":true}]}}