{"id":14546,"date":"2021-12-13T12:59:57","date_gmt":"2021-12-13T11:59:57","guid":{"rendered":"https:\/\/newmoteuretsens.e-madgin.com\/?post_type=product&#038;p=14546"},"modified":"2021-12-20T16:14:54","modified_gmt":"2021-12-20T15:14:54","slug":"audi-r8-v10-plus-610ch","status":"publish","type":"product","link":"https:\/\/newmoteuretsens.e-madgin.com\/index.php\/produit\/audi-r8-v10-plus-610ch\/","title":{"rendered":"AUDI &#8211; R8 V10 PLUS 610CH"},"content":{"rendered":"<p>L&rsquo;audi R8 V10 + est une arme d&rsquo;efficacit\u00e9 et de polyvalence gr\u00e2ce \u00e0 sa transmission int\u00e9grale Quattro et son moteur FSI pouss\u00e9 \u00e0 610ch soit 60 de plus que la version classique. Cette version re\u00e7oit une dotation impressionnante de carbone: des r\u00e9troviseurs jusqu&rsquo;au diffuseur arri\u00e8re en passant par les slides blades, l&rsquo;aileron fixe arri\u00e8re, le capot moteur, la lame avant et m\u00eame les seuils de porte. Grace \u00e0 tous ces \u00e9l\u00e9ments, l&rsquo;auto gagne en poids et en rigidit\u00e9 et \u00e7a se ressent en terme de comportement dynamique o\u00f9 l&rsquo;on retrouve un temp\u00e9rament plut\u00f4t survireur. Dans une \u00e9poque o\u00f9 les constructeurs succombent au downsizing, quel bonheur de pouvoir toujours entendre un moteur atmosph\u00e9rique exprimer pleinement son caract\u00e8re. Notre exemplaire est pr\u00e9sent\u00e9 dans une configuration extr\u00eamement rare mettant en exergue l&rsquo;aspect de supercar qu&rsquo;est cette auto. La voiture est en parfait \u00e9tat, toujours suivi chez Audi (Une r\u00e9vision sera faite pour la vente) et les 4 pneus sont neufs !<\/p>\n","protected":false},"excerpt":{"rendered":"<ul>\n<li>Bluetooth<\/li>\n<li>KeyLess GO<\/li>\n<li>Bang &amp; Olufsen<\/li>\n<li>Ciel de toit alcantara<\/li>\n<li>Pack Carbone int\u00e9rieur<\/li>\n<li>Pack Carbone ext\u00e9rieur<\/li>\n<li>R\u00e9gulateur de vitesse<\/li>\n<li>Cam\u00e9ra de recul<\/li>\n<li>Radars de stationnement avant et arri\u00e8re<\/li>\n<li>Freins c\u00e9ramiques<\/li>\n<li>Pochette compl\u00e8te<\/li>\n<li>Si\u00e8ges chauffants<\/li>\n<li>Si\u00e8ges \u00e9lectriques<\/li>\n<li>\u00c9chappement sport<\/li>\n<li>R\u00e9troviseurs rabattables \u00e9lectriquement<\/li>\n<li>Sideblades carbone<\/li>\n<li>R\u00e9troviseurs carbone<\/li>\n<\/ul>\n","protected":false},"featured_media":14547,"comment_status":"open","ping_status":"closed","template":"","meta":[],"product_cat":[20],"product_tag":[],"class_list":["post-14546","product","type-product","status-publish","has-post-thumbnail","hentry","product_cat-audi","entry","has-media"],"_links":{"self":[{"href":"https:\/\/newmoteuretsens.e-madgin.com\/index.php\/wp-json\/wp\/v2\/product\/14546","targetHints":{"allow":["GET"]}}],"collection":[{"href":"https:\/\/newmoteuretsens.e-madgin.com\/index.php\/wp-json\/wp\/v2\/product"}],"about":[{"href":"https:\/\/newmoteuretsens.e-madgin.com\/index.php\/wp-json\/wp\/v2\/types\/product"}],"replies":[{"embeddable":true,"href":"https:\/\/newmoteuretsens.e-madgin.com\/index.php\/wp-json\/wp\/v2\/comments?post=14546"}],"wp:featuredmedia":[{"embeddable":true,"href":"https:\/\/newmoteuretsens.e-madgin.com\/index.php\/wp-json\/wp\/v2\/media\/14547"}],"wp:attachment":[{"href":"https:\/\/newmoteuretsens.e-madgin.com\/index.php\/wp-json\/wp\/v2\/media?parent=14546"}],"wp:term":[{"taxonomy":"product_cat","embeddable":true,"href":"https:\/\/newmoteuretsens.e-madgin.com\/index.php\/wp-json\/wp\/v2\/product_cat?post=14546"},{"taxonomy":"product_tag","embeddable":true,"href":"https:\/\/newmoteuretsens.e-madgin.com\/index.php\/wp-json\/wp\/v2\/product_tag?post=14546"}],"curies":[{"name":"wp","href":"https:\/\/api.w.org\/{rel}","templated":true}]}}